{"id":754,"date":"2024-11-06T08:31:55","date_gmt":"2024-11-06T07:31:55","guid":{"rendered":"https:\/\/peix-xc.whads.com\/producte\/merluza-de-palangre\/"},"modified":"2025-12-11T18:06:04","modified_gmt":"2025-12-11T17:06:04","slug":"merluza-de-palangre","status":"publish","type":"product","link":"https:\/\/peix-xc.whads.com\/es\/producte\/merluza-de-palangre\/","title":{"rendered":"Merluza de palangre"},"content":{"rendered":"<p>La merluza es una de las variedades de pescado blanco m\u00e1s aceptadas, debido sobre todo a su suave sabor ya que admite una gran variedad de preparaciones culinarias. Puede servirse de muchas maneras, hervida, rebozada, a la plancha, al horno o guisada. <\/p>\n<p>Podemos encontrar varias especies de merluzas. Por la forma de captura, lo m\u00e1s preciado es la merluza de palangre, que se pesca cerca del litoral, aproximadamente a unos 30 km de nuestras costas. Se llama \u201cde palangre\u201d por el tipo de pesca con el que se captura, ya que se hace mediante el arte conocido como palangre, que consiste en una l\u00ednea o sedal con cientos de anzuelos donde las merluzas pican y se enganchan. Las merluzas, cuando son pescados con esta t\u00e9cnica, no sufren tantos golpes y as\u00ed su carne es m\u00e1s firme.   <\/p>\n","protected":false},"excerpt":{"rendered":"<p>La merluza es una de las variedades de pescado blanco m\u00e1s aceptadas, debido sobre todo a su suave sabor ya que admite una gran variedad de preparaciones culinarias. Puede servirse de muchas maneras, hervida, rebozada, a la plancha, al horno o guisada. Podemos encontrar varias especies de merluzas. Por la forma de captura, lo m\u00e1s [&hellip;]<\/p>\n","protected":false},"featured_media":535,"template":"","meta":{"_acf_changed":false},"product_brand":[],"product_cat":[92,97],"product_tag":[],"class_list":{"0":"post-754","1":"product","2":"type-product","3":"status-publish","4":"has-post-thumbnail","6":"product_cat-pescado","7":"product_cat-merluza","9":"first","10":"instock","11":"taxable","12":"shipping-taxable","13":"purchasable","14":"product-type-variable"},"acf":[],"yoast_head":"<!-- This site is optimized with the Yoast SEO plugin v26.8 - https:\/\/yoast.com\/product\/yoast-seo-wordpress\/ -->\n<title>Merluza de palangre | Peix.cat - Peixateria online Boqueria<\/title>\n<meta name=\"description\" content=\"Compra merluza de palangre online del Mercado de la Boqueria de Barcelona. Te lo llevamos gratis y envasado al vac\u00edo en 24 o 48 horas.\" \/>\n<meta name=\"robots\" content=\"index, follow, max-snippet:-1, max-image-preview:large, max-video-preview:-1\" \/>\n<link rel=\"canonical\" href=\"https:\/\/peix-xc.whads.com\/es\/producte\/merluza-de-palangre\/\" \/>\n<meta property=\"og:locale\" content=\"es_ES\" \/>\n<meta property=\"og:type\" content=\"article\" \/>\n<meta property=\"og:title\" content=\"Merluza de palangre | Peix.cat - Peixateria online Boqueria\" \/>\n<meta property=\"og:description\" content=\"Compra merluza de palangre online del Mercado de la Boqueria de Barcelona. Te lo llevamos gratis y envasado al vac\u00edo en 24 o 48 horas.\" \/>\n<meta property=\"og:url\" content=\"https:\/\/peix-xc.whads.com\/es\/producte\/merluza-de-palangre\/\" \/>\n<meta property=\"og:site_name\" content=\"Peix.cat\" \/>\n<meta property=\"article:modified_time\" content=\"2025-12-11T17:06:04+00:00\" \/>\n<meta property=\"og:image\" content=\"https:\/\/peix-xc.whads.com\/wp-content\/uploads\/2024\/11\/IMG_5736.jpg\" \/>\n\t<meta property=\"og:image:width\" content=\"750\" \/>\n\t<meta property=\"og:image:height\" content=\"533\" \/>\n\t<meta property=\"og:image:type\" content=\"image\/jpeg\" \/>\n<meta name=\"twitter:card\" content=\"summary_large_image\" \/>\n<meta name=\"twitter:label1\" content=\"Tiempo de lectura\" \/>\n\t<meta name=\"twitter:data1\" content=\"1 minuto\" \/>\n<script type=\"application\/ld+json\" class=\"yoast-schema-graph\">{\"@context\":\"https:\/\/schema.org\",\"@graph\":[{\"@type\":\"WebPage\",\"@id\":\"https:\/\/peix-xc.whads.com\/es\/producte\/merluza-de-palangre\/\",\"url\":\"https:\/\/peix-xc.whads.com\/es\/producte\/merluza-de-palangre\/\",\"name\":\"Merluza de palangre | Peix.cat - Peixateria online Boqueria\",\"isPartOf\":{\"@id\":\"https:\/\/peix-xc.whads.com\/es\/#website\"},\"primaryImageOfPage\":{\"@id\":\"https:\/\/peix-xc.whads.com\/es\/producte\/merluza-de-palangre\/#primaryimage\"},\"image\":{\"@id\":\"https:\/\/peix-xc.whads.com\/es\/producte\/merluza-de-palangre\/#primaryimage\"},\"thumbnailUrl\":\"https:\/\/peix-xc.whads.com\/wp-content\/uploads\/2024\/11\/IMG_5736.jpg\",\"datePublished\":\"2024-11-06T07:31:55+00:00\",\"dateModified\":\"2025-12-11T17:06:04+00:00\",\"description\":\"Compra merluza de palangre online del Mercado de la Boqueria de Barcelona. Te lo llevamos gratis y envasado al vac\u00edo en 24 o 48 horas.\",\"breadcrumb\":{\"@id\":\"https:\/\/peix-xc.whads.com\/es\/producte\/merluza-de-palangre\/#breadcrumb\"},\"inLanguage\":\"es\",\"potentialAction\":[{\"@type\":\"ReadAction\",\"target\":[\"https:\/\/peix-xc.whads.com\/es\/producte\/merluza-de-palangre\/\"]}]},{\"@type\":\"ImageObject\",\"inLanguage\":\"es\",\"@id\":\"https:\/\/peix-xc.whads.com\/es\/producte\/merluza-de-palangre\/#primaryimage\",\"url\":\"https:\/\/peix-xc.whads.com\/wp-content\/uploads\/2024\/11\/IMG_5736.jpg\",\"contentUrl\":\"https:\/\/peix-xc.whads.com\/wp-content\/uploads\/2024\/11\/IMG_5736.jpg\",\"width\":750,\"height\":533,\"caption\":\"Screenshot\"},{\"@type\":\"BreadcrumbList\",\"@id\":\"https:\/\/peix-xc.whads.com\/es\/producte\/merluza-de-palangre\/#breadcrumb\",\"itemListElement\":[{\"@type\":\"ListItem\",\"position\":1,\"name\":\"Home\",\"item\":\"https:\/\/peix-xc.whads.com\/es\/\"},{\"@type\":\"ListItem\",\"position\":2,\"name\":\"Productos\",\"item\":\"https:\/\/peix-xc.whads.com\/es\/productos\/\"},{\"@type\":\"ListItem\",\"position\":3,\"name\":\"Merluza de palangre\"}]},{\"@type\":\"WebSite\",\"@id\":\"https:\/\/peix-xc.whads.com\/es\/#website\",\"url\":\"https:\/\/peix-xc.whads.com\/es\/\",\"name\":\"Peix.cat\",\"description\":\"Peixateria online Boqueria\",\"publisher\":{\"@id\":\"https:\/\/peix-xc.whads.com\/es\/#organization\"},\"potentialAction\":[{\"@type\":\"SearchAction\",\"target\":{\"@type\":\"EntryPoint\",\"urlTemplate\":\"https:\/\/peix-xc.whads.com\/es\/?s={search_term_string}\"},\"query-input\":{\"@type\":\"PropertyValueSpecification\",\"valueRequired\":true,\"valueName\":\"search_term_string\"}}],\"inLanguage\":\"es\"},{\"@type\":\"Organization\",\"@id\":\"https:\/\/peix-xc.whads.com\/es\/#organization\",\"name\":\"Peix.cat\",\"url\":\"https:\/\/peix-xc.whads.com\/es\/\",\"logo\":{\"@type\":\"ImageObject\",\"inLanguage\":\"es\",\"@id\":\"https:\/\/peix-xc.whads.com\/es\/#\/schema\/logo\/image\/\",\"url\":\"https:\/\/peix-xc.whads.com\/wp-content\/uploads\/2024\/09\/cropped-peixcat_logo_small.png\",\"contentUrl\":\"https:\/\/peix-xc.whads.com\/wp-content\/uploads\/2024\/09\/cropped-peixcat_logo_small.png\",\"width\":300,\"height\":300,\"caption\":\"Peix.cat\"},\"image\":{\"@id\":\"https:\/\/peix-xc.whads.com\/es\/#\/schema\/logo\/image\/\"},\"sameAs\":[\"https:\/\/www.instagram.com\/peix.cat\/\"]}]}<\/script>\n<!-- \/ Yoast SEO plugin. -->","yoast_head_json":{"title":"Merluza de palangre | Peix.cat - Peixateria online Boqueria","description":"Compra merluza de palangre online del Mercado de la Boqueria de Barcelona. Te lo llevamos gratis y envasado al vac\u00edo en 24 o 48 horas.","robots":{"index":"index","follow":"follow","max-snippet":"max-snippet:-1","max-image-preview":"max-image-preview:large","max-video-preview":"max-video-preview:-1"},"canonical":"https:\/\/peix-xc.whads.com\/es\/producte\/merluza-de-palangre\/","og_locale":"es_ES","og_type":"article","og_title":"Merluza de palangre | Peix.cat - Peixateria online Boqueria","og_description":"Compra merluza de palangre online del Mercado de la Boqueria de Barcelona. Te lo llevamos gratis y envasado al vac\u00edo en 24 o 48 horas.","og_url":"https:\/\/peix-xc.whads.com\/es\/producte\/merluza-de-palangre\/","og_site_name":"Peix.cat","article_modified_time":"2025-12-11T17:06:04+00:00","og_image":[{"width":750,"height":533,"url":"https:\/\/peix-xc.whads.com\/wp-content\/uploads\/2024\/11\/IMG_5736.jpg","type":"image\/jpeg"}],"twitter_card":"summary_large_image","twitter_misc":{"Tiempo de lectura":"1 minuto"},"schema":{"@context":"https:\/\/schema.org","@graph":[{"@type":"WebPage","@id":"https:\/\/peix-xc.whads.com\/es\/producte\/merluza-de-palangre\/","url":"https:\/\/peix-xc.whads.com\/es\/producte\/merluza-de-palangre\/","name":"Merluza de palangre | Peix.cat - Peixateria online Boqueria","isPartOf":{"@id":"https:\/\/peix-xc.whads.com\/es\/#website"},"primaryImageOfPage":{"@id":"https:\/\/peix-xc.whads.com\/es\/producte\/merluza-de-palangre\/#primaryimage"},"image":{"@id":"https:\/\/peix-xc.whads.com\/es\/producte\/merluza-de-palangre\/#primaryimage"},"thumbnailUrl":"https:\/\/peix-xc.whads.com\/wp-content\/uploads\/2024\/11\/IMG_5736.jpg","datePublished":"2024-11-06T07:31:55+00:00","dateModified":"2025-12-11T17:06:04+00:00","description":"Compra merluza de palangre online del Mercado de la Boqueria de Barcelona. Te lo llevamos gratis y envasado al vac\u00edo en 24 o 48 horas.","breadcrumb":{"@id":"https:\/\/peix-xc.whads.com\/es\/producte\/merluza-de-palangre\/#breadcrumb"},"inLanguage":"es","potentialAction":[{"@type":"ReadAction","target":["https:\/\/peix-xc.whads.com\/es\/producte\/merluza-de-palangre\/"]}]},{"@type":"ImageObject","inLanguage":"es","@id":"https:\/\/peix-xc.whads.com\/es\/producte\/merluza-de-palangre\/#primaryimage","url":"https:\/\/peix-xc.whads.com\/wp-content\/uploads\/2024\/11\/IMG_5736.jpg","contentUrl":"https:\/\/peix-xc.whads.com\/wp-content\/uploads\/2024\/11\/IMG_5736.jpg","width":750,"height":533,"caption":"Screenshot"},{"@type":"BreadcrumbList","@id":"https:\/\/peix-xc.whads.com\/es\/producte\/merluza-de-palangre\/#breadcrumb","itemListElement":[{"@type":"ListItem","position":1,"name":"Home","item":"https:\/\/peix-xc.whads.com\/es\/"},{"@type":"ListItem","position":2,"name":"Productos","item":"https:\/\/peix-xc.whads.com\/es\/productos\/"},{"@type":"ListItem","position":3,"name":"Merluza de palangre"}]},{"@type":"WebSite","@id":"https:\/\/peix-xc.whads.com\/es\/#website","url":"https:\/\/peix-xc.whads.com\/es\/","name":"Peix.cat","description":"Peixateria online Boqueria","publisher":{"@id":"https:\/\/peix-xc.whads.com\/es\/#organization"},"potentialAction":[{"@type":"SearchAction","target":{"@type":"EntryPoint","urlTemplate":"https:\/\/peix-xc.whads.com\/es\/?s={search_term_string}"},"query-input":{"@type":"PropertyValueSpecification","valueRequired":true,"valueName":"search_term_string"}}],"inLanguage":"es"},{"@type":"Organization","@id":"https:\/\/peix-xc.whads.com\/es\/#organization","name":"Peix.cat","url":"https:\/\/peix-xc.whads.com\/es\/","logo":{"@type":"ImageObject","inLanguage":"es","@id":"https:\/\/peix-xc.whads.com\/es\/#\/schema\/logo\/image\/","url":"https:\/\/peix-xc.whads.com\/wp-content\/uploads\/2024\/09\/cropped-peixcat_logo_small.png","contentUrl":"https:\/\/peix-xc.whads.com\/wp-content\/uploads\/2024\/09\/cropped-peixcat_logo_small.png","width":300,"height":300,"caption":"Peix.cat"},"image":{"@id":"https:\/\/peix-xc.whads.com\/es\/#\/schema\/logo\/image\/"},"sameAs":["https:\/\/www.instagram.com\/peix.cat\/"]}]}},"_links":{"self":[{"href":"https:\/\/peix-xc.whads.com\/es\/wp-json\/wp\/v2\/product\/754","targetHints":{"allow":["GET"]}}],"collection":[{"href":"https:\/\/peix-xc.whads.com\/es\/wp-json\/wp\/v2\/product"}],"about":[{"href":"https:\/\/peix-xc.whads.com\/es\/wp-json\/wp\/v2\/types\/product"}],"wp:featuredmedia":[{"embeddable":true,"href":"https:\/\/peix-xc.whads.com\/es\/wp-json\/wp\/v2\/media\/535"}],"wp:attachment":[{"href":"https:\/\/peix-xc.whads.com\/es\/wp-json\/wp\/v2\/media?parent=754"}],"wp:term":[{"taxonomy":"product_brand","embeddable":true,"href":"https:\/\/peix-xc.whads.com\/es\/wp-json\/wp\/v2\/product_brand?post=754"},{"taxonomy":"product_cat","embeddable":true,"href":"https:\/\/peix-xc.whads.com\/es\/wp-json\/wp\/v2\/product_cat?post=754"},{"taxonomy":"product_tag","embeddable":true,"href":"https:\/\/peix-xc.whads.com\/es\/wp-json\/wp\/v2\/product_tag?post=754"}],"curies":[{"name":"wp","href":"https:\/\/api.w.org\/{rel}","templated":true}]}}