{"id":713,"date":"2024-11-06T09:50:16","date_gmt":"2024-11-06T08:50:16","guid":{"rendered":"https:\/\/peix-xc.whads.com\/producte\/sepia-playa\/"},"modified":"2025-12-11T18:06:32","modified_gmt":"2025-12-11T17:06:32","slug":"sepia-playa","status":"publish","type":"product","link":"https:\/\/peix-xc.whads.com\/es\/producte\/sepia-playa\/","title":{"rendered":"Sepia playa"},"content":{"rendered":"<p>Sepia, sepia o jibia es el nombre com\u00fan que se da a los individuos del orden Sepiida, perteneciente a la clase Cephalopoda. Puede llegar a 30 o 40 cm de longitud. Vive en los fondos de los mares poco profundos, generalmente entre hierbas acu\u00e1ticas y algas. Las sepias tienen una c\u00e1scara interna, ojos grandes en forma de W, y 8 brazos y 2 tent\u00e1culos.   <\/p>\n","protected":false},"excerpt":{"rendered":"<p>Sepia, sepia o jibia es el nombre com\u00fan que se da a los individuos del orden Sepiida, perteneciente a la clase Cephalopoda. Puede llegar a 30 o 40 cm de longitud. Vive en los fondos de los mares poco profundos, generalmente entre hierbas acu\u00e1ticas y algas. Las sepias tienen una c\u00e1scara interna, ojos grandes en [&hellip;]<\/p>\n","protected":false},"featured_media":642,"template":"","meta":{"_acf_changed":false},"product_brand":[],"product_cat":[89],"product_tag":[],"class_list":{"0":"post-713","1":"product","2":"type-product","3":"status-publish","4":"has-post-thumbnail","6":"product_cat-sepia-es","8":"first","9":"instock","10":"taxable","11":"shipping-taxable","12":"purchasable","13":"product-type-simple"},"acf":[],"yoast_head":"<!-- This site is optimized with the Yoast SEO plugin v26.8 - https:\/\/yoast.com\/product\/yoast-seo-wordpress\/ -->\n<title>Sepia playa | Peix.cat - Peixateria online Boqueria<\/title>\n<meta name=\"description\" content=\"Compra sepia playa online del Mercado de la Boqueria de Barcelona. Te lo llevamos gratis y envasado al vac\u00edo en 24 o 48 horas.\" \/>\n<meta name=\"robots\" content=\"index, follow, max-snippet:-1, max-image-preview:large, max-video-preview:-1\" \/>\n<link rel=\"canonical\" href=\"https:\/\/peix-xc.whads.com\/es\/producte\/sepia-playa\/\" \/>\n<meta property=\"og:locale\" content=\"es_ES\" \/>\n<meta property=\"og:type\" content=\"article\" \/>\n<meta property=\"og:title\" content=\"Sepia playa | Peix.cat - Peixateria online Boqueria\" \/>\n<meta property=\"og:description\" content=\"Compra sepia playa online del Mercado de la Boqueria de Barcelona. Te lo llevamos gratis y envasado al vac\u00edo en 24 o 48 horas.\" \/>\n<meta property=\"og:url\" content=\"https:\/\/peix-xc.whads.com\/es\/producte\/sepia-playa\/\" \/>\n<meta property=\"og:site_name\" content=\"Peix.cat\" \/>\n<meta property=\"article:modified_time\" content=\"2025-12-11T17:06:32+00:00\" \/>\n<meta property=\"og:image\" content=\"https:\/\/peix-xc.whads.com\/wp-content\/uploads\/2024\/11\/sepia.jpeg\" \/>\n\t<meta property=\"og:image:width\" content=\"400\" \/>\n\t<meta property=\"og:image:height\" content=\"300\" \/>\n\t<meta property=\"og:image:type\" content=\"image\/jpeg\" \/>\n<meta name=\"twitter:card\" content=\"summary_large_image\" \/>\n<script type=\"application\/ld+json\" class=\"yoast-schema-graph\">{\"@context\":\"https:\/\/schema.org\",\"@graph\":[{\"@type\":\"WebPage\",\"@id\":\"https:\/\/peix-xc.whads.com\/es\/producte\/sepia-playa\/\",\"url\":\"https:\/\/peix-xc.whads.com\/es\/producte\/sepia-playa\/\",\"name\":\"Sepia playa | Peix.cat - Peixateria online Boqueria\",\"isPartOf\":{\"@id\":\"https:\/\/peix-xc.whads.com\/es\/#website\"},\"primaryImageOfPage\":{\"@id\":\"https:\/\/peix-xc.whads.com\/es\/producte\/sepia-playa\/#primaryimage\"},\"image\":{\"@id\":\"https:\/\/peix-xc.whads.com\/es\/producte\/sepia-playa\/#primaryimage\"},\"thumbnailUrl\":\"https:\/\/peix-xc.whads.com\/wp-content\/uploads\/2024\/11\/sepia.jpeg\",\"datePublished\":\"2024-11-06T08:50:16+00:00\",\"dateModified\":\"2025-12-11T17:06:32+00:00\",\"description\":\"Compra sepia playa online del Mercado de la Boqueria de Barcelona. Te lo llevamos gratis y envasado al vac\u00edo en 24 o 48 horas.\",\"breadcrumb\":{\"@id\":\"https:\/\/peix-xc.whads.com\/es\/producte\/sepia-playa\/#breadcrumb\"},\"inLanguage\":\"es\",\"potentialAction\":[{\"@type\":\"ReadAction\",\"target\":[\"https:\/\/peix-xc.whads.com\/es\/producte\/sepia-playa\/\"]}]},{\"@type\":\"ImageObject\",\"inLanguage\":\"es\",\"@id\":\"https:\/\/peix-xc.whads.com\/es\/producte\/sepia-playa\/#primaryimage\",\"url\":\"https:\/\/peix-xc.whads.com\/wp-content\/uploads\/2024\/11\/sepia.jpeg\",\"contentUrl\":\"https:\/\/peix-xc.whads.com\/wp-content\/uploads\/2024\/11\/sepia.jpeg\",\"width\":400,\"height\":300,\"caption\":\"Sepia playa\"},{\"@type\":\"BreadcrumbList\",\"@id\":\"https:\/\/peix-xc.whads.com\/es\/producte\/sepia-playa\/#breadcrumb\",\"itemListElement\":[{\"@type\":\"ListItem\",\"position\":1,\"name\":\"Home\",\"item\":\"https:\/\/peix-xc.whads.com\/es\/\"},{\"@type\":\"ListItem\",\"position\":2,\"name\":\"Productos\",\"item\":\"https:\/\/peix-xc.whads.com\/es\/productos\/\"},{\"@type\":\"ListItem\",\"position\":3,\"name\":\"Sepia playa\"}]},{\"@type\":\"WebSite\",\"@id\":\"https:\/\/peix-xc.whads.com\/es\/#website\",\"url\":\"https:\/\/peix-xc.whads.com\/es\/\",\"name\":\"Peix.cat\",\"description\":\"Peixateria online Boqueria\",\"publisher\":{\"@id\":\"https:\/\/peix-xc.whads.com\/es\/#organization\"},\"potentialAction\":[{\"@type\":\"SearchAction\",\"target\":{\"@type\":\"EntryPoint\",\"urlTemplate\":\"https:\/\/peix-xc.whads.com\/es\/?s={search_term_string}\"},\"query-input\":{\"@type\":\"PropertyValueSpecification\",\"valueRequired\":true,\"valueName\":\"search_term_string\"}}],\"inLanguage\":\"es\"},{\"@type\":\"Organization\",\"@id\":\"https:\/\/peix-xc.whads.com\/es\/#organization\",\"name\":\"Peix.cat\",\"url\":\"https:\/\/peix-xc.whads.com\/es\/\",\"logo\":{\"@type\":\"ImageObject\",\"inLanguage\":\"es\",\"@id\":\"https:\/\/peix-xc.whads.com\/es\/#\/schema\/logo\/image\/\",\"url\":\"https:\/\/peix-xc.whads.com\/wp-content\/uploads\/2024\/09\/cropped-peixcat_logo_small.png\",\"contentUrl\":\"https:\/\/peix-xc.whads.com\/wp-content\/uploads\/2024\/09\/cropped-peixcat_logo_small.png\",\"width\":300,\"height\":300,\"caption\":\"Peix.cat\"},\"image\":{\"@id\":\"https:\/\/peix-xc.whads.com\/es\/#\/schema\/logo\/image\/\"},\"sameAs\":[\"https:\/\/www.instagram.com\/peix.cat\/\"]}]}<\/script>\n<!-- \/ Yoast SEO plugin. -->","yoast_head_json":{"title":"Sepia playa | Peix.cat - Peixateria online Boqueria","description":"Compra sepia playa online del Mercado de la Boqueria de Barcelona. Te lo llevamos gratis y envasado al vac\u00edo en 24 o 48 horas.","robots":{"index":"index","follow":"follow","max-snippet":"max-snippet:-1","max-image-preview":"max-image-preview:large","max-video-preview":"max-video-preview:-1"},"canonical":"https:\/\/peix-xc.whads.com\/es\/producte\/sepia-playa\/","og_locale":"es_ES","og_type":"article","og_title":"Sepia playa | Peix.cat - Peixateria online Boqueria","og_description":"Compra sepia playa online del Mercado de la Boqueria de Barcelona. Te lo llevamos gratis y envasado al vac\u00edo en 24 o 48 horas.","og_url":"https:\/\/peix-xc.whads.com\/es\/producte\/sepia-playa\/","og_site_name":"Peix.cat","article_modified_time":"2025-12-11T17:06:32+00:00","og_image":[{"width":400,"height":300,"url":"https:\/\/peix-xc.whads.com\/wp-content\/uploads\/2024\/11\/sepia.jpeg","type":"image\/jpeg"}],"twitter_card":"summary_large_image","schema":{"@context":"https:\/\/schema.org","@graph":[{"@type":"WebPage","@id":"https:\/\/peix-xc.whads.com\/es\/producte\/sepia-playa\/","url":"https:\/\/peix-xc.whads.com\/es\/producte\/sepia-playa\/","name":"Sepia playa | Peix.cat - Peixateria online Boqueria","isPartOf":{"@id":"https:\/\/peix-xc.whads.com\/es\/#website"},"primaryImageOfPage":{"@id":"https:\/\/peix-xc.whads.com\/es\/producte\/sepia-playa\/#primaryimage"},"image":{"@id":"https:\/\/peix-xc.whads.com\/es\/producte\/sepia-playa\/#primaryimage"},"thumbnailUrl":"https:\/\/peix-xc.whads.com\/wp-content\/uploads\/2024\/11\/sepia.jpeg","datePublished":"2024-11-06T08:50:16+00:00","dateModified":"2025-12-11T17:06:32+00:00","description":"Compra sepia playa online del Mercado de la Boqueria de Barcelona. Te lo llevamos gratis y envasado al vac\u00edo en 24 o 48 horas.","breadcrumb":{"@id":"https:\/\/peix-xc.whads.com\/es\/producte\/sepia-playa\/#breadcrumb"},"inLanguage":"es","potentialAction":[{"@type":"ReadAction","target":["https:\/\/peix-xc.whads.com\/es\/producte\/sepia-playa\/"]}]},{"@type":"ImageObject","inLanguage":"es","@id":"https:\/\/peix-xc.whads.com\/es\/producte\/sepia-playa\/#primaryimage","url":"https:\/\/peix-xc.whads.com\/wp-content\/uploads\/2024\/11\/sepia.jpeg","contentUrl":"https:\/\/peix-xc.whads.com\/wp-content\/uploads\/2024\/11\/sepia.jpeg","width":400,"height":300,"caption":"Sepia playa"},{"@type":"BreadcrumbList","@id":"https:\/\/peix-xc.whads.com\/es\/producte\/sepia-playa\/#breadcrumb","itemListElement":[{"@type":"ListItem","position":1,"name":"Home","item":"https:\/\/peix-xc.whads.com\/es\/"},{"@type":"ListItem","position":2,"name":"Productos","item":"https:\/\/peix-xc.whads.com\/es\/productos\/"},{"@type":"ListItem","position":3,"name":"Sepia playa"}]},{"@type":"WebSite","@id":"https:\/\/peix-xc.whads.com\/es\/#website","url":"https:\/\/peix-xc.whads.com\/es\/","name":"Peix.cat","description":"Peixateria online Boqueria","publisher":{"@id":"https:\/\/peix-xc.whads.com\/es\/#organization"},"potentialAction":[{"@type":"SearchAction","target":{"@type":"EntryPoint","urlTemplate":"https:\/\/peix-xc.whads.com\/es\/?s={search_term_string}"},"query-input":{"@type":"PropertyValueSpecification","valueRequired":true,"valueName":"search_term_string"}}],"inLanguage":"es"},{"@type":"Organization","@id":"https:\/\/peix-xc.whads.com\/es\/#organization","name":"Peix.cat","url":"https:\/\/peix-xc.whads.com\/es\/","logo":{"@type":"ImageObject","inLanguage":"es","@id":"https:\/\/peix-xc.whads.com\/es\/#\/schema\/logo\/image\/","url":"https:\/\/peix-xc.whads.com\/wp-content\/uploads\/2024\/09\/cropped-peixcat_logo_small.png","contentUrl":"https:\/\/peix-xc.whads.com\/wp-content\/uploads\/2024\/09\/cropped-peixcat_logo_small.png","width":300,"height":300,"caption":"Peix.cat"},"image":{"@id":"https:\/\/peix-xc.whads.com\/es\/#\/schema\/logo\/image\/"},"sameAs":["https:\/\/www.instagram.com\/peix.cat\/"]}]}},"_links":{"self":[{"href":"https:\/\/peix-xc.whads.com\/es\/wp-json\/wp\/v2\/product\/713","targetHints":{"allow":["GET"]}}],"collection":[{"href":"https:\/\/peix-xc.whads.com\/es\/wp-json\/wp\/v2\/product"}],"about":[{"href":"https:\/\/peix-xc.whads.com\/es\/wp-json\/wp\/v2\/types\/product"}],"wp:featuredmedia":[{"embeddable":true,"href":"https:\/\/peix-xc.whads.com\/es\/wp-json\/wp\/v2\/media\/642"}],"wp:attachment":[{"href":"https:\/\/peix-xc.whads.com\/es\/wp-json\/wp\/v2\/media?parent=713"}],"wp:term":[{"taxonomy":"product_brand","embeddable":true,"href":"https:\/\/peix-xc.whads.com\/es\/wp-json\/wp\/v2\/product_brand?post=713"},{"taxonomy":"product_cat","embeddable":true,"href":"https:\/\/peix-xc.whads.com\/es\/wp-json\/wp\/v2\/product_cat?post=713"},{"taxonomy":"product_tag","embeddable":true,"href":"https:\/\/peix-xc.whads.com\/es\/wp-json\/wp\/v2\/product_tag?post=713"}],"curies":[{"name":"wp","href":"https:\/\/api.w.org\/{rel}","templated":true}]}}