{"id":712,"date":"2024-11-06T09:53:43","date_gmt":"2024-11-06T08:53:43","guid":{"rendered":"https:\/\/peix-xc.whads.com\/producte\/suprema-de-salmon\/"},"modified":"2025-12-11T18:06:20","modified_gmt":"2025-12-11T17:06:20","slug":"suprema-de-salmon","status":"publish","type":"product","link":"https:\/\/peix-xc.whads.com\/es\/producte\/suprema-de-salmon\/","title":{"rendered":"Suprema de salm\u00f3n"},"content":{"rendered":"<p>El salm\u00f3n es un pescado azul, y en estado salvaje est\u00e1 listo para recorrer distancias largas en aguas muy fr\u00edas. Tiene una carne muy nutritiva: contiene prote\u00ednas de alto valor biol\u00f3gico, as\u00ed como un tipo de grasa que le sirve de protecci\u00f3n contra el fr\u00edo y que, cuando lo ingerimos, nos resulta muy beneficioso para el cerebro y la circulaci\u00f3n sangu\u00ednea. Adem\u00e1s, tambi\u00e9n es fuente de vitaminas liposolubles A, E y D y minerales como el hierro, el calcio, el magnesio y el yodo. Esta grasa tan valiosa que contiene el salm\u00f3n es un tipo de \u00e1cido graso llamado omega-3 que nuestro cuerpo no puede elaborar y que, por tanto, debemos obtener con la dieta.   <\/p>\n<p>El salm\u00f3n lo podemos cocinar tanto a la plancha o brasa como al vapor. Tambi\u00e9n podemos marinarlo, fumar o comer crudo. <\/p>\n","protected":false},"excerpt":{"rendered":"<p>El salm\u00f3n es un pescado azul, y en estado salvaje est\u00e1 listo para recorrer distancias largas en aguas muy fr\u00edas. Tiene una carne muy nutritiva: contiene prote\u00ednas de alto valor biol\u00f3gico, as\u00ed como un tipo de grasa que le sirve de protecci\u00f3n contra el fr\u00edo y que, cuando lo ingerimos, nos resulta muy beneficioso para [&hellip;]<\/p>\n","protected":false},"featured_media":645,"template":"","meta":{"_acf_changed":false},"product_brand":[],"product_cat":[92,101],"product_tag":[],"class_list":{"0":"post-712","1":"product","2":"type-product","3":"status-publish","4":"has-post-thumbnail","6":"product_cat-pescado","7":"product_cat-salmon","9":"first","10":"instock","11":"taxable","12":"shipping-taxable","13":"purchasable","14":"product-type-simple"},"acf":[],"yoast_head":"<!-- This site is optimized with the Yoast SEO plugin v26.8 - https:\/\/yoast.com\/product\/yoast-seo-wordpress\/ -->\n<title>Suprema de salm\u00f3n | Peix.cat - Peixateria online Boqueria<\/title>\n<meta name=\"description\" content=\"Compra suprema de salm\u00f3n online del Mercado de la Boqueria de Barcelona. Te lo llevamos gratis y envasado al vac\u00edo en 24 o 48 horas.\" \/>\n<meta name=\"robots\" content=\"index, follow, max-snippet:-1, max-image-preview:large, max-video-preview:-1\" \/>\n<link rel=\"canonical\" href=\"https:\/\/peix-xc.whads.com\/es\/producte\/suprema-de-salmon\/\" \/>\n<meta property=\"og:locale\" content=\"es_ES\" \/>\n<meta property=\"og:type\" content=\"article\" \/>\n<meta property=\"og:title\" content=\"Suprema de salm\u00f3n | Peix.cat - Peixateria online Boqueria\" \/>\n<meta property=\"og:description\" content=\"Compra suprema de salm\u00f3n online del Mercado de la Boqueria de Barcelona. Te lo llevamos gratis y envasado al vac\u00edo en 24 o 48 horas.\" \/>\n<meta property=\"og:url\" content=\"https:\/\/peix-xc.whads.com\/es\/producte\/suprema-de-salmon\/\" \/>\n<meta property=\"og:site_name\" content=\"Peix.cat\" \/>\n<meta property=\"article:modified_time\" content=\"2025-12-11T17:06:20+00:00\" \/>\n<meta property=\"og:image\" content=\"https:\/\/peix-xc.whads.com\/wp-content\/uploads\/2024\/11\/suprema-salmo-1024x1024.png\" \/>\n\t<meta property=\"og:image:width\" content=\"1024\" \/>\n\t<meta property=\"og:image:height\" content=\"1024\" \/>\n\t<meta property=\"og:image:type\" content=\"image\/png\" \/>\n<meta name=\"twitter:card\" content=\"summary_large_image\" \/>\n<meta name=\"twitter:label1\" content=\"Tiempo de lectura\" \/>\n\t<meta name=\"twitter:data1\" content=\"1 minuto\" \/>\n<script type=\"application\/ld+json\" class=\"yoast-schema-graph\">{\"@context\":\"https:\/\/schema.org\",\"@graph\":[{\"@type\":\"WebPage\",\"@id\":\"https:\/\/peix-xc.whads.com\/es\/producte\/suprema-de-salmon\/\",\"url\":\"https:\/\/peix-xc.whads.com\/es\/producte\/suprema-de-salmon\/\",\"name\":\"Suprema de salm\u00f3n | Peix.cat - Peixateria online Boqueria\",\"isPartOf\":{\"@id\":\"https:\/\/peix-xc.whads.com\/es\/#website\"},\"primaryImageOfPage\":{\"@id\":\"https:\/\/peix-xc.whads.com\/es\/producte\/suprema-de-salmon\/#primaryimage\"},\"image\":{\"@id\":\"https:\/\/peix-xc.whads.com\/es\/producte\/suprema-de-salmon\/#primaryimage\"},\"thumbnailUrl\":\"https:\/\/peix-xc.whads.com\/wp-content\/uploads\/2024\/11\/suprema-salmo.png\",\"datePublished\":\"2024-11-06T08:53:43+00:00\",\"dateModified\":\"2025-12-11T17:06:20+00:00\",\"description\":\"Compra suprema de salm\u00f3n online del Mercado de la Boqueria de Barcelona. Te lo llevamos gratis y envasado al vac\u00edo en 24 o 48 horas.\",\"breadcrumb\":{\"@id\":\"https:\/\/peix-xc.whads.com\/es\/producte\/suprema-de-salmon\/#breadcrumb\"},\"inLanguage\":\"es\",\"potentialAction\":[{\"@type\":\"ReadAction\",\"target\":[\"https:\/\/peix-xc.whads.com\/es\/producte\/suprema-de-salmon\/\"]}]},{\"@type\":\"ImageObject\",\"inLanguage\":\"es\",\"@id\":\"https:\/\/peix-xc.whads.com\/es\/producte\/suprema-de-salmon\/#primaryimage\",\"url\":\"https:\/\/peix-xc.whads.com\/wp-content\/uploads\/2024\/11\/suprema-salmo.png\",\"contentUrl\":\"https:\/\/peix-xc.whads.com\/wp-content\/uploads\/2024\/11\/suprema-salmo.png\",\"width\":2048,\"height\":2048,\"caption\":\"Suprema de salm\u00f3n\"},{\"@type\":\"BreadcrumbList\",\"@id\":\"https:\/\/peix-xc.whads.com\/es\/producte\/suprema-de-salmon\/#breadcrumb\",\"itemListElement\":[{\"@type\":\"ListItem\",\"position\":1,\"name\":\"Home\",\"item\":\"https:\/\/peix-xc.whads.com\/es\/\"},{\"@type\":\"ListItem\",\"position\":2,\"name\":\"Productos\",\"item\":\"https:\/\/peix-xc.whads.com\/es\/productos\/\"},{\"@type\":\"ListItem\",\"position\":3,\"name\":\"Suprema de salm\u00f3n\"}]},{\"@type\":\"WebSite\",\"@id\":\"https:\/\/peix-xc.whads.com\/es\/#website\",\"url\":\"https:\/\/peix-xc.whads.com\/es\/\",\"name\":\"Peix.cat\",\"description\":\"Peixateria online Boqueria\",\"publisher\":{\"@id\":\"https:\/\/peix-xc.whads.com\/es\/#organization\"},\"potentialAction\":[{\"@type\":\"SearchAction\",\"target\":{\"@type\":\"EntryPoint\",\"urlTemplate\":\"https:\/\/peix-xc.whads.com\/es\/?s={search_term_string}\"},\"query-input\":{\"@type\":\"PropertyValueSpecification\",\"valueRequired\":true,\"valueName\":\"search_term_string\"}}],\"inLanguage\":\"es\"},{\"@type\":\"Organization\",\"@id\":\"https:\/\/peix-xc.whads.com\/es\/#organization\",\"name\":\"Peix.cat\",\"url\":\"https:\/\/peix-xc.whads.com\/es\/\",\"logo\":{\"@type\":\"ImageObject\",\"inLanguage\":\"es\",\"@id\":\"https:\/\/peix-xc.whads.com\/es\/#\/schema\/logo\/image\/\",\"url\":\"https:\/\/peix-xc.whads.com\/wp-content\/uploads\/2024\/09\/cropped-peixcat_logo_small.png\",\"contentUrl\":\"https:\/\/peix-xc.whads.com\/wp-content\/uploads\/2024\/09\/cropped-peixcat_logo_small.png\",\"width\":300,\"height\":300,\"caption\":\"Peix.cat\"},\"image\":{\"@id\":\"https:\/\/peix-xc.whads.com\/es\/#\/schema\/logo\/image\/\"},\"sameAs\":[\"https:\/\/www.instagram.com\/peix.cat\/\"]}]}<\/script>\n<!-- \/ Yoast SEO plugin. -->","yoast_head_json":{"title":"Suprema de salm\u00f3n | Peix.cat - Peixateria online Boqueria","description":"Compra suprema de salm\u00f3n online del Mercado de la Boqueria de Barcelona. Te lo llevamos gratis y envasado al vac\u00edo en 24 o 48 horas.","robots":{"index":"index","follow":"follow","max-snippet":"max-snippet:-1","max-image-preview":"max-image-preview:large","max-video-preview":"max-video-preview:-1"},"canonical":"https:\/\/peix-xc.whads.com\/es\/producte\/suprema-de-salmon\/","og_locale":"es_ES","og_type":"article","og_title":"Suprema de salm\u00f3n | Peix.cat - Peixateria online Boqueria","og_description":"Compra suprema de salm\u00f3n online del Mercado de la Boqueria de Barcelona. Te lo llevamos gratis y envasado al vac\u00edo en 24 o 48 horas.","og_url":"https:\/\/peix-xc.whads.com\/es\/producte\/suprema-de-salmon\/","og_site_name":"Peix.cat","article_modified_time":"2025-12-11T17:06:20+00:00","og_image":[{"width":1024,"height":1024,"url":"https:\/\/peix-xc.whads.com\/wp-content\/uploads\/2024\/11\/suprema-salmo-1024x1024.png","type":"image\/png"}],"twitter_card":"summary_large_image","twitter_misc":{"Tiempo de lectura":"1 minuto"},"schema":{"@context":"https:\/\/schema.org","@graph":[{"@type":"WebPage","@id":"https:\/\/peix-xc.whads.com\/es\/producte\/suprema-de-salmon\/","url":"https:\/\/peix-xc.whads.com\/es\/producte\/suprema-de-salmon\/","name":"Suprema de salm\u00f3n | Peix.cat - Peixateria online Boqueria","isPartOf":{"@id":"https:\/\/peix-xc.whads.com\/es\/#website"},"primaryImageOfPage":{"@id":"https:\/\/peix-xc.whads.com\/es\/producte\/suprema-de-salmon\/#primaryimage"},"image":{"@id":"https:\/\/peix-xc.whads.com\/es\/producte\/suprema-de-salmon\/#primaryimage"},"thumbnailUrl":"https:\/\/peix-xc.whads.com\/wp-content\/uploads\/2024\/11\/suprema-salmo.png","datePublished":"2024-11-06T08:53:43+00:00","dateModified":"2025-12-11T17:06:20+00:00","description":"Compra suprema de salm\u00f3n online del Mercado de la Boqueria de Barcelona. Te lo llevamos gratis y envasado al vac\u00edo en 24 o 48 horas.","breadcrumb":{"@id":"https:\/\/peix-xc.whads.com\/es\/producte\/suprema-de-salmon\/#breadcrumb"},"inLanguage":"es","potentialAction":[{"@type":"ReadAction","target":["https:\/\/peix-xc.whads.com\/es\/producte\/suprema-de-salmon\/"]}]},{"@type":"ImageObject","inLanguage":"es","@id":"https:\/\/peix-xc.whads.com\/es\/producte\/suprema-de-salmon\/#primaryimage","url":"https:\/\/peix-xc.whads.com\/wp-content\/uploads\/2024\/11\/suprema-salmo.png","contentUrl":"https:\/\/peix-xc.whads.com\/wp-content\/uploads\/2024\/11\/suprema-salmo.png","width":2048,"height":2048,"caption":"Suprema de salm\u00f3n"},{"@type":"BreadcrumbList","@id":"https:\/\/peix-xc.whads.com\/es\/producte\/suprema-de-salmon\/#breadcrumb","itemListElement":[{"@type":"ListItem","position":1,"name":"Home","item":"https:\/\/peix-xc.whads.com\/es\/"},{"@type":"ListItem","position":2,"name":"Productos","item":"https:\/\/peix-xc.whads.com\/es\/productos\/"},{"@type":"ListItem","position":3,"name":"Suprema de salm\u00f3n"}]},{"@type":"WebSite","@id":"https:\/\/peix-xc.whads.com\/es\/#website","url":"https:\/\/peix-xc.whads.com\/es\/","name":"Peix.cat","description":"Peixateria online Boqueria","publisher":{"@id":"https:\/\/peix-xc.whads.com\/es\/#organization"},"potentialAction":[{"@type":"SearchAction","target":{"@type":"EntryPoint","urlTemplate":"https:\/\/peix-xc.whads.com\/es\/?s={search_term_string}"},"query-input":{"@type":"PropertyValueSpecification","valueRequired":true,"valueName":"search_term_string"}}],"inLanguage":"es"},{"@type":"Organization","@id":"https:\/\/peix-xc.whads.com\/es\/#organization","name":"Peix.cat","url":"https:\/\/peix-xc.whads.com\/es\/","logo":{"@type":"ImageObject","inLanguage":"es","@id":"https:\/\/peix-xc.whads.com\/es\/#\/schema\/logo\/image\/","url":"https:\/\/peix-xc.whads.com\/wp-content\/uploads\/2024\/09\/cropped-peixcat_logo_small.png","contentUrl":"https:\/\/peix-xc.whads.com\/wp-content\/uploads\/2024\/09\/cropped-peixcat_logo_small.png","width":300,"height":300,"caption":"Peix.cat"},"image":{"@id":"https:\/\/peix-xc.whads.com\/es\/#\/schema\/logo\/image\/"},"sameAs":["https:\/\/www.instagram.com\/peix.cat\/"]}]}},"_links":{"self":[{"href":"https:\/\/peix-xc.whads.com\/es\/wp-json\/wp\/v2\/product\/712","targetHints":{"allow":["GET"]}}],"collection":[{"href":"https:\/\/peix-xc.whads.com\/es\/wp-json\/wp\/v2\/product"}],"about":[{"href":"https:\/\/peix-xc.whads.com\/es\/wp-json\/wp\/v2\/types\/product"}],"wp:featuredmedia":[{"embeddable":true,"href":"https:\/\/peix-xc.whads.com\/es\/wp-json\/wp\/v2\/media\/645"}],"wp:attachment":[{"href":"https:\/\/peix-xc.whads.com\/es\/wp-json\/wp\/v2\/media?parent=712"}],"wp:term":[{"taxonomy":"product_brand","embeddable":true,"href":"https:\/\/peix-xc.whads.com\/es\/wp-json\/wp\/v2\/product_brand?post=712"},{"taxonomy":"product_cat","embeddable":true,"href":"https:\/\/peix-xc.whads.com\/es\/wp-json\/wp\/v2\/product_cat?post=712"},{"taxonomy":"product_tag","embeddable":true,"href":"https:\/\/peix-xc.whads.com\/es\/wp-json\/wp\/v2\/product_tag?post=712"}],"curies":[{"name":"wp","href":"https:\/\/api.w.org\/{rel}","templated":true}]}}