{"id":340,"date":"2024-09-09T09:12:47","date_gmt":"2024-09-09T07:12:47","guid":{"rendered":"https:\/\/peix-xc.whads.com\/product\/lubina-salvaje\/"},"modified":"2025-12-11T18:06:07","modified_gmt":"2025-12-11T17:06:07","slug":"lubina-salvaje","status":"publish","type":"product","link":"https:\/\/peix-xc.whads.com\/es\/producte\/lubina-salvaje\/","title":{"rendered":"Lubina salvaje"},"content":{"rendered":"<p>La lubina es uno de los pescados blancos m\u00e1s magros, por tanto un aporte cal\u00f3rico muy bajo, grasas beneficiosas para la salud. Tiene un elevado contenido en prote\u00ednas de alto valor biol\u00f3gico, vitaminas y minerales. Se encuentra en todo el Mediterr\u00e1neo, incluido el Mar Negro, en el Atl\u00e1ntico Oriental, y tambi\u00e9n en las islas Canarias.<\/p>\n<p>Es ideal para hacer a la sal, al horno oa la brasa. Gracias a la firmeza de su carne tambi\u00e9n podr\u00e1 hacer un ceviche.<\/p>\n","protected":false},"excerpt":{"rendered":"<p>La lubina es uno de los pescados blancos m\u00e1s magros, por tanto un aporte cal\u00f3rico muy bajo, grasas beneficiosas para la salud. Tiene un elevado contenido en prote\u00ednas de alto valor biol\u00f3gico, vitaminas y minerales. Se encuentra en todo el Mediterr\u00e1neo, incluido el Mar Negro, en el Atl\u00e1ntico Oriental, y tambi\u00e9n en las islas Canarias. [&hellip;]<\/p>\n","protected":false},"featured_media":286,"template":"","meta":{"_acf_changed":false},"product_brand":[],"product_cat":[92,96],"product_tag":[],"class_list":{"0":"post-340","1":"product","2":"type-product","3":"status-publish","4":"has-post-thumbnail","6":"product_cat-pescado","7":"product_cat-lubina","9":"first","10":"instock","11":"taxable","12":"shipping-taxable","13":"purchasable","14":"product-type-variable"},"acf":[],"yoast_head":"<!-- This site is optimized with the Yoast SEO plugin v26.8 - https:\/\/yoast.com\/product\/yoast-seo-wordpress\/ -->\n<title>Lubina salvaje | Peix.cat - Peixateria online Boqueria<\/title>\n<meta name=\"description\" content=\"Compra lubina salvaje online del Mercado de la Boqueria de Barcelona. Te lo llevamos gratis y envasado al vac\u00edo en 24 o 48 horas.\" \/>\n<meta name=\"robots\" content=\"index, follow, max-snippet:-1, max-image-preview:large, max-video-preview:-1\" \/>\n<link rel=\"canonical\" href=\"https:\/\/peix-xc.whads.com\/es\/producte\/lubina-salvaje\/\" \/>\n<meta property=\"og:locale\" content=\"es_ES\" \/>\n<meta property=\"og:type\" content=\"article\" \/>\n<meta property=\"og:title\" content=\"Lubina salvaje | Peix.cat - Peixateria online Boqueria\" \/>\n<meta property=\"og:description\" content=\"Compra lubina salvaje online del Mercado de la Boqueria de Barcelona. Te lo llevamos gratis y envasado al vac\u00edo en 24 o 48 horas.\" \/>\n<meta property=\"og:url\" content=\"https:\/\/peix-xc.whads.com\/es\/producte\/lubina-salvaje\/\" \/>\n<meta property=\"og:site_name\" content=\"Peix.cat\" \/>\n<meta property=\"article:modified_time\" content=\"2025-12-11T17:06:07+00:00\" \/>\n<meta property=\"og:image\" content=\"https:\/\/peix-xc.whads.com\/wp-content\/uploads\/2024\/09\/llobarro-salvatge.jpg\" \/>\n\t<meta property=\"og:image:width\" content=\"899\" \/>\n\t<meta property=\"og:image:height\" content=\"899\" \/>\n\t<meta property=\"og:image:type\" content=\"image\/jpeg\" \/>\n<meta name=\"twitter:card\" content=\"summary_large_image\" \/>\n<script type=\"application\/ld+json\" class=\"yoast-schema-graph\">{\"@context\":\"https:\/\/schema.org\",\"@graph\":[{\"@type\":\"WebPage\",\"@id\":\"https:\/\/peix-xc.whads.com\/es\/producte\/lubina-salvaje\/\",\"url\":\"https:\/\/peix-xc.whads.com\/es\/producte\/lubina-salvaje\/\",\"name\":\"Lubina salvaje | Peix.cat - Peixateria online Boqueria\",\"isPartOf\":{\"@id\":\"https:\/\/peix-xc.whads.com\/es\/#website\"},\"primaryImageOfPage\":{\"@id\":\"https:\/\/peix-xc.whads.com\/es\/producte\/lubina-salvaje\/#primaryimage\"},\"image\":{\"@id\":\"https:\/\/peix-xc.whads.com\/es\/producte\/lubina-salvaje\/#primaryimage\"},\"thumbnailUrl\":\"https:\/\/peix-xc.whads.com\/wp-content\/uploads\/2024\/09\/llobarro-salvatge.jpg\",\"datePublished\":\"2024-09-09T07:12:47+00:00\",\"dateModified\":\"2025-12-11T17:06:07+00:00\",\"description\":\"Compra lubina salvaje online del Mercado de la Boqueria de Barcelona. Te lo llevamos gratis y envasado al vac\u00edo en 24 o 48 horas.\",\"breadcrumb\":{\"@id\":\"https:\/\/peix-xc.whads.com\/es\/producte\/lubina-salvaje\/#breadcrumb\"},\"inLanguage\":\"es\",\"potentialAction\":[{\"@type\":\"ReadAction\",\"target\":[\"https:\/\/peix-xc.whads.com\/es\/producte\/lubina-salvaje\/\"]}]},{\"@type\":\"ImageObject\",\"inLanguage\":\"es\",\"@id\":\"https:\/\/peix-xc.whads.com\/es\/producte\/lubina-salvaje\/#primaryimage\",\"url\":\"https:\/\/peix-xc.whads.com\/wp-content\/uploads\/2024\/09\/llobarro-salvatge.jpg\",\"contentUrl\":\"https:\/\/peix-xc.whads.com\/wp-content\/uploads\/2024\/09\/llobarro-salvatge.jpg\",\"width\":899,\"height\":899},{\"@type\":\"BreadcrumbList\",\"@id\":\"https:\/\/peix-xc.whads.com\/es\/producte\/lubina-salvaje\/#breadcrumb\",\"itemListElement\":[{\"@type\":\"ListItem\",\"position\":1,\"name\":\"Home\",\"item\":\"https:\/\/peix-xc.whads.com\/es\/\"},{\"@type\":\"ListItem\",\"position\":2,\"name\":\"Productos\",\"item\":\"https:\/\/peix-xc.whads.com\/es\/productos\/\"},{\"@type\":\"ListItem\",\"position\":3,\"name\":\"Lubina salvaje\"}]},{\"@type\":\"WebSite\",\"@id\":\"https:\/\/peix-xc.whads.com\/es\/#website\",\"url\":\"https:\/\/peix-xc.whads.com\/es\/\",\"name\":\"Peix.cat\",\"description\":\"Peixateria online Boqueria\",\"publisher\":{\"@id\":\"https:\/\/peix-xc.whads.com\/es\/#organization\"},\"potentialAction\":[{\"@type\":\"SearchAction\",\"target\":{\"@type\":\"EntryPoint\",\"urlTemplate\":\"https:\/\/peix-xc.whads.com\/es\/?s={search_term_string}\"},\"query-input\":{\"@type\":\"PropertyValueSpecification\",\"valueRequired\":true,\"valueName\":\"search_term_string\"}}],\"inLanguage\":\"es\"},{\"@type\":\"Organization\",\"@id\":\"https:\/\/peix-xc.whads.com\/es\/#organization\",\"name\":\"Peix.cat\",\"url\":\"https:\/\/peix-xc.whads.com\/es\/\",\"logo\":{\"@type\":\"ImageObject\",\"inLanguage\":\"es\",\"@id\":\"https:\/\/peix-xc.whads.com\/es\/#\/schema\/logo\/image\/\",\"url\":\"https:\/\/peix-xc.whads.com\/wp-content\/uploads\/2024\/09\/cropped-peixcat_logo_small.png\",\"contentUrl\":\"https:\/\/peix-xc.whads.com\/wp-content\/uploads\/2024\/09\/cropped-peixcat_logo_small.png\",\"width\":300,\"height\":300,\"caption\":\"Peix.cat\"},\"image\":{\"@id\":\"https:\/\/peix-xc.whads.com\/es\/#\/schema\/logo\/image\/\"},\"sameAs\":[\"https:\/\/www.instagram.com\/peix.cat\/\"]}]}<\/script>\n<!-- \/ Yoast SEO plugin. -->","yoast_head_json":{"title":"Lubina salvaje | Peix.cat - Peixateria online Boqueria","description":"Compra lubina salvaje online del Mercado de la Boqueria de Barcelona. Te lo llevamos gratis y envasado al vac\u00edo en 24 o 48 horas.","robots":{"index":"index","follow":"follow","max-snippet":"max-snippet:-1","max-image-preview":"max-image-preview:large","max-video-preview":"max-video-preview:-1"},"canonical":"https:\/\/peix-xc.whads.com\/es\/producte\/lubina-salvaje\/","og_locale":"es_ES","og_type":"article","og_title":"Lubina salvaje | Peix.cat - Peixateria online Boqueria","og_description":"Compra lubina salvaje online del Mercado de la Boqueria de Barcelona. Te lo llevamos gratis y envasado al vac\u00edo en 24 o 48 horas.","og_url":"https:\/\/peix-xc.whads.com\/es\/producte\/lubina-salvaje\/","og_site_name":"Peix.cat","article_modified_time":"2025-12-11T17:06:07+00:00","og_image":[{"width":899,"height":899,"url":"https:\/\/peix-xc.whads.com\/wp-content\/uploads\/2024\/09\/llobarro-salvatge.jpg","type":"image\/jpeg"}],"twitter_card":"summary_large_image","schema":{"@context":"https:\/\/schema.org","@graph":[{"@type":"WebPage","@id":"https:\/\/peix-xc.whads.com\/es\/producte\/lubina-salvaje\/","url":"https:\/\/peix-xc.whads.com\/es\/producte\/lubina-salvaje\/","name":"Lubina salvaje | Peix.cat - Peixateria online Boqueria","isPartOf":{"@id":"https:\/\/peix-xc.whads.com\/es\/#website"},"primaryImageOfPage":{"@id":"https:\/\/peix-xc.whads.com\/es\/producte\/lubina-salvaje\/#primaryimage"},"image":{"@id":"https:\/\/peix-xc.whads.com\/es\/producte\/lubina-salvaje\/#primaryimage"},"thumbnailUrl":"https:\/\/peix-xc.whads.com\/wp-content\/uploads\/2024\/09\/llobarro-salvatge.jpg","datePublished":"2024-09-09T07:12:47+00:00","dateModified":"2025-12-11T17:06:07+00:00","description":"Compra lubina salvaje online del Mercado de la Boqueria de Barcelona. Te lo llevamos gratis y envasado al vac\u00edo en 24 o 48 horas.","breadcrumb":{"@id":"https:\/\/peix-xc.whads.com\/es\/producte\/lubina-salvaje\/#breadcrumb"},"inLanguage":"es","potentialAction":[{"@type":"ReadAction","target":["https:\/\/peix-xc.whads.com\/es\/producte\/lubina-salvaje\/"]}]},{"@type":"ImageObject","inLanguage":"es","@id":"https:\/\/peix-xc.whads.com\/es\/producte\/lubina-salvaje\/#primaryimage","url":"https:\/\/peix-xc.whads.com\/wp-content\/uploads\/2024\/09\/llobarro-salvatge.jpg","contentUrl":"https:\/\/peix-xc.whads.com\/wp-content\/uploads\/2024\/09\/llobarro-salvatge.jpg","width":899,"height":899},{"@type":"BreadcrumbList","@id":"https:\/\/peix-xc.whads.com\/es\/producte\/lubina-salvaje\/#breadcrumb","itemListElement":[{"@type":"ListItem","position":1,"name":"Home","item":"https:\/\/peix-xc.whads.com\/es\/"},{"@type":"ListItem","position":2,"name":"Productos","item":"https:\/\/peix-xc.whads.com\/es\/productos\/"},{"@type":"ListItem","position":3,"name":"Lubina salvaje"}]},{"@type":"WebSite","@id":"https:\/\/peix-xc.whads.com\/es\/#website","url":"https:\/\/peix-xc.whads.com\/es\/","name":"Peix.cat","description":"Peixateria online Boqueria","publisher":{"@id":"https:\/\/peix-xc.whads.com\/es\/#organization"},"potentialAction":[{"@type":"SearchAction","target":{"@type":"EntryPoint","urlTemplate":"https:\/\/peix-xc.whads.com\/es\/?s={search_term_string}"},"query-input":{"@type":"PropertyValueSpecification","valueRequired":true,"valueName":"search_term_string"}}],"inLanguage":"es"},{"@type":"Organization","@id":"https:\/\/peix-xc.whads.com\/es\/#organization","name":"Peix.cat","url":"https:\/\/peix-xc.whads.com\/es\/","logo":{"@type":"ImageObject","inLanguage":"es","@id":"https:\/\/peix-xc.whads.com\/es\/#\/schema\/logo\/image\/","url":"https:\/\/peix-xc.whads.com\/wp-content\/uploads\/2024\/09\/cropped-peixcat_logo_small.png","contentUrl":"https:\/\/peix-xc.whads.com\/wp-content\/uploads\/2024\/09\/cropped-peixcat_logo_small.png","width":300,"height":300,"caption":"Peix.cat"},"image":{"@id":"https:\/\/peix-xc.whads.com\/es\/#\/schema\/logo\/image\/"},"sameAs":["https:\/\/www.instagram.com\/peix.cat\/"]}]}},"_links":{"self":[{"href":"https:\/\/peix-xc.whads.com\/es\/wp-json\/wp\/v2\/product\/340","targetHints":{"allow":["GET"]}}],"collection":[{"href":"https:\/\/peix-xc.whads.com\/es\/wp-json\/wp\/v2\/product"}],"about":[{"href":"https:\/\/peix-xc.whads.com\/es\/wp-json\/wp\/v2\/types\/product"}],"wp:featuredmedia":[{"embeddable":true,"href":"https:\/\/peix-xc.whads.com\/es\/wp-json\/wp\/v2\/media\/286"}],"wp:attachment":[{"href":"https:\/\/peix-xc.whads.com\/es\/wp-json\/wp\/v2\/media?parent=340"}],"wp:term":[{"taxonomy":"product_brand","embeddable":true,"href":"https:\/\/peix-xc.whads.com\/es\/wp-json\/wp\/v2\/product_brand?post=340"},{"taxonomy":"product_cat","embeddable":true,"href":"https:\/\/peix-xc.whads.com\/es\/wp-json\/wp\/v2\/product_cat?post=340"},{"taxonomy":"product_tag","embeddable":true,"href":"https:\/\/peix-xc.whads.com\/es\/wp-json\/wp\/v2\/product_tag?post=340"}],"curies":[{"name":"wp","href":"https:\/\/api.w.org\/{rel}","templated":true}]}}