{"id":1127,"date":"2024-11-22T13:08:06","date_gmt":"2024-11-22T11:08:06","guid":{"rendered":"https:\/\/peix-xc.whads.com\/?page_id=1127"},"modified":"2025-03-14T11:33:35","modified_gmt":"2025-03-14T09:33:35","slug":"aviso-legal","status":"publish","type":"page","link":"https:\/\/peix-xc.whads.com\/es\/aviso-legal\/","title":{"rendered":"Aviso legal"},"content":{"rendered":"<section id=\"whads-textimage-gblock-block_c3d59a8e90e0476387eca9af582b056c\" class=\"whads-textimage-gblock whads-gblock alignwide\" data-layout=\"text-9\"><div class=\"whads-textimage-gblock__inner whads-animation whads-animation__fade-in-up-subtle\"><div class=\"whads-textimage-gblock__text__wrapper\"><div class=\"whads-textimage-gblock__text__inner\"><div class=\"whads-textimage-gblock__text\"><p>El titular de este sitio web es:<\/p>\n<p><strong>Peixos Ripoll Estera<\/strong><br \/>\nParadas 789, 790 i 791<br \/>\nMercat de la Boqueria<br \/>\n08001 Barcelona<br \/>\nT. 93 855 33 24 \/ 93 301 56 88<br \/>\ninfo@peix.cat<br \/>\nNIF: 37334627S<\/p>\n<h3>Utilizaci\u00f3n y funcionamiento de la web<\/h3>\n<p>El usuario se compromete a hacer un uso diligente de la web, as\u00ed como de la informaci\u00f3n que se incluye, con total sujeci\u00f3n a la normativa aplicable, en el Aviso Legal y al resto de t\u00e9rminos y condiciones que se incluyan en la web.<\/p>\n<p>Igualmente, el usuario se compromete a no realizar ning\u00fan acto con objeto de da\u00f1ar, inutilizar o sobrecargar la web, o que impida, de cualquier forma, la normal utilizaci\u00f3n y funcionamiento del mismo.<\/p>\n<p>En el supuesto de que se incumpla el Aviso Legal o el resto de t\u00e9rminos y condiciones de la web, el titular se reserva el derecho de limitar, suspender y terminar el acceso a la web, adoptando cualquier medida t\u00e9cnica que sea necesaria.<\/p>\n<p>El titular hace los mejores esfuerzos para mantener la web en buen funcionamiento, evitando errores o, en su caso, repar\u00e1ndolos y manteniendo los contenidos de la web debidamente actualizados. Sin embargo, el titular no garantiza la disponibilidad y continuidad en el acceso a la web ni la inexistencia de errores en sus contenidos, as\u00ed como tampoco que estos \u00faltimos sean oportunamente actualizados.<\/p>\n<h3>Responsabilidad<\/h3>\n<p>Tanto el acceso al web como el uso que pueda hacerse de cualquier informaci\u00f3n que contenga se realizan bajo la responsabilidad exclusiva del usuario.<\/p>\n<p>En el supuesto de que se hagan donaciones o compras, el usuario tambi\u00e9n ser\u00e1 responsable de conocer las caracter\u00edsticas, costes y uso del m\u00e9todo de pago, as\u00ed como de tener suficiente saldo para poder realizar la operaci\u00f3n.<\/p>\n<p>El titular no se responsabiliza de ning\u00fan da\u00f1o o perjuicio que pudiera derivarse, directa o indirectamente, del acceso o uso de la informaci\u00f3n contenida en la web, incluyendo los producidos en los sistemas inform\u00e1ticos o los provocados por la introducci\u00f3n de virus o ataques inform\u00e1ticos . Tampoco ser\u00e1 responsable de los da\u00f1os que puedan sufrir los usuarios por un uso inadecuado de la web ni de las ca\u00eddas, interrupciones, ausencia o defecto en las comunicaciones y \/ o Internet.<\/p>\n<p>Adicionalmente, el titular no se hace responsable de ning\u00fan da\u00f1o o perjuicio en el software o hardware del usuario que se derive del acceso o uso de la web.<\/p>\n<p>El usuario responder\u00e1 de los da\u00f1os y perjuicios que el titular pueda sufrir como consecuencia del incumplimiento de cualquiera de las obligaciones a que quede sometido en virtud del Aviso Legal, de la legislaci\u00f3n aplicable y \/ o del resto de pol\u00edticas del web.<\/p>\n<h3>Propiedad Industrial e Intelectual<\/h3>\n<p>Tots els drets de propietat intel\u00b7lectual sobre els dissenys, bases de dades, programaci\u00f3, els elements que integren el web (textos, gr\u00e0fics, fotografies, v\u00eddeos, gravacions sonores, combinacions de colors, continguts, etc), aix\u00ed com l\u2019estructura, selecci\u00f3 i ordre, s\u00f3n propietat del titular o dels seus leg\u00edtims llicenciants.<\/p>\n<p>Todos los derechos de propiedad intelectual sobre los dise\u00f1os, bases de datos, programaci\u00f3n, los elementos que integran la web (textos, gr\u00e1ficos, fotograf\u00edas, v\u00eddeos, grabaciones sonoras, combinaciones de colores, contenidos, etc) , as\u00ed como la estructura, selecci\u00f3n y orden, son propiedad del titular o de sus leg\u00edtimos licenciantes.<\/p>\n<p>El uso de la web no supone la cesi\u00f3n de ning\u00fan derecho de propiedad intelectual y \/ o industrial sobre el sitio web y sus contenidos.<\/p>\n<p>Queda expresamente prohibida la reproducci\u00f3n, transformaci\u00f3n, distribuci\u00f3n, comunicaci\u00f3n p\u00fablica, puesta a disposici\u00f3n, extracci\u00f3n o cualquier otra forma de difusi\u00f3n no autorizadas expresamente la web, sus contenidos o los signos distintivos del titular.<\/p>\n<p>La utilizaci\u00f3n no autorizada de los contenidos, as\u00ed como los perjuicios ocasionados en los derechos de propiedad intelectual e industrial del titular, podr\u00e1n dar lugar al ejercicio de las acciones que legalmente le correspondan, ya las responsabilidades que, en su caso, se deriven.<\/p>\n<\/div><\/div><\/div><\/div><\/section>","protected":false},"excerpt":{"rendered":"","protected":false},"author":1,"featured_media":0,"parent":0,"menu_order":0,"comment_status":"closed","ping_status":"closed","template":"","meta":{"_acf_changed":false,"footnotes":""},"class_list":["post-1127","page","type-page","status-publish","hentry"],"acf":[],"yoast_head":"<!-- This site is optimized with the Yoast SEO plugin v26.8 - https:\/\/yoast.com\/product\/yoast-seo-wordpress\/ -->\n<title>Aviso legal | Peix.cat - Peixateria online Boqueria<\/title>\n<meta name=\"description\" content=\"Compra el mejor pescado y marisco online del Mercado de la Boqueria de Barcelona. Te lo llevamos gratis y envasado al vac\u00edo en 24 o 48 horas.\" \/>\n<meta name=\"robots\" content=\"index, follow, max-snippet:-1, max-image-preview:large, max-video-preview:-1\" \/>\n<link rel=\"canonical\" href=\"https:\/\/peix-xc.whads.com\/es\/aviso-legal\/\" \/>\n<meta property=\"og:locale\" content=\"es_ES\" \/>\n<meta property=\"og:type\" content=\"article\" \/>\n<meta property=\"og:title\" content=\"Aviso legal | Peix.cat - Peixateria online Boqueria\" \/>\n<meta property=\"og:description\" content=\"Compra el mejor pescado y marisco online del Mercado de la Boqueria de Barcelona. Te lo llevamos gratis y envasado al vac\u00edo en 24 o 48 horas.\" \/>\n<meta property=\"og:url\" content=\"https:\/\/peix-xc.whads.com\/es\/aviso-legal\/\" \/>\n<meta property=\"og:site_name\" content=\"Peix.cat\" \/>\n<meta property=\"article:modified_time\" content=\"2025-03-14T09:33:35+00:00\" \/>\n<meta property=\"og:image\" content=\"https:\/\/peix-xc.whads.com\/wp-content\/uploads\/2025\/03\/peixcat.jpg\" \/>\n\t<meta property=\"og:image:width\" content=\"1200\" \/>\n\t<meta property=\"og:image:height\" content=\"675\" \/>\n\t<meta property=\"og:image:type\" content=\"image\/jpeg\" \/>\n<meta name=\"twitter:card\" content=\"summary_large_image\" \/>\n<script type=\"application\/ld+json\" class=\"yoast-schema-graph\">{\"@context\":\"https:\/\/schema.org\",\"@graph\":[{\"@type\":\"WebPage\",\"@id\":\"https:\/\/peix-xc.whads.com\/es\/aviso-legal\/\",\"url\":\"https:\/\/peix-xc.whads.com\/es\/aviso-legal\/\",\"name\":\"Aviso legal | Peix.cat - Peixateria online Boqueria\",\"isPartOf\":{\"@id\":\"https:\/\/peix-xc.whads.com\/es\/#website\"},\"datePublished\":\"2024-11-22T11:08:06+00:00\",\"dateModified\":\"2025-03-14T09:33:35+00:00\",\"description\":\"Compra el mejor pescado y marisco online del Mercado de la Boqueria de Barcelona. Te lo llevamos gratis y envasado al vac\u00edo en 24 o 48 horas.\",\"breadcrumb\":{\"@id\":\"https:\/\/peix-xc.whads.com\/es\/aviso-legal\/#breadcrumb\"},\"inLanguage\":\"es\",\"potentialAction\":[{\"@type\":\"ReadAction\",\"target\":[\"https:\/\/peix-xc.whads.com\/es\/aviso-legal\/\"]}]},{\"@type\":\"BreadcrumbList\",\"@id\":\"https:\/\/peix-xc.whads.com\/es\/aviso-legal\/#breadcrumb\",\"itemListElement\":[{\"@type\":\"ListItem\",\"position\":1,\"name\":\"Home\",\"item\":\"https:\/\/peix-xc.whads.com\/es\/\"},{\"@type\":\"ListItem\",\"position\":2,\"name\":\"Aviso legal\"}]},{\"@type\":\"WebSite\",\"@id\":\"https:\/\/peix-xc.whads.com\/es\/#website\",\"url\":\"https:\/\/peix-xc.whads.com\/es\/\",\"name\":\"Peix.cat\",\"description\":\"Peixateria online Boqueria\",\"publisher\":{\"@id\":\"https:\/\/peix-xc.whads.com\/es\/#organization\"},\"potentialAction\":[{\"@type\":\"SearchAction\",\"target\":{\"@type\":\"EntryPoint\",\"urlTemplate\":\"https:\/\/peix-xc.whads.com\/es\/?s={search_term_string}\"},\"query-input\":{\"@type\":\"PropertyValueSpecification\",\"valueRequired\":true,\"valueName\":\"search_term_string\"}}],\"inLanguage\":\"es\"},{\"@type\":\"Organization\",\"@id\":\"https:\/\/peix-xc.whads.com\/es\/#organization\",\"name\":\"Peix.cat\",\"url\":\"https:\/\/peix-xc.whads.com\/es\/\",\"logo\":{\"@type\":\"ImageObject\",\"inLanguage\":\"es\",\"@id\":\"https:\/\/peix-xc.whads.com\/es\/#\/schema\/logo\/image\/\",\"url\":\"https:\/\/peix-xc.whads.com\/wp-content\/uploads\/2024\/09\/cropped-peixcat_logo_small.png\",\"contentUrl\":\"https:\/\/peix-xc.whads.com\/wp-content\/uploads\/2024\/09\/cropped-peixcat_logo_small.png\",\"width\":300,\"height\":300,\"caption\":\"Peix.cat\"},\"image\":{\"@id\":\"https:\/\/peix-xc.whads.com\/es\/#\/schema\/logo\/image\/\"},\"sameAs\":[\"https:\/\/www.instagram.com\/peix.cat\/\"]}]}<\/script>\n<!-- \/ Yoast SEO plugin. -->","yoast_head_json":{"title":"Aviso legal | Peix.cat - Peixateria online Boqueria","description":"Compra el mejor pescado y marisco online del Mercado de la Boqueria de Barcelona. Te lo llevamos gratis y envasado al vac\u00edo en 24 o 48 horas.","robots":{"index":"index","follow":"follow","max-snippet":"max-snippet:-1","max-image-preview":"max-image-preview:large","max-video-preview":"max-video-preview:-1"},"canonical":"https:\/\/peix-xc.whads.com\/es\/aviso-legal\/","og_locale":"es_ES","og_type":"article","og_title":"Aviso legal | Peix.cat - Peixateria online Boqueria","og_description":"Compra el mejor pescado y marisco online del Mercado de la Boqueria de Barcelona. Te lo llevamos gratis y envasado al vac\u00edo en 24 o 48 horas.","og_url":"https:\/\/peix-xc.whads.com\/es\/aviso-legal\/","og_site_name":"Peix.cat","article_modified_time":"2025-03-14T09:33:35+00:00","og_image":[{"width":1200,"height":675,"url":"https:\/\/peix-xc.whads.com\/wp-content\/uploads\/2025\/03\/peixcat.jpg","type":"image\/jpeg"}],"twitter_card":"summary_large_image","schema":{"@context":"https:\/\/schema.org","@graph":[{"@type":"WebPage","@id":"https:\/\/peix-xc.whads.com\/es\/aviso-legal\/","url":"https:\/\/peix-xc.whads.com\/es\/aviso-legal\/","name":"Aviso legal | Peix.cat - Peixateria online Boqueria","isPartOf":{"@id":"https:\/\/peix-xc.whads.com\/es\/#website"},"datePublished":"2024-11-22T11:08:06+00:00","dateModified":"2025-03-14T09:33:35+00:00","description":"Compra el mejor pescado y marisco online del Mercado de la Boqueria de Barcelona. Te lo llevamos gratis y envasado al vac\u00edo en 24 o 48 horas.","breadcrumb":{"@id":"https:\/\/peix-xc.whads.com\/es\/aviso-legal\/#breadcrumb"},"inLanguage":"es","potentialAction":[{"@type":"ReadAction","target":["https:\/\/peix-xc.whads.com\/es\/aviso-legal\/"]}]},{"@type":"BreadcrumbList","@id":"https:\/\/peix-xc.whads.com\/es\/aviso-legal\/#breadcrumb","itemListElement":[{"@type":"ListItem","position":1,"name":"Home","item":"https:\/\/peix-xc.whads.com\/es\/"},{"@type":"ListItem","position":2,"name":"Aviso legal"}]},{"@type":"WebSite","@id":"https:\/\/peix-xc.whads.com\/es\/#website","url":"https:\/\/peix-xc.whads.com\/es\/","name":"Peix.cat","description":"Peixateria online Boqueria","publisher":{"@id":"https:\/\/peix-xc.whads.com\/es\/#organization"},"potentialAction":[{"@type":"SearchAction","target":{"@type":"EntryPoint","urlTemplate":"https:\/\/peix-xc.whads.com\/es\/?s={search_term_string}"},"query-input":{"@type":"PropertyValueSpecification","valueRequired":true,"valueName":"search_term_string"}}],"inLanguage":"es"},{"@type":"Organization","@id":"https:\/\/peix-xc.whads.com\/es\/#organization","name":"Peix.cat","url":"https:\/\/peix-xc.whads.com\/es\/","logo":{"@type":"ImageObject","inLanguage":"es","@id":"https:\/\/peix-xc.whads.com\/es\/#\/schema\/logo\/image\/","url":"https:\/\/peix-xc.whads.com\/wp-content\/uploads\/2024\/09\/cropped-peixcat_logo_small.png","contentUrl":"https:\/\/peix-xc.whads.com\/wp-content\/uploads\/2024\/09\/cropped-peixcat_logo_small.png","width":300,"height":300,"caption":"Peix.cat"},"image":{"@id":"https:\/\/peix-xc.whads.com\/es\/#\/schema\/logo\/image\/"},"sameAs":["https:\/\/www.instagram.com\/peix.cat\/"]}]}},"_links":{"self":[{"href":"https:\/\/peix-xc.whads.com\/es\/wp-json\/wp\/v2\/pages\/1127","targetHints":{"allow":["GET"]}}],"collection":[{"href":"https:\/\/peix-xc.whads.com\/es\/wp-json\/wp\/v2\/pages"}],"about":[{"href":"https:\/\/peix-xc.whads.com\/es\/wp-json\/wp\/v2\/types\/page"}],"author":[{"embeddable":true,"href":"https:\/\/peix-xc.whads.com\/es\/wp-json\/wp\/v2\/users\/1"}],"replies":[{"embeddable":true,"href":"https:\/\/peix-xc.whads.com\/es\/wp-json\/wp\/v2\/comments?post=1127"}],"version-history":[{"count":1,"href":"https:\/\/peix-xc.whads.com\/es\/wp-json\/wp\/v2\/pages\/1127\/revisions"}],"predecessor-version":[{"id":1128,"href":"https:\/\/peix-xc.whads.com\/es\/wp-json\/wp\/v2\/pages\/1127\/revisions\/1128"}],"wp:attachment":[{"href":"https:\/\/peix-xc.whads.com\/es\/wp-json\/wp\/v2\/media?parent=1127"}],"curies":[{"name":"wp","href":"https:\/\/api.w.org\/{rel}","templated":true}]}}