{"id":1057,"date":"2024-09-09T07:22:49","date_gmt":"2024-09-09T05:22:49","guid":{"rendered":"https:\/\/peix-xc.whads.com\/?page_id=1057"},"modified":"2025-03-14T11:39:01","modified_gmt":"2025-03-14T09:39:01","slug":"quienes-somos","status":"publish","type":"page","link":"https:\/\/peix-xc.whads.com\/es\/quienes-somos\/","title":{"rendered":"Qui\u00e9nes somos"},"content":{"rendered":"<header id=\"whads-header-gblock-block_8c0a64618f7aeba6206b8839d1392c46\" class=\"whads-header-gblock whads-gblock with-background-image alignwide\" data-alignement=\"center\" data-layout=\"background-image\"><div class=\"whads-header-gblock__background whads-header-gblock__background--image\" style=\"background-image: url(https:\/\/peix-xc.whads.com\/wp-content\/uploads\/2024\/11\/75f7baca883a7cc2587a66db741e300d-1-scaled-aspect-ratio-2560-743-scaled.jpeg);\"><\/div><div class=\"whads-header-gblock__inner\"><div class=\"whads-header-gblock__content\"><div class=\"whads-header-gblock__heading__wrapper\"><h1 class=\"whads-header-gblock__heading\">Qui\u00e9nes somos<\/h1><\/div><\/div><\/div><\/header>\n\n<section id=\"whads-textimage-gblock-block_baca6a9ac6312c1d9738bb4c58a05d6f\" class=\"whads-textimage-gblock whads-gblock alignwide\" data-layout=\"text-9\"><div class=\"whads-textimage-gblock__inner whads-animation whads-animation__fade-in-up-subtle\"><div class=\"whads-textimage-gblock__text__wrapper\"><div class=\"whads-textimage-gblock__text__inner\"><div class=\"whads-textimage-gblock__text\"><p>Peixateria Ripoll Estera es una empresa familiar con m\u00e1s de <strong>140 a\u00f1os<\/strong> de historia. Cinco generaciones han dado continuidad al negocio desde 1872.<\/p>\n<p>Estamos en\u00a0<strong>La Boquer\u00eda<\/strong>, el mercado m\u00e1s emblem\u00e1tico y popular de Barcelona y uno de los m\u00e1s importantes del mundo. Un lugar privilegiado para la comercializaci\u00f3n de nuestros productos: pescado fresco y marisco.<\/p>\n<p>Ofrecemos nuestro servicio tanto al detalle, desde nuestras paradas del mercado, como a mayoristas, desde nuestro almac\u00e9n; y desde hace unos a\u00f1os tambi\u00e9n en\u00a0<strong>Internet<\/strong>, siendo \u00e9sta una iniciativa pionera que ha sido premiada por el Ayuntamiento de Barcelona y la Generalitat de Catalunya.<\/p>\n<p>Nuestra gran experiencia y volumen de negocio nos permiten ofrecer productos de <strong>primera calidad al mejor precio<\/strong>.<\/p>\n<\/div><\/div><\/div><\/div><\/section>\n\n<section id=\"whads-video-gblock-block_00e233101b50b8d33d3e52dfc773436c\" class=\"whads-video-gblock whads-gblock alignwide margin-bottom-default\" data-layout=\"image-left-4-8\"><div class=\"whads-video-gblock__inner whads-animation whads-animation__fade-in-up-subtle\"><div class=\"whads-video-gblock__left-image__wrapper\"><div class=\"whads-video-gblock__left-image__inner\" style=\"background-image: url(https:\/\/peix-xc.whads.com\/wp-content\/uploads\/2024\/11\/peix_manel_ripoll.jpg);\"><img loading=\"lazy\" decoding=\"async\" width=\"256\" height=\"319\" src=\"https:\/\/peix-xc.whads.com\/wp-content\/uploads\/2024\/11\/peix_manel_ripoll.jpg\" class=\"whads-video-gblock__left-image\" alt=\"Imagen de Peix.cat\" srcset=\"https:\/\/peix-xc.whads.com\/wp-content\/uploads\/2024\/11\/peix_manel_ripoll.jpg 256w, https:\/\/peix-xc.whads.com\/wp-content\/uploads\/2024\/11\/peix_manel_ripoll-241x300.jpg 241w\" sizes=\"auto, (max-width: 256px) 100vw, 256px\" \/><\/div><div class=\"whads-video-gblock__left-image\" style=\"background-image: url(https:\/\/peix-xc.whads.com\/wp-content\/uploads\/2024\/11\/peix_manel_ripoll.jpg);\"><\/div><div class=\"whads-video-gblock__left-image__text\"><p><strong>Manel Ripoll<\/strong>, padre de Llu\u00efsa y Jaume, fue durante casi una d\u00e9cada, presidente de la Asociaci\u00f3n de comerciantes de la Boquer\u00eda.<\/p>\n<\/div><\/div><div class=\"whads-video-gblock__video__wrapper\"><div class=\"whads-lazyload-video\" data-video-id=\"EfAERjvRWcc\" data-video-type=\"youtube\"><div class=\"whads-lazyload-video__cover\"><img loading=\"lazy\" decoding=\"async\" width=\"1207\" height=\"679\" src=\"https:\/\/peix-xc.whads.com\/wp-content\/uploads\/2024\/11\/peix_video_cover.jpg\" class=\"whads-lazyload-video__cover__image\" alt=\"Video\" srcset=\"https:\/\/peix-xc.whads.com\/wp-content\/uploads\/2024\/11\/peix_video_cover.jpg 1207w, https:\/\/peix-xc.whads.com\/wp-content\/uploads\/2024\/11\/peix_video_cover-300x169.jpg 300w, https:\/\/peix-xc.whads.com\/wp-content\/uploads\/2024\/11\/peix_video_cover-1024x576.jpg 1024w, https:\/\/peix-xc.whads.com\/wp-content\/uploads\/2024\/11\/peix_video_cover-768x432.jpg 768w, https:\/\/peix-xc.whads.com\/wp-content\/uploads\/2024\/11\/peix_video_cover-600x338.jpg 600w\" sizes=\"auto, (max-width: 1207px) 100vw, 1207px\" \/><div class=\"svg-wrapper whads-lazyload-video__cover__play\"><svg xmlns=\"http:\/\/www.w3.org\/2000\/svg\" width=\"120\" height=\"120\" viewBox=\"0 0 120 120\" fill=\"none\">\n    <path d=\"M105 60C105 65.9095 103.836 71.7611 101.575 77.2208C99.3131 82.6804 95.9984 87.6412 91.8198 91.8198C87.6412 95.9984 82.6804 99.3131 77.2208 101.575C71.7611 103.836 65.9095 105 60 105C54.0905 105 48.2389 103.836 42.7792 101.575C37.3196 99.3131 32.3588 95.9984 28.1802 91.8198C24.0016 87.6412 20.6869 82.6804 18.4254 77.2208C16.164 71.7611 15 65.9095 15 60C15 48.0653 19.7411 36.6193 28.1802 28.1802C36.6193 19.7411 48.0653 15 60 15C71.9347 15 83.3807 19.7411 91.8198 28.1802C100.259 36.6193 105 48.0653 105 60Z\" stroke=\"white\" stroke-width=\"2\" stroke-linecap=\"round\" stroke-linejoin=\"round\"\/>\n    <path d=\"M79.55 58.36C79.8428 58.5222 80.0868 58.7599 80.2567 59.0483C80.4265 59.3367 80.5161 59.6653 80.5161 60C80.5161 60.3347 80.4265 60.6633 80.2567 60.9517C80.0868 61.2401 79.8428 61.4777 79.55 61.64L51.535 77.205C51.2495 77.3634 50.9276 77.4446 50.6011 77.4405C50.2747 77.4363 49.9549 77.347 49.6736 77.1813C49.3922 77.0156 49.159 76.7793 48.997 76.4959C48.835 76.2124 48.7499 75.8915 48.75 75.565V44.435C48.75 43.005 50.285 42.105 51.535 42.8L79.55 58.36Z\" fill=\"white\"\/>\n<\/svg>\n<\/div><\/div><\/div><div class=\"whads-video-gblock__video__caption\"><p style=\"text-align: right;\"><span class=\"whads-small-text\">Los comerciantes de la Boqueria recuerdan a Manel Ripoll.<\/span><\/p>\n<\/div><\/div><\/div><\/section>","protected":false},"excerpt":{"rendered":"","protected":false},"author":1,"featured_media":0,"parent":0,"menu_order":0,"comment_status":"closed","ping_status":"closed","template":"","meta":{"_acf_changed":false,"footnotes":""},"class_list":["post-1057","page","type-page","status-publish","hentry"],"acf":[],"yoast_head":"<!-- This site is optimized with the Yoast SEO plugin v26.8 - https:\/\/yoast.com\/product\/yoast-seo-wordpress\/ -->\n<title>Peix.cat | Pescader\u00eda online - 140 a\u00f1os en la Boqueria de Barcelona<\/title>\n<meta name=\"description\" content=\"Compra el mejor pescado y marisco online del Mercado de la Boqueria de Barcelona. Te lo llevamos gratis y envasado al vac\u00edo en 24 o 48 horas.\" \/>\n<meta name=\"robots\" content=\"index, follow, max-snippet:-1, max-image-preview:large, max-video-preview:-1\" \/>\n<link rel=\"canonical\" href=\"https:\/\/peix-xc.whads.com\/es\/quienes-somos\/\" \/>\n<meta property=\"og:locale\" content=\"es_ES\" \/>\n<meta property=\"og:type\" content=\"article\" \/>\n<meta property=\"og:title\" content=\"Peix.cat | Pescader\u00eda online - 140 a\u00f1os en la Boqueria de Barcelona\" \/>\n<meta property=\"og:description\" content=\"Compra el mejor pescado y marisco online del Mercado de la Boqueria de Barcelona. Te lo llevamos gratis y envasado al vac\u00edo en 24 o 48 horas.\" \/>\n<meta property=\"og:url\" content=\"https:\/\/peix-xc.whads.com\/es\/quienes-somos\/\" \/>\n<meta property=\"og:site_name\" content=\"Peix.cat\" \/>\n<meta property=\"article:modified_time\" content=\"2025-03-14T09:39:01+00:00\" \/>\n<meta property=\"og:image\" content=\"https:\/\/peix-xc.whads.com\/wp-content\/uploads\/2025\/03\/peixcat.jpg\" \/>\n\t<meta property=\"og:image:width\" content=\"1200\" \/>\n\t<meta property=\"og:image:height\" content=\"675\" \/>\n\t<meta property=\"og:image:type\" content=\"image\/jpeg\" \/>\n<meta name=\"twitter:card\" content=\"summary_large_image\" \/>\n<script type=\"application\/ld+json\" class=\"yoast-schema-graph\">{\"@context\":\"https:\/\/schema.org\",\"@graph\":[{\"@type\":\"WebPage\",\"@id\":\"https:\/\/peix-xc.whads.com\/es\/quienes-somos\/\",\"url\":\"https:\/\/peix-xc.whads.com\/es\/quienes-somos\/\",\"name\":\"Peix.cat | Pescader\u00eda online - 140 a\u00f1os en la Boqueria de Barcelona\",\"isPartOf\":{\"@id\":\"https:\/\/peix-xc.whads.com\/es\/#website\"},\"datePublished\":\"2024-09-09T05:22:49+00:00\",\"dateModified\":\"2025-03-14T09:39:01+00:00\",\"description\":\"Compra el mejor pescado y marisco online del Mercado de la Boqueria de Barcelona. Te lo llevamos gratis y envasado al vac\u00edo en 24 o 48 horas.\",\"breadcrumb\":{\"@id\":\"https:\/\/peix-xc.whads.com\/es\/quienes-somos\/#breadcrumb\"},\"inLanguage\":\"es\",\"potentialAction\":[{\"@type\":\"ReadAction\",\"target\":[\"https:\/\/peix-xc.whads.com\/es\/quienes-somos\/\"]}]},{\"@type\":\"BreadcrumbList\",\"@id\":\"https:\/\/peix-xc.whads.com\/es\/quienes-somos\/#breadcrumb\",\"itemListElement\":[{\"@type\":\"ListItem\",\"position\":1,\"name\":\"Home\",\"item\":\"https:\/\/peix-xc.whads.com\/es\/\"},{\"@type\":\"ListItem\",\"position\":2,\"name\":\"Qui\u00e9nes somos\"}]},{\"@type\":\"WebSite\",\"@id\":\"https:\/\/peix-xc.whads.com\/es\/#website\",\"url\":\"https:\/\/peix-xc.whads.com\/es\/\",\"name\":\"Peix.cat\",\"description\":\"Peixateria online Boqueria\",\"publisher\":{\"@id\":\"https:\/\/peix-xc.whads.com\/es\/#organization\"},\"potentialAction\":[{\"@type\":\"SearchAction\",\"target\":{\"@type\":\"EntryPoint\",\"urlTemplate\":\"https:\/\/peix-xc.whads.com\/es\/?s={search_term_string}\"},\"query-input\":{\"@type\":\"PropertyValueSpecification\",\"valueRequired\":true,\"valueName\":\"search_term_string\"}}],\"inLanguage\":\"es\"},{\"@type\":\"Organization\",\"@id\":\"https:\/\/peix-xc.whads.com\/es\/#organization\",\"name\":\"Peix.cat\",\"url\":\"https:\/\/peix-xc.whads.com\/es\/\",\"logo\":{\"@type\":\"ImageObject\",\"inLanguage\":\"es\",\"@id\":\"https:\/\/peix-xc.whads.com\/es\/#\/schema\/logo\/image\/\",\"url\":\"https:\/\/peix-xc.whads.com\/wp-content\/uploads\/2024\/09\/cropped-peixcat_logo_small.png\",\"contentUrl\":\"https:\/\/peix-xc.whads.com\/wp-content\/uploads\/2024\/09\/cropped-peixcat_logo_small.png\",\"width\":300,\"height\":300,\"caption\":\"Peix.cat\"},\"image\":{\"@id\":\"https:\/\/peix-xc.whads.com\/es\/#\/schema\/logo\/image\/\"},\"sameAs\":[\"https:\/\/www.instagram.com\/peix.cat\/\"]}]}<\/script>\n<!-- \/ Yoast SEO plugin. -->","yoast_head_json":{"title":"Peix.cat | Pescader\u00eda online - 140 a\u00f1os en la Boqueria de Barcelona","description":"Compra el mejor pescado y marisco online del Mercado de la Boqueria de Barcelona. Te lo llevamos gratis y envasado al vac\u00edo en 24 o 48 horas.","robots":{"index":"index","follow":"follow","max-snippet":"max-snippet:-1","max-image-preview":"max-image-preview:large","max-video-preview":"max-video-preview:-1"},"canonical":"https:\/\/peix-xc.whads.com\/es\/quienes-somos\/","og_locale":"es_ES","og_type":"article","og_title":"Peix.cat | Pescader\u00eda online - 140 a\u00f1os en la Boqueria de Barcelona","og_description":"Compra el mejor pescado y marisco online del Mercado de la Boqueria de Barcelona. Te lo llevamos gratis y envasado al vac\u00edo en 24 o 48 horas.","og_url":"https:\/\/peix-xc.whads.com\/es\/quienes-somos\/","og_site_name":"Peix.cat","article_modified_time":"2025-03-14T09:39:01+00:00","og_image":[{"width":1200,"height":675,"url":"https:\/\/peix-xc.whads.com\/wp-content\/uploads\/2025\/03\/peixcat.jpg","type":"image\/jpeg"}],"twitter_card":"summary_large_image","schema":{"@context":"https:\/\/schema.org","@graph":[{"@type":"WebPage","@id":"https:\/\/peix-xc.whads.com\/es\/quienes-somos\/","url":"https:\/\/peix-xc.whads.com\/es\/quienes-somos\/","name":"Peix.cat | Pescader\u00eda online - 140 a\u00f1os en la Boqueria de Barcelona","isPartOf":{"@id":"https:\/\/peix-xc.whads.com\/es\/#website"},"datePublished":"2024-09-09T05:22:49+00:00","dateModified":"2025-03-14T09:39:01+00:00","description":"Compra el mejor pescado y marisco online del Mercado de la Boqueria de Barcelona. Te lo llevamos gratis y envasado al vac\u00edo en 24 o 48 horas.","breadcrumb":{"@id":"https:\/\/peix-xc.whads.com\/es\/quienes-somos\/#breadcrumb"},"inLanguage":"es","potentialAction":[{"@type":"ReadAction","target":["https:\/\/peix-xc.whads.com\/es\/quienes-somos\/"]}]},{"@type":"BreadcrumbList","@id":"https:\/\/peix-xc.whads.com\/es\/quienes-somos\/#breadcrumb","itemListElement":[{"@type":"ListItem","position":1,"name":"Home","item":"https:\/\/peix-xc.whads.com\/es\/"},{"@type":"ListItem","position":2,"name":"Qui\u00e9nes somos"}]},{"@type":"WebSite","@id":"https:\/\/peix-xc.whads.com\/es\/#website","url":"https:\/\/peix-xc.whads.com\/es\/","name":"Peix.cat","description":"Peixateria online Boqueria","publisher":{"@id":"https:\/\/peix-xc.whads.com\/es\/#organization"},"potentialAction":[{"@type":"SearchAction","target":{"@type":"EntryPoint","urlTemplate":"https:\/\/peix-xc.whads.com\/es\/?s={search_term_string}"},"query-input":{"@type":"PropertyValueSpecification","valueRequired":true,"valueName":"search_term_string"}}],"inLanguage":"es"},{"@type":"Organization","@id":"https:\/\/peix-xc.whads.com\/es\/#organization","name":"Peix.cat","url":"https:\/\/peix-xc.whads.com\/es\/","logo":{"@type":"ImageObject","inLanguage":"es","@id":"https:\/\/peix-xc.whads.com\/es\/#\/schema\/logo\/image\/","url":"https:\/\/peix-xc.whads.com\/wp-content\/uploads\/2024\/09\/cropped-peixcat_logo_small.png","contentUrl":"https:\/\/peix-xc.whads.com\/wp-content\/uploads\/2024\/09\/cropped-peixcat_logo_small.png","width":300,"height":300,"caption":"Peix.cat"},"image":{"@id":"https:\/\/peix-xc.whads.com\/es\/#\/schema\/logo\/image\/"},"sameAs":["https:\/\/www.instagram.com\/peix.cat\/"]}]}},"_links":{"self":[{"href":"https:\/\/peix-xc.whads.com\/es\/wp-json\/wp\/v2\/pages\/1057","targetHints":{"allow":["GET"]}}],"collection":[{"href":"https:\/\/peix-xc.whads.com\/es\/wp-json\/wp\/v2\/pages"}],"about":[{"href":"https:\/\/peix-xc.whads.com\/es\/wp-json\/wp\/v2\/types\/page"}],"author":[{"embeddable":true,"href":"https:\/\/peix-xc.whads.com\/es\/wp-json\/wp\/v2\/users\/1"}],"replies":[{"embeddable":true,"href":"https:\/\/peix-xc.whads.com\/es\/wp-json\/wp\/v2\/comments?post=1057"}],"version-history":[{"count":3,"href":"https:\/\/peix-xc.whads.com\/es\/wp-json\/wp\/v2\/pages\/1057\/revisions"}],"predecessor-version":[{"id":1100,"href":"https:\/\/peix-xc.whads.com\/es\/wp-json\/wp\/v2\/pages\/1057\/revisions\/1100"}],"wp:attachment":[{"href":"https:\/\/peix-xc.whads.com\/es\/wp-json\/wp\/v2\/media?parent=1057"}],"curies":[{"name":"wp","href":"https:\/\/api.w.org\/{rel}","templated":true}]}}