{"id":1041,"date":"2024-09-09T07:24:19","date_gmt":"2024-09-09T05:24:19","guid":{"rendered":"https:\/\/peix-xc.whads.com\/?page_id=1041"},"modified":"2025-09-15T22:12:02","modified_gmt":"2025-09-15T20:12:02","slug":"preguntes-frequents","status":"publish","type":"page","link":"https:\/\/peix-xc.whads.com\/es\/preguntes-frequents\/","title":{"rendered":"Preguntas frecuentes"},"content":{"rendered":"<header id=\"whads-header-gblock-block_4dcc65851ec675ea1457f6b039950fb8\" class=\"whads-header-gblock whads-gblock with-background-image alignwide\" data-alignement=\"center\" data-layout=\"background-image\"><div class=\"whads-header-gblock__background whads-header-gblock__background--image\" style=\"background-image: url(https:\/\/peix-xc.whads.com\/wp-content\/uploads\/2024\/11\/fdd18f4f3f984ad9e004262ad93dfe72-1-scaled-aspect-ratio-2560-722-scaled.jpeg);\"><\/div><div class=\"whads-header-gblock__inner\"><div class=\"whads-header-gblock__content\"><div class=\"whads-header-gblock__heading__wrapper\"><h1 class=\"whads-header-gblock__heading\">Preguntas frecuentes<\/h1><\/div><\/div><\/div><\/header>\n\n<section id=\"whads-faqs-gblock-block_dabe9e97a49ff5b82c77b31604aa7d89\" class=\"whads-faqs-gblock whads-gblock alignwide\"><div class=\"whads-faqs-gblock__inner whads-animation whads-animation__fade-in-up-subtle\"><div class=\"whads-faqs-gblock__side\"><div class=\"whads-faqs-gblock__side__text\"><p><strong>Aqu\u00ed encontrar\u00e1 las respuestas a las preguntas m\u00e1s habituales de nuestros clientes.<\/strong><\/p>\n<hr \/>\n<p><strong>\u00bfNecesita m\u00e1s ayuda?<\/strong><\/p>\n<div class=\"whads-site-contact-info\"><p><strong>647 87 33 27<\/strong><\/p>\n<\/div>\n<\/div><\/div><div class=\"whads-faqs-gblock__content\"><div class=\"whads-faqs-gblock__faqs\"><div class=\"whads-faqs-gblock__faqs__faq\"><div class=\"whads-faqs-gblock__faqs__faq__trigger\"><h3 class=\"whads-faqs-gblock__faqs__faq__trigger__title\">Peso del pescado<\/h3><div class=\"whads-faqs-gblock__faqs__faq__trigger__icon\"><div class=\"svg-wrapper whads-faqs-gblock__faqs__faq__trigger__icon--plus\"><svg width=\"32\" height=\"32\" viewBox=\"0 0 32 32\" fill=\"none\" xmlns=\"http:\/\/www.w3.org\/2000\/svg\"><path d=\"M16 6V26M26 16H6\" stroke=\"black\" stroke-width=\"1.5\" stroke-linecap=\"round\" stroke-linejoin=\"round\"\/><\/svg>\n<\/div><div class=\"svg-wrapper whads-faqs-gblock__faqs__faq__trigger__icon--minus\"><svg width=\"32\" height=\"32\" viewBox=\"0 0 32 32\" fill=\"none\" xmlns=\"http:\/\/www.w3.org\/2000\/svg\"><path d=\"M6.66666 16H25.3333\" stroke=\"black\" stroke-width=\"1.5\" stroke-linecap=\"round\" stroke-linejoin=\"round\"\/><\/svg>\n<\/div><\/div><\/div><div class=\"whads-faqs-gblock__faqs__faq__content\"><p>El peso final del pescado, una vez limpio y preparado, es inferior al peso inicial.<\/p>\n<p>Por ejemplo, 1 kg de sardinas, despu\u00e9s de retirar las tripas y las escamas, se puede quedar en 800 g. Una merluza de palangre de 1 kg preparada a filetes se queda en 500 g porque se han retirado las tripas, cabeza y espinas.<\/p>\n<p>En la ficha de cada producto encontrar\u00e1s el peso inicial y el peso final aproximado una vez limpio. Adem\u00e1s, ofrecemos una orientaci\u00f3n sobre el n\u00famero de personas que puede servir:<\/p>\n<p><img loading=\"lazy\" decoding=\"async\" class=\"alignnone wp-image-869 size-full\" src=\"https:\/\/peix-xc.whads.com\/wp-content\/uploads\/2024\/11\/peix_faqs_pes.jpg\" alt=\"\" width=\"666\" height=\"185\" srcset=\"https:\/\/peix-xc.whads.com\/wp-content\/uploads\/2024\/11\/peix_faqs_pes.jpg 666w, https:\/\/peix-xc.whads.com\/wp-content\/uploads\/2024\/11\/peix_faqs_pes-300x83.jpg 300w, https:\/\/peix-xc.whads.com\/wp-content\/uploads\/2024\/11\/peix_faqs_pes-600x167.jpg 600w\" sizes=\"auto, (max-width: 666px) 100vw, 666px\" \/><\/p>\n<p>Si quieres que incluyamos alguno de los restos de la preparaci\u00f3n en el env\u00edo, puedes solicitarlo en el campo de notas del pedido.<\/p>\n<\/div><\/div><div class=\"whads-faqs-gblock__faqs__faq\"><div class=\"whads-faqs-gblock__faqs__faq__trigger\"><h3 class=\"whads-faqs-gblock__faqs__faq__trigger__title\">Envasado<\/h3><div class=\"whads-faqs-gblock__faqs__faq__trigger__icon\"><div class=\"svg-wrapper whads-faqs-gblock__faqs__faq__trigger__icon--plus\"><svg width=\"32\" height=\"32\" viewBox=\"0 0 32 32\" fill=\"none\" xmlns=\"http:\/\/www.w3.org\/2000\/svg\"><path d=\"M16 6V26M26 16H6\" stroke=\"black\" stroke-width=\"1.5\" stroke-linecap=\"round\" stroke-linejoin=\"round\"\/><\/svg>\n<\/div><div class=\"svg-wrapper whads-faqs-gblock__faqs__faq__trigger__icon--minus\"><svg width=\"32\" height=\"32\" viewBox=\"0 0 32 32\" fill=\"none\" xmlns=\"http:\/\/www.w3.org\/2000\/svg\"><path d=\"M6.66666 16H25.3333\" stroke=\"black\" stroke-width=\"1.5\" stroke-linecap=\"round\" stroke-linejoin=\"round\"\/><\/svg>\n<\/div><\/div><\/div><div class=\"whads-faqs-gblock__faqs__faq__content\"><p>El pescado y el marisco se envasan al vac\u00edo y se etiqueta con el nombre del producto y la fecha de envasado para asegurar su m\u00e1xima conservaci\u00f3n y facilitar su congelaci\u00f3n. Si desea alguna preparaci\u00f3n o un envasado espec\u00edfico, ind\u00edcalo en las notas del pedido. Los productos que no son pescado o marisco se entregan con el envase original.<\/p>\n<p><img loading=\"lazy\" decoding=\"async\" class=\"alignnone size-medium wp-image-871\" src=\"https:\/\/peix-xc.whads.com\/wp-content\/uploads\/2024\/11\/unnamed-7-276x300.png\" alt=\"\" width=\"276\" height=\"300\" srcset=\"https:\/\/peix-xc.whads.com\/wp-content\/uploads\/2024\/11\/unnamed-7-276x300.png 276w, https:\/\/peix-xc.whads.com\/wp-content\/uploads\/2024\/11\/unnamed-7-943x1024.png 943w, https:\/\/peix-xc.whads.com\/wp-content\/uploads\/2024\/11\/unnamed-7-768x834.png 768w, https:\/\/peix-xc.whads.com\/wp-content\/uploads\/2024\/11\/unnamed-7-600x651.png 600w, https:\/\/peix-xc.whads.com\/wp-content\/uploads\/2024\/11\/unnamed-7.png 1120w\" sizes=\"auto, (max-width: 276px) 100vw, 276px\" \/><\/p>\n<\/div><\/div><div class=\"whads-faqs-gblock__faqs__faq\"><div class=\"whads-faqs-gblock__faqs__faq__trigger\"><h3 class=\"whads-faqs-gblock__faqs__faq__trigger__title\">Transporte<\/h3><div class=\"whads-faqs-gblock__faqs__faq__trigger__icon\"><div class=\"svg-wrapper whads-faqs-gblock__faqs__faq__trigger__icon--plus\"><svg width=\"32\" height=\"32\" viewBox=\"0 0 32 32\" fill=\"none\" xmlns=\"http:\/\/www.w3.org\/2000\/svg\"><path d=\"M16 6V26M26 16H6\" stroke=\"black\" stroke-width=\"1.5\" stroke-linecap=\"round\" stroke-linejoin=\"round\"\/><\/svg>\n<\/div><div class=\"svg-wrapper whads-faqs-gblock__faqs__faq__trigger__icon--minus\"><svg width=\"32\" height=\"32\" viewBox=\"0 0 32 32\" fill=\"none\" xmlns=\"http:\/\/www.w3.org\/2000\/svg\"><path d=\"M6.66666 16H25.3333\" stroke=\"black\" stroke-width=\"1.5\" stroke-linecap=\"round\" stroke-linejoin=\"round\"\/><\/svg>\n<\/div><\/div><\/div><div class=\"whads-faqs-gblock__faqs__faq__content\"><p>El pescado se transporta en veh\u00edculos preparados para el reparto de mercanc\u00edas frescas para mantener la cadena de fr\u00edo.<\/p>\n<p><img loading=\"lazy\" decoding=\"async\" class=\"alignnone size-medium wp-image-873\" src=\"https:\/\/peix-xc.whads.com\/wp-content\/uploads\/2024\/11\/unnamed-8-300x219.png\" alt=\"\" width=\"300\" height=\"219\" srcset=\"https:\/\/peix-xc.whads.com\/wp-content\/uploads\/2024\/11\/unnamed-8-300x219.png 300w, https:\/\/peix-xc.whads.com\/wp-content\/uploads\/2024\/11\/unnamed-8-1024x748.png 1024w, https:\/\/peix-xc.whads.com\/wp-content\/uploads\/2024\/11\/unnamed-8-768x561.png 768w, https:\/\/peix-xc.whads.com\/wp-content\/uploads\/2024\/11\/unnamed-8-600x438.png 600w, https:\/\/peix-xc.whads.com\/wp-content\/uploads\/2024\/11\/unnamed-8.png 1476w\" sizes=\"auto, (max-width: 300px) 100vw, 300px\" \/><\/p>\n<\/div><\/div><div class=\"whads-faqs-gblock__faqs__faq\"><div class=\"whads-faqs-gblock__faqs__faq__trigger\"><h3 class=\"whads-faqs-gblock__faqs__faq__trigger__title\">Zonas, d\u00edas y horarios de env\u00edo<\/h3><div class=\"whads-faqs-gblock__faqs__faq__trigger__icon\"><div class=\"svg-wrapper whads-faqs-gblock__faqs__faq__trigger__icon--plus\"><svg width=\"32\" height=\"32\" viewBox=\"0 0 32 32\" fill=\"none\" xmlns=\"http:\/\/www.w3.org\/2000\/svg\"><path d=\"M16 6V26M26 16H6\" stroke=\"black\" stroke-width=\"1.5\" stroke-linecap=\"round\" stroke-linejoin=\"round\"\/><\/svg>\n<\/div><div class=\"svg-wrapper whads-faqs-gblock__faqs__faq__trigger__icon--minus\"><svg width=\"32\" height=\"32\" viewBox=\"0 0 32 32\" fill=\"none\" xmlns=\"http:\/\/www.w3.org\/2000\/svg\"><path d=\"M6.66666 16H25.3333\" stroke=\"black\" stroke-width=\"1.5\" stroke-linecap=\"round\" stroke-linejoin=\"round\"\/><\/svg>\n<\/div><\/div><\/div><div class=\"whads-faqs-gblock__faqs__faq__content\"><p>Repartimos en:<\/p>\n<p><strong>Barcelona, \u200b\u200bHospitalet de Llobregat y Sant Just Desvern<\/strong><\/p>\n<ul>\n<li>Martes, mi\u00e9rcoles y viernes: de 11h a 14h y de 16h a 21h<\/li>\n<li>Jueves: de 11h a 13h y de 14h a 18h<\/li>\n<li>S\u00e1bados: de 11 ha 15 h<\/li>\n<\/ul>\n<p><strong>Sant Cugat, Valldoreix, Bellaterra y Rub\u00ed.<\/strong><\/p>\n<ul>\n<li>Jueves de 18 ha 21 h<\/li>\n<\/ul>\n<p>Puedes realizar pedidos hasta las 21:00 del d\u00eda anterior al env\u00edo.<\/p>\n<\/div><\/div><div class=\"whads-faqs-gblock__faqs__faq\"><div class=\"whads-faqs-gblock__faqs__faq__trigger\"><h3 class=\"whads-faqs-gblock__faqs__faq__trigger__title\">Gastos de env\u00edo<\/h3><div class=\"whads-faqs-gblock__faqs__faq__trigger__icon\"><div class=\"svg-wrapper whads-faqs-gblock__faqs__faq__trigger__icon--plus\"><svg width=\"32\" height=\"32\" viewBox=\"0 0 32 32\" fill=\"none\" xmlns=\"http:\/\/www.w3.org\/2000\/svg\"><path d=\"M16 6V26M26 16H6\" stroke=\"black\" stroke-width=\"1.5\" stroke-linecap=\"round\" stroke-linejoin=\"round\"\/><\/svg>\n<\/div><div class=\"svg-wrapper whads-faqs-gblock__faqs__faq__trigger__icon--minus\"><svg width=\"32\" height=\"32\" viewBox=\"0 0 32 32\" fill=\"none\" xmlns=\"http:\/\/www.w3.org\/2000\/svg\"><path d=\"M6.66666 16H25.3333\" stroke=\"black\" stroke-width=\"1.5\" stroke-linecap=\"round\" stroke-linejoin=\"round\"\/><\/svg>\n<\/div><\/div><\/div><div class=\"whads-faqs-gblock__faqs__faq__content\"><p><strong>Barcelona, \u200b\u200bL&#8217;Hospitalet y Sant Just:<\/strong><\/p>\n<ul>\n<li>Pedidos superiores a 50 \u20ac: env\u00edo gratuito<\/li>\n<li>Pedidos inferiores a 50 \u20ac: coste de env\u00edo 5 \u20ac<\/li>\n<\/ul>\n<p><strong>Resto de zonas:<\/strong><\/p>\n<ul>\n<li>Pedidos superiores a 70 \u20ac: env\u00edo gratuito<\/li>\n<li>Pedidos inferiores a 70 \u20ac: coste de env\u00edo 7 \u20ac<\/li>\n<\/ul>\n<\/div><\/div><div class=\"whads-faqs-gblock__faqs__faq\"><div class=\"whads-faqs-gblock__faqs__faq__trigger\"><h3 class=\"whads-faqs-gblock__faqs__faq__trigger__title\">Direcci\u00f3n de env\u00edo<\/h3><div class=\"whads-faqs-gblock__faqs__faq__trigger__icon\"><div class=\"svg-wrapper whads-faqs-gblock__faqs__faq__trigger__icon--plus\"><svg width=\"32\" height=\"32\" viewBox=\"0 0 32 32\" fill=\"none\" xmlns=\"http:\/\/www.w3.org\/2000\/svg\"><path d=\"M16 6V26M26 16H6\" stroke=\"black\" stroke-width=\"1.5\" stroke-linecap=\"round\" stroke-linejoin=\"round\"\/><\/svg>\n<\/div><div class=\"svg-wrapper whads-faqs-gblock__faqs__faq__trigger__icon--minus\"><svg width=\"32\" height=\"32\" viewBox=\"0 0 32 32\" fill=\"none\" xmlns=\"http:\/\/www.w3.org\/2000\/svg\"><path d=\"M6.66666 16H25.3333\" stroke=\"black\" stroke-width=\"1.5\" stroke-linecap=\"round\" stroke-linejoin=\"round\"\/><\/svg>\n<\/div><\/div><\/div><div class=\"whads-faqs-gblock__faqs__faq__content\"><p>En el \u00e1rea de usuario puedes establecer una direcci\u00f3n de env\u00edo por defecto.<\/p>\n<p>Para cada pedido, puedes modificar tu direcci\u00f3n de env\u00edo.<\/p>\n<p>Recuerda que el servicio de reparto s\u00f3lo est\u00e1 disponible en zonas determinadas.<\/p>\n<\/div><\/div><div class=\"whads-faqs-gblock__faqs__faq\"><div class=\"whads-faqs-gblock__faqs__faq__trigger\"><h3 class=\"whads-faqs-gblock__faqs__faq__trigger__title\">\u00bfQu\u00e9 pasa si no encontramos a nadie en el domicilio<\/h3><div class=\"whads-faqs-gblock__faqs__faq__trigger__icon\"><div class=\"svg-wrapper whads-faqs-gblock__faqs__faq__trigger__icon--plus\"><svg width=\"32\" height=\"32\" viewBox=\"0 0 32 32\" fill=\"none\" xmlns=\"http:\/\/www.w3.org\/2000\/svg\"><path d=\"M16 6V26M26 16H6\" stroke=\"black\" stroke-width=\"1.5\" stroke-linecap=\"round\" stroke-linejoin=\"round\"\/><\/svg>\n<\/div><div class=\"svg-wrapper whads-faqs-gblock__faqs__faq__trigger__icon--minus\"><svg width=\"32\" height=\"32\" viewBox=\"0 0 32 32\" fill=\"none\" xmlns=\"http:\/\/www.w3.org\/2000\/svg\"><path d=\"M6.66666 16H25.3333\" stroke=\"black\" stroke-width=\"1.5\" stroke-linecap=\"round\" stroke-linejoin=\"round\"\/><\/svg>\n<\/div><\/div><\/div><div class=\"whads-faqs-gblock__faqs__faq__content\"><p>Intentaremos contactar contigo en ese momento para que nos indiques d\u00f3nde entregar el pedido.<\/p>\n<p>Si no podemos entregar el pedido, lo devolveremos y te contactaremos para recibir nuevas instrucciones o para coordinar su recogida. En caso de tener que realizar un nuevo env\u00edo, se facturar\u00e1n los gastos de env\u00edo adicionales.<\/p>\n<\/div><\/div><div class=\"whads-faqs-gblock__faqs__faq\"><div class=\"whads-faqs-gblock__faqs__faq__trigger\"><h3 class=\"whads-faqs-gblock__faqs__faq__trigger__title\">M\u00e9todos de pago<\/h3><div class=\"whads-faqs-gblock__faqs__faq__trigger__icon\"><div class=\"svg-wrapper whads-faqs-gblock__faqs__faq__trigger__icon--plus\"><svg width=\"32\" height=\"32\" viewBox=\"0 0 32 32\" fill=\"none\" xmlns=\"http:\/\/www.w3.org\/2000\/svg\"><path d=\"M16 6V26M26 16H6\" stroke=\"black\" stroke-width=\"1.5\" stroke-linecap=\"round\" stroke-linejoin=\"round\"\/><\/svg>\n<\/div><div class=\"svg-wrapper whads-faqs-gblock__faqs__faq__trigger__icon--minus\"><svg width=\"32\" height=\"32\" viewBox=\"0 0 32 32\" fill=\"none\" xmlns=\"http:\/\/www.w3.org\/2000\/svg\"><path d=\"M6.66666 16H25.3333\" stroke=\"black\" stroke-width=\"1.5\" stroke-linecap=\"round\" stroke-linejoin=\"round\"\/><\/svg>\n<\/div><\/div><\/div><div class=\"whads-faqs-gblock__faqs__faq__content\"><p>Por defecto, los pedidos se pagan con <strong>tarjeta de d\u00e9bito o cr\u00e9dito, o con Bizum<\/strong>. Para facilitar compras futuras, en la p\u00e1gina de pago del banco podr\u00e1s seleccionar la opci\u00f3n de recordar tu tarjeta. Peix.cat no tiene acceso a las tarjetas guardadas:<\/p>\n<p><img loading=\"lazy\" decoding=\"async\" class=\"alignnone wp-image-1046 size-full\" src=\"https:\/\/peix-xc.whads.com\/wp-content\/uploads\/2024\/11\/peix-faqs-card-helper.png\" alt=\"\" width=\"528\" height=\"413\" srcset=\"https:\/\/peix-xc.whads.com\/wp-content\/uploads\/2024\/11\/peix-faqs-card-helper.png 528w, https:\/\/peix-xc.whads.com\/wp-content\/uploads\/2024\/11\/peix-faqs-card-helper-300x235.png 300w\" sizes=\"auto, (max-width: 528px) 100vw, 528px\" \/><\/p>\n<p>Tambi\u00e9n puedes pagar por <strong>domiciliaci\u00f3n bancaria<\/strong>. Cuando tengas esta opci\u00f3n activada, podr\u00e1s igualmente elegir pagar con tarjeta o Bizum en cada pedido.<\/p>\n<p>Si quieres activar el pago por domiciliaci\u00f3n o necesitas cambiar el n\u00famero de cuenta, escr\u00edbenos a info@peix.cat.<\/p>\n<p>Los clientes que ya ten\u00edan esta opci\u00f3n en la plataforma anterior la seguir\u00e1 teniendo disponible.<\/p>\n<\/div><\/div><div class=\"whads-faqs-gblock__faqs__faq\"><div class=\"whads-faqs-gblock__faqs__faq__trigger\"><h3 class=\"whads-faqs-gblock__faqs__faq__trigger__title\">Propuesta de cesta inteligente<\/h3><div class=\"whads-faqs-gblock__faqs__faq__trigger__icon\"><div class=\"svg-wrapper whads-faqs-gblock__faqs__faq__trigger__icon--plus\"><svg width=\"32\" height=\"32\" viewBox=\"0 0 32 32\" fill=\"none\" xmlns=\"http:\/\/www.w3.org\/2000\/svg\"><path d=\"M16 6V26M26 16H6\" stroke=\"black\" stroke-width=\"1.5\" stroke-linecap=\"round\" stroke-linejoin=\"round\"\/><\/svg>\n<\/div><div class=\"svg-wrapper whads-faqs-gblock__faqs__faq__trigger__icon--minus\"><svg width=\"32\" height=\"32\" viewBox=\"0 0 32 32\" fill=\"none\" xmlns=\"http:\/\/www.w3.org\/2000\/svg\"><path d=\"M6.66666 16H25.3333\" stroke=\"black\" stroke-width=\"1.5\" stroke-linecap=\"round\" stroke-linejoin=\"round\"\/><\/svg>\n<\/div><\/div><\/div><div class=\"whads-faqs-gblock__faqs__faq__content\"><p>Si lo deseas, cada semana te enviaremos\u00a0<strong>un correo electr\u00f3nico con una propuesta de cesta<\/strong>\u00a0basada en el importe y los productos de tus pedidos anteriores. Si todav\u00eda no has realizado un m\u00ednimo de 4 pedidos, la propuesta se generar\u00e1 a partir de los productos m\u00e1s populares.<\/p>\n<p>En el correo encontrar\u00e1s dos botones: uno para a\u00f1adir directamente a la cesta la propuesta que te hemos preparado y otro para empezar con una cesta vac\u00eda. Tanto uno como otro iniciar\u00e1n la sesi\u00f3n autom\u00e1ticamente para que no tengas que introducir las credenciales.<\/p>\n<p>Pots configurar les prefer\u00e8ncies de comunicaci\u00f3n en\u00a0<strong style=\"color: #000000;\"><a href=\"\/es\/tu-cuenta\/\">Tu cuenta<\/a><\/strong><\/p>\n<\/div><\/div><\/div><\/div><\/div><\/section>","protected":false},"excerpt":{"rendered":"","protected":false},"author":1,"featured_media":0,"parent":0,"menu_order":0,"comment_status":"closed","ping_status":"closed","template":"","meta":{"_acf_changed":false,"footnotes":""},"class_list":["post-1041","page","type-page","status-publish","hentry"],"acf":[],"yoast_head":"<!-- This site is optimized with the Yoast SEO plugin v26.8 - https:\/\/yoast.com\/product\/yoast-seo-wordpress\/ -->\n<title>Preguntas frecuentes | Peix.cat - Peixateria online Boqueria<\/title>\n<meta name=\"description\" content=\"Compra el millor peix i marisc online del Mercat de la Boqueria de Barcelona. T\u2019ho portem gratis i\u00a0 envasat al buit en 24 o 48 hores.\" \/>\n<meta name=\"robots\" content=\"index, follow, max-snippet:-1, max-image-preview:large, max-video-preview:-1\" \/>\n<link rel=\"canonical\" href=\"https:\/\/peix-xc.whads.com\/es\/preguntes-frequents\/\" \/>\n<meta property=\"og:locale\" content=\"es_ES\" \/>\n<meta property=\"og:type\" content=\"article\" \/>\n<meta property=\"og:title\" content=\"Preguntas frecuentes | Peix.cat - Peixateria online Boqueria\" \/>\n<meta property=\"og:description\" content=\"Compra el millor peix i marisc online del Mercat de la Boqueria de Barcelona. T\u2019ho portem gratis i\u00a0 envasat al buit en 24 o 48 hores.\" \/>\n<meta property=\"og:url\" content=\"https:\/\/peix-xc.whads.com\/es\/preguntes-frequents\/\" \/>\n<meta property=\"og:site_name\" content=\"Peix.cat\" \/>\n<meta property=\"article:modified_time\" content=\"2025-09-15T20:12:02+00:00\" \/>\n<meta property=\"og:image\" content=\"https:\/\/peix-xc.whads.com\/wp-content\/uploads\/2025\/03\/peixcat.jpg\" \/>\n\t<meta property=\"og:image:width\" content=\"1200\" \/>\n\t<meta property=\"og:image:height\" content=\"675\" \/>\n\t<meta property=\"og:image:type\" content=\"image\/jpeg\" \/>\n<meta name=\"twitter:card\" content=\"summary_large_image\" \/>\n<script type=\"application\/ld+json\" class=\"yoast-schema-graph\">{\"@context\":\"https:\/\/schema.org\",\"@graph\":[{\"@type\":\"WebPage\",\"@id\":\"https:\/\/peix-xc.whads.com\/es\/preguntes-frequents\/\",\"url\":\"https:\/\/peix-xc.whads.com\/es\/preguntes-frequents\/\",\"name\":\"Preguntas frecuentes | Peix.cat - Peixateria online Boqueria\",\"isPartOf\":{\"@id\":\"https:\/\/peix-xc.whads.com\/es\/#website\"},\"datePublished\":\"2024-09-09T05:24:19+00:00\",\"dateModified\":\"2025-09-15T20:12:02+00:00\",\"description\":\"Compra el millor peix i marisc online del Mercat de la Boqueria de Barcelona. T\u2019ho portem gratis i\u00a0 envasat al buit en 24 o 48 hores.\",\"breadcrumb\":{\"@id\":\"https:\/\/peix-xc.whads.com\/es\/preguntes-frequents\/#breadcrumb\"},\"inLanguage\":\"es\",\"potentialAction\":[{\"@type\":\"ReadAction\",\"target\":[\"https:\/\/peix-xc.whads.com\/es\/preguntes-frequents\/\"]}]},{\"@type\":\"BreadcrumbList\",\"@id\":\"https:\/\/peix-xc.whads.com\/es\/preguntes-frequents\/#breadcrumb\",\"itemListElement\":[{\"@type\":\"ListItem\",\"position\":1,\"name\":\"Home\",\"item\":\"https:\/\/peix-xc.whads.com\/es\/\"},{\"@type\":\"ListItem\",\"position\":2,\"name\":\"Preguntas frecuentes\"}]},{\"@type\":\"WebSite\",\"@id\":\"https:\/\/peix-xc.whads.com\/es\/#website\",\"url\":\"https:\/\/peix-xc.whads.com\/es\/\",\"name\":\"Peix.cat\",\"description\":\"Peixateria online Boqueria\",\"publisher\":{\"@id\":\"https:\/\/peix-xc.whads.com\/es\/#organization\"},\"potentialAction\":[{\"@type\":\"SearchAction\",\"target\":{\"@type\":\"EntryPoint\",\"urlTemplate\":\"https:\/\/peix-xc.whads.com\/es\/?s={search_term_string}\"},\"query-input\":{\"@type\":\"PropertyValueSpecification\",\"valueRequired\":true,\"valueName\":\"search_term_string\"}}],\"inLanguage\":\"es\"},{\"@type\":\"Organization\",\"@id\":\"https:\/\/peix-xc.whads.com\/es\/#organization\",\"name\":\"Peix.cat\",\"url\":\"https:\/\/peix-xc.whads.com\/es\/\",\"logo\":{\"@type\":\"ImageObject\",\"inLanguage\":\"es\",\"@id\":\"https:\/\/peix-xc.whads.com\/es\/#\/schema\/logo\/image\/\",\"url\":\"https:\/\/peix-xc.whads.com\/wp-content\/uploads\/2024\/09\/cropped-peixcat_logo_small.png\",\"contentUrl\":\"https:\/\/peix-xc.whads.com\/wp-content\/uploads\/2024\/09\/cropped-peixcat_logo_small.png\",\"width\":300,\"height\":300,\"caption\":\"Peix.cat\"},\"image\":{\"@id\":\"https:\/\/peix-xc.whads.com\/es\/#\/schema\/logo\/image\/\"},\"sameAs\":[\"https:\/\/www.instagram.com\/peix.cat\/\"]}]}<\/script>\n<!-- \/ Yoast SEO plugin. -->","yoast_head_json":{"title":"Preguntas frecuentes | Peix.cat - Peixateria online Boqueria","description":"Compra el millor peix i marisc online del Mercat de la Boqueria de Barcelona. T\u2019ho portem gratis i\u00a0 envasat al buit en 24 o 48 hores.","robots":{"index":"index","follow":"follow","max-snippet":"max-snippet:-1","max-image-preview":"max-image-preview:large","max-video-preview":"max-video-preview:-1"},"canonical":"https:\/\/peix-xc.whads.com\/es\/preguntes-frequents\/","og_locale":"es_ES","og_type":"article","og_title":"Preguntas frecuentes | Peix.cat - Peixateria online Boqueria","og_description":"Compra el millor peix i marisc online del Mercat de la Boqueria de Barcelona. T\u2019ho portem gratis i\u00a0 envasat al buit en 24 o 48 hores.","og_url":"https:\/\/peix-xc.whads.com\/es\/preguntes-frequents\/","og_site_name":"Peix.cat","article_modified_time":"2025-09-15T20:12:02+00:00","og_image":[{"width":1200,"height":675,"url":"https:\/\/peix-xc.whads.com\/wp-content\/uploads\/2025\/03\/peixcat.jpg","type":"image\/jpeg"}],"twitter_card":"summary_large_image","schema":{"@context":"https:\/\/schema.org","@graph":[{"@type":"WebPage","@id":"https:\/\/peix-xc.whads.com\/es\/preguntes-frequents\/","url":"https:\/\/peix-xc.whads.com\/es\/preguntes-frequents\/","name":"Preguntas frecuentes | Peix.cat - Peixateria online Boqueria","isPartOf":{"@id":"https:\/\/peix-xc.whads.com\/es\/#website"},"datePublished":"2024-09-09T05:24:19+00:00","dateModified":"2025-09-15T20:12:02+00:00","description":"Compra el millor peix i marisc online del Mercat de la Boqueria de Barcelona. T\u2019ho portem gratis i\u00a0 envasat al buit en 24 o 48 hores.","breadcrumb":{"@id":"https:\/\/peix-xc.whads.com\/es\/preguntes-frequents\/#breadcrumb"},"inLanguage":"es","potentialAction":[{"@type":"ReadAction","target":["https:\/\/peix-xc.whads.com\/es\/preguntes-frequents\/"]}]},{"@type":"BreadcrumbList","@id":"https:\/\/peix-xc.whads.com\/es\/preguntes-frequents\/#breadcrumb","itemListElement":[{"@type":"ListItem","position":1,"name":"Home","item":"https:\/\/peix-xc.whads.com\/es\/"},{"@type":"ListItem","position":2,"name":"Preguntas frecuentes"}]},{"@type":"WebSite","@id":"https:\/\/peix-xc.whads.com\/es\/#website","url":"https:\/\/peix-xc.whads.com\/es\/","name":"Peix.cat","description":"Peixateria online Boqueria","publisher":{"@id":"https:\/\/peix-xc.whads.com\/es\/#organization"},"potentialAction":[{"@type":"SearchAction","target":{"@type":"EntryPoint","urlTemplate":"https:\/\/peix-xc.whads.com\/es\/?s={search_term_string}"},"query-input":{"@type":"PropertyValueSpecification","valueRequired":true,"valueName":"search_term_string"}}],"inLanguage":"es"},{"@type":"Organization","@id":"https:\/\/peix-xc.whads.com\/es\/#organization","name":"Peix.cat","url":"https:\/\/peix-xc.whads.com\/es\/","logo":{"@type":"ImageObject","inLanguage":"es","@id":"https:\/\/peix-xc.whads.com\/es\/#\/schema\/logo\/image\/","url":"https:\/\/peix-xc.whads.com\/wp-content\/uploads\/2024\/09\/cropped-peixcat_logo_small.png","contentUrl":"https:\/\/peix-xc.whads.com\/wp-content\/uploads\/2024\/09\/cropped-peixcat_logo_small.png","width":300,"height":300,"caption":"Peix.cat"},"image":{"@id":"https:\/\/peix-xc.whads.com\/es\/#\/schema\/logo\/image\/"},"sameAs":["https:\/\/www.instagram.com\/peix.cat\/"]}]}},"_links":{"self":[{"href":"https:\/\/peix-xc.whads.com\/es\/wp-json\/wp\/v2\/pages\/1041","targetHints":{"allow":["GET"]}}],"collection":[{"href":"https:\/\/peix-xc.whads.com\/es\/wp-json\/wp\/v2\/pages"}],"about":[{"href":"https:\/\/peix-xc.whads.com\/es\/wp-json\/wp\/v2\/types\/page"}],"author":[{"embeddable":true,"href":"https:\/\/peix-xc.whads.com\/es\/wp-json\/wp\/v2\/users\/1"}],"replies":[{"embeddable":true,"href":"https:\/\/peix-xc.whads.com\/es\/wp-json\/wp\/v2\/comments?post=1041"}],"version-history":[{"count":5,"href":"https:\/\/peix-xc.whads.com\/es\/wp-json\/wp\/v2\/pages\/1041\/revisions"}],"predecessor-version":[{"id":1474,"href":"https:\/\/peix-xc.whads.com\/es\/wp-json\/wp\/v2\/pages\/1041\/revisions\/1474"}],"wp:attachment":[{"href":"https:\/\/peix-xc.whads.com\/es\/wp-json\/wp\/v2\/media?parent=1041"}],"curies":[{"name":"wp","href":"https:\/\/api.w.org\/{rel}","templated":true}]}}