{"id":1038,"date":"2024-09-09T07:09:00","date_gmt":"2024-09-09T05:09:00","guid":{"rendered":"https:\/\/peix-xc.whads.com\/?page_id=1038"},"modified":"2025-12-19T12:28:18","modified_gmt":"2025-12-19T11:28:18","slug":"inicio","status":"publish","type":"page","link":"https:\/\/peix-xc.whads.com\/es\/","title":{"rendered":"Inicio"},"content":{"rendered":"<header id=\"whads-header-gblock-block_9c061e4ef1911975e734aa5290f52641\" class=\"whads-header-gblock whads-gblock with-background-image alignwide\" data-alignement=\"left\" data-layout=\"background-image\"><div class=\"whads-header-gblock__background whads-header-gblock__background--image\" style=\"background-image: url(https:\/\/peix-xc.whads.com\/wp-content\/uploads\/2025\/12\/home_image-aspect-ratio-1920-714.jpg);\"><\/div><div class=\"whads-header-gblock__inner\"><div class=\"whads-header-gblock__content\"><div class=\"whads-header-gblock__heading__wrapper\"><h1 class=\"whads-header-gblock__heading\">El mejor pescado, al mejor precio<\/h1><\/div><div class=\"whads-header-gblock__buttons\"><a class=\"whads-header-gblock__buttons__item\" data-color=\"corporate\" href=\"https:\/\/peix-xc.whads.com\/es\/productos\/\">Haz tu pedido<\/a><\/div><\/div><\/div><\/header>\n\n<section id=\"whads-grid-gblock-block_d8f0d04857b4a18bd85fb19ab44aee7a\" class=\"whads-grid-gblock whads-gblock alignwide whads-animation whads-animation__fade-in-up-subtle margin-bottom-default \" data-layout=\"title-top\" data-columns=\"three\" data-imagesize=\"square\"><div class=\"whads-grid-gblock__inner\"><ul class=\"whads-grid-gblock__items\"><li class=\"whads-grid-gblock__item\"><a class=\"whads-grid-gblock__item__link\" href=\"\/es\/productos\/pescado\/\"><div class=\"whads-grid-gblock__item__inner\"><div class=\"whads-grid-gblock__item__image__wrapper\"><div class=\"whads-grid-gblock__item__image__inner\"><img loading=\"lazy\" decoding=\"async\" width=\"360\" height=\"360\" src=\"https:\/\/peix-xc.whads.com\/wp-content\/uploads\/2024\/12\/peix_fresc-aspect-ratio-600-600-1.png\" class=\"whads-grid-gblock__item__image\" alt=\"Pescado\" srcset=\"https:\/\/peix-xc.whads.com\/wp-content\/uploads\/2024\/12\/peix_fresc-aspect-ratio-600-600-1.png 360w, https:\/\/peix-xc.whads.com\/wp-content\/uploads\/2024\/12\/peix_fresc-aspect-ratio-600-600-1-300x300.png 300w, https:\/\/peix-xc.whads.com\/wp-content\/uploads\/2024\/12\/peix_fresc-aspect-ratio-600-600-1-150x150.png 150w, https:\/\/peix-xc.whads.com\/wp-content\/uploads\/2024\/12\/peix_fresc-aspect-ratio-600-600-1-100x100.png 100w\" sizes=\"auto, (max-width: 360px) 100vw, 360px\" \/><\/div><\/div><div class=\"whads-grid-gblock__item__content\"><div class=\"whads-grid-gblock__item__heading__wrapper\"><h3 class=\"whads-grid-gblock__item__heading\">Pescado<\/h3><\/div><div class=\"whads-grid-gblock__item__button\">Comprar pescado<\/div><\/div><\/div><\/a><\/li><li class=\"whads-grid-gblock__item\"><a class=\"whads-grid-gblock__item__link\" href=\"\/es\/productos\/marisco\/\"><div class=\"whads-grid-gblock__item__inner\"><div class=\"whads-grid-gblock__item__image__wrapper\"><div class=\"whads-grid-gblock__item__image__inner\"><img loading=\"lazy\" decoding=\"async\" width=\"360\" height=\"360\" src=\"https:\/\/peix-xc.whads.com\/wp-content\/uploads\/2024\/12\/marisc-aspect-ratio-600-600-1.png\" class=\"whads-grid-gblock__item__image\" alt=\"Marisco\" srcset=\"https:\/\/peix-xc.whads.com\/wp-content\/uploads\/2024\/12\/marisc-aspect-ratio-600-600-1.png 360w, https:\/\/peix-xc.whads.com\/wp-content\/uploads\/2024\/12\/marisc-aspect-ratio-600-600-1-300x300.png 300w, https:\/\/peix-xc.whads.com\/wp-content\/uploads\/2024\/12\/marisc-aspect-ratio-600-600-1-150x150.png 150w, https:\/\/peix-xc.whads.com\/wp-content\/uploads\/2024\/12\/marisc-aspect-ratio-600-600-1-100x100.png 100w\" sizes=\"auto, (max-width: 360px) 100vw, 360px\" \/><\/div><\/div><div class=\"whads-grid-gblock__item__content\"><div class=\"whads-grid-gblock__item__heading__wrapper\"><h3 class=\"whads-grid-gblock__item__heading\">Marisco<\/h3><\/div><div class=\"whads-grid-gblock__item__button\">Comprar marisco<\/div><\/div><\/div><\/a><\/li><li class=\"whads-grid-gblock__item\"><a class=\"whads-grid-gblock__item__link\" href=\"\/es\/productos\/otros\/\"><div class=\"whads-grid-gblock__item__inner\"><div class=\"whads-grid-gblock__item__image__wrapper\"><div class=\"whads-grid-gblock__item__image__inner\"><img loading=\"lazy\" decoding=\"async\" width=\"360\" height=\"360\" src=\"https:\/\/peix-xc.whads.com\/wp-content\/uploads\/2024\/12\/altres_productes-aspect-ratio-600-600-1.png\" class=\"whads-grid-gblock__item__image\" alt=\"Otros productos\" srcset=\"https:\/\/peix-xc.whads.com\/wp-content\/uploads\/2024\/12\/altres_productes-aspect-ratio-600-600-1.png 360w, https:\/\/peix-xc.whads.com\/wp-content\/uploads\/2024\/12\/altres_productes-aspect-ratio-600-600-1-300x300.png 300w, https:\/\/peix-xc.whads.com\/wp-content\/uploads\/2024\/12\/altres_productes-aspect-ratio-600-600-1-150x150.png 150w, https:\/\/peix-xc.whads.com\/wp-content\/uploads\/2024\/12\/altres_productes-aspect-ratio-600-600-1-100x100.png 100w\" sizes=\"auto, (max-width: 360px) 100vw, 360px\" \/><\/div><\/div><div class=\"whads-grid-gblock__item__content\"><div class=\"whads-grid-gblock__item__heading__wrapper\"><h3 class=\"whads-grid-gblock__item__heading\">Otros productos<\/h3><\/div><div class=\"whads-grid-gblock__item__button\">Comprar otros productos<\/div><\/div><\/div><\/a><\/li><\/ul><\/div><\/section>\n\n<section id=\"codi\" class=\"whads-textimage-gblock whads-gblock alignwide\" data-layout=\"welcome-form\" data-background-type=\"grey\"><div class=\"whads-gblock__background\"><\/div><div class=\"whads-textimage-gblock__inner whads-animation whads-animation__fade-in-up-subtle\"><div class=\"whads-textimage-gblock__welcome-form__background\"><div class=\"whads-textimage-gblock__welcome-form__background__image\" style=\"background-image: url(https:\/\/peix-xc.whads.com\/wp-content\/uploads\/2024\/10\/peix_welcome_popup.jpg);\"><\/div><div class=\"whads-textimage-gblock__welcome-form__background__gradient\"><\/div><\/div><div class=\"whads-textimage-gblock__text__wrapper\"><div class=\"whads-textimage-gblock__text__inner\"><div class=\"whads-textimage-gblock__text\"><div class=\"whads-textimage-gblock__welcome-coupon__heading\">Recibe propuestas, promociones y descuentos<\/div><div class=\"whads-textimage-gblock__welcome-coupon__text\"><p><span class=\"whads-corporative-color\">10% de descuento<\/span><br \/>\nen tu primer pedido<\/p>\n<\/div><div class=\"whads-welcome-coupon__form__wrapper\"><form class=\"whads-welcome-coupon__form\"><label for=\"whads-welcome-coupon__form__email\" class=\"whads-welcome-coupon__form__email__label\">Correo electr\u00f3nico&nbsp;<abbr class=\"required\" title=\"Obligatorio\">*<\/abbr><\/label><input type=\"email\" id=\"whads-welcome-coupon__form__email\" name=\"whads-welcome-coupon__form__email\" class=\"whads-welcome-coupon__form__email\" placeholder=\"Tu correo electr\u00f3nico\" required><\/input><div class=\"whads-welcome-coupon__form__email__error--invalid\">El formato del correo electr\u00f3nico no es v\u00e1lido<\/div><div class=\"whads-welcome-coupon__form__email__error--already-client\">Ya eres cliente de peix.cat y no puedes usar el cup\u00f3n de bienvenida. Pero te mantendremos informado de las nuevas promociones y propuestas.<\/div><div class=\"whads-welcome-coupon__form__email__error--already-used\">Ya has utilizado el cup\u00f3n de bienvenida. Pero te mantendremos informado de las nuevas promociones y propuestas.<\/div><div class=\"whads-welcome-coupon__form__consent__wrapper\"><input type=\"checkbox\" id=\"whads-welcome-coupon__form__consent\" class=\"whads-welcome-coupon__form__consent\" name=\"whads-welcome-coupon__form__consent\"><\/input><label for=\"whads-welcome-coupon__form__consent\" class=\"whads-welcome-coupon__form__consent__label\">Acepto la <a target=\"_blank\" href=\"https:\/\/peix-xc.whads.com\/ca\/politica-de-privacitat\/\">pol\u00edtica de privacidad<\/a><\/label><\/div><div class=\"whads-welcome-coupon__form__consent__error\">Tienes que aceptar la pol\u00edtica de privacidad<\/div><p class=\"whads-welcome-coupon__form__consent__explanation\">Al introducir tus datos aceptas recibir mensajes de marketing tales como c\u00f3digos de promoci\u00f3n y recordatorios de cesta. Puedes darte de baja en cualquier momento.<\/p><div class=\"peix-turnstile-wrapper peix-turnstile-wrapper--welcomeblock\"><div id=\"peix-turnstile-welcomeblock\" class=\"peix-turnstile\" data-form=\"welcomeblock\" data-sitekey=\"0x4AAAAAACDHVtcIfJjGOXVw\"><\/div><input type=\"text\" name=\"peix_hp_field\" value=\"\" autocomplete=\"off\" tabindex=\"-1\" style=\"position:absolute;left:-9999px;opacity:0;height:1px;width:1px;\" aria-hidden=\"true\" \/><\/div><button type=\"submit\" class=\"whads-welcome-coupon__form__button\" data-text=\"Enviar\" data-loading-text=\"Enviando...\">Enviar<\/button><div class=\"whads-welcome-coupon__form__generic-error\" data-default=\"Se produjo un error, int\u00e9ntelo de nuevo m\u00e1s tarde.\">Se produjo un error, int\u00e9ntelo de nuevo m\u00e1s tarde.<\/div><\/form><div class=\"whads-welcome-coupon__thanks\">\u00a1Gracias! Recibir\u00e1s el cup\u00f3n de bienvenida por correo electr\u00f3nico. Si no lo encuentras en la bandeja de entrada, revisa el correo basura (SPAM).<\/div><\/div><\/div><\/div><\/div><\/div><\/section>\n\n<section id=\"whads-textimage-gblock-block_673b43f15f7631c100e6da3234ba0872\" class=\"whads-textimage-gblock whads-gblock alignwide margin-bottom-default with-image\" data-layout=\"image-left-6-6\"><div class=\"whads-textimage-gblock__inner whads-animation whads-animation__fade-in-up-subtle\"><div class=\"whads-textimage-gblock__image__wrapper\"><img loading=\"lazy\" decoding=\"async\" width=\"1200\" height=\"885\" src=\"https:\/\/peix-xc.whads.com\/wp-content\/uploads\/2024\/11\/ff9c242cd2d0e08910e52a459ff2c1ba.png\" class=\"whads-textimage-gblock__image\" alt=\"Imagen de Peix.cat\" srcset=\"https:\/\/peix-xc.whads.com\/wp-content\/uploads\/2024\/11\/ff9c242cd2d0e08910e52a459ff2c1ba.png 1200w, https:\/\/peix-xc.whads.com\/wp-content\/uploads\/2024\/11\/ff9c242cd2d0e08910e52a459ff2c1ba-300x221.png 300w, https:\/\/peix-xc.whads.com\/wp-content\/uploads\/2024\/11\/ff9c242cd2d0e08910e52a459ff2c1ba-1024x755.png 1024w, https:\/\/peix-xc.whads.com\/wp-content\/uploads\/2024\/11\/ff9c242cd2d0e08910e52a459ff2c1ba-768x566.png 768w, https:\/\/peix-xc.whads.com\/wp-content\/uploads\/2024\/11\/ff9c242cd2d0e08910e52a459ff2c1ba-600x443.png 600w\" sizes=\"auto, (max-width: 1200px) 100vw, 1200px\" \/><\/div><div class=\"whads-textimage-gblock__text__wrapper\"><div class=\"whads-textimage-gblock__text__inner\"><div class=\"whads-textimage-gblock__text\"><h1>Zonas de reparto<\/h1>\n<p>&nbsp;<\/p>\n<p>\u00b7 Barcelona ciudad<br \/>\n\u00b7 L&#8217;Hospitalet de Llobregat<br \/>\n\u00b7 Sant Cugat del Vall\u00e8s<br \/>\n\u00b7 Valldoreix<br \/>\n\u00b7 Bellaterra<br \/>\n\u00b7 Rub\u00ed<\/p>\n<\/div><\/div><\/div><\/div><\/section>\n\n<section id=\"whads-images-gblock-block_6d067600d6b83d51119cd1517811cca9\" class=\"whads-images-gblock whads-gblock alignwide\" data-layout=\"one-image-full\"><div class=\"whads-images-gblock__inner whads-animation whads-animation__fade-in-up-subtle\"><div class=\"whads-images-gblock__images__wrapper\"><div class=\"whads-images-gblock__image__full__wrapper\"><img loading=\"lazy\" decoding=\"async\" width=\"1920\" height=\"715\" src=\"https:\/\/peix-xc.whads.com\/wp-content\/uploads\/2024\/11\/home_image.jpg\" class=\"whads-images-gblock__image__full\" alt=\"Imagen de Peix.cat\" srcset=\"https:\/\/peix-xc.whads.com\/wp-content\/uploads\/2024\/11\/home_image.jpg 1920w, https:\/\/peix-xc.whads.com\/wp-content\/uploads\/2024\/11\/home_image-300x112.jpg 300w, https:\/\/peix-xc.whads.com\/wp-content\/uploads\/2024\/11\/home_image-1024x381.jpg 1024w, https:\/\/peix-xc.whads.com\/wp-content\/uploads\/2024\/11\/home_image-768x286.jpg 768w, https:\/\/peix-xc.whads.com\/wp-content\/uploads\/2024\/11\/home_image-1536x572.jpg 1536w, https:\/\/peix-xc.whads.com\/wp-content\/uploads\/2024\/11\/home_image-600x223.jpg 600w\" sizes=\"auto, (max-width: 1920px) 100vw, 1920px\" \/><\/div><\/div><\/div><\/section>\n\n<section id=\"whads-grid-gblock-block_aff7cc4c5484ab74aece1817b35d031f\" class=\"whads-grid-gblock whads-gblock alignwide whads-animation whads-animation__fade-in-up-subtle \" data-layout=\"title-last-col\" data-columns=\"three\" data-imagesize=\"vertical\"><div class=\"whads-grid-gblock__inner\"><div class=\"whads-grid-gblock__heading__wrapper\"><div class=\"whads-grid-gblock__heading__inner\"><h2 class=\"whads-grid-gblock__heading\">M\u00e1s de 140 a\u00f1os en la Boqueria<\/h2><div class=\"whads-grid-gblock__text\"><p>Peixateria Ripoll Estera es una empresa familiar con m\u00e1s de 140 a\u00f1os de historia. 5 generaciones han dado continuidad al negocio desde 1872.<\/p>\n<p class=\"whads-desktop-only\"><span class=\"whads-small-text\">Llu\u00efsa y Jaume Ripoll<\/span><\/p>\n<p><a class=\"whads-button-link\" href=\"https:\/\/peix-xc.whads.com\/es\/quienes-somos\/\">Qui\u00e9nes somos<\/a><\/p>\n<\/div><\/div><\/div><ul class=\"whads-grid-gblock__items\"><li class=\"whads-grid-gblock__item\"><div class=\"whads-grid-gblock__item__inner\"><div class=\"whads-grid-gblock__item__image__wrapper\"><div class=\"whads-grid-gblock__item__image__inner\"><img loading=\"lazy\" decoding=\"async\" width=\"631\" height=\"1010\" src=\"https:\/\/peix-xc.whads.com\/wp-content\/uploads\/2024\/11\/peix_lluisa_home-aspect-ratio-600-960.jpg\" class=\"whads-grid-gblock__item__image\" alt=\"Imagen de Peix.cat\" srcset=\"https:\/\/peix-xc.whads.com\/wp-content\/uploads\/2024\/11\/peix_lluisa_home-aspect-ratio-600-960.jpg 631w, https:\/\/peix-xc.whads.com\/wp-content\/uploads\/2024\/11\/peix_lluisa_home-aspect-ratio-600-960-187x300.jpg 187w, https:\/\/peix-xc.whads.com\/wp-content\/uploads\/2024\/11\/peix_lluisa_home-aspect-ratio-600-960-600x960.jpg 600w\" sizes=\"auto, (max-width: 631px) 100vw, 631px\" \/><\/div><p class=\"whads-grid-gblock__item__image__caption\">Llu\u00efsa Ripoll<\/p><\/div><div class=\"whads-grid-gblock__item__content\"><div class=\"whads-grid-gblock__item__heading__wrapper\"><h3 class=\"whads-grid-gblock__item__heading\"><\/h3><\/div><\/div><\/div><\/li><li class=\"whads-grid-gblock__item\"><div class=\"whads-grid-gblock__item__inner\"><div class=\"whads-grid-gblock__item__image__wrapper\"><div class=\"whads-grid-gblock__item__image__inner\"><img loading=\"lazy\" decoding=\"async\" width=\"631\" height=\"1010\" src=\"https:\/\/peix-xc.whads.com\/wp-content\/uploads\/2024\/11\/peix_jaume_home-aspect-ratio-600-960.jpg\" class=\"whads-grid-gblock__item__image\" alt=\"Imagen de Peix.cat\" srcset=\"https:\/\/peix-xc.whads.com\/wp-content\/uploads\/2024\/11\/peix_jaume_home-aspect-ratio-600-960.jpg 631w, https:\/\/peix-xc.whads.com\/wp-content\/uploads\/2024\/11\/peix_jaume_home-aspect-ratio-600-960-187x300.jpg 187w, https:\/\/peix-xc.whads.com\/wp-content\/uploads\/2024\/11\/peix_jaume_home-aspect-ratio-600-960-600x960.jpg 600w\" sizes=\"auto, (max-width: 631px) 100vw, 631px\" \/><\/div><p class=\"whads-grid-gblock__item__image__caption\">Jaume Ripoll<\/p><\/div><div class=\"whads-grid-gblock__item__content\"><div class=\"whads-grid-gblock__item__heading__wrapper\"><h3 class=\"whads-grid-gblock__item__heading\"><\/h3><\/div><\/div><\/div><\/li><\/ul><\/div><\/section>\n\n<section id=\"whads-grid-gblock-block_241aca6dde91ebbd1014c867455c9649\" class=\"whads-grid-gblock whads-gblock alignwide whads-animation whads-animation__fade-in-up-subtle \" data-layout=\"title-top\" data-columns=\"two\" data-imagesize=\"normal\"><div class=\"whads-grid-gblock__inner\"><div class=\"whads-grid-gblock__heading__wrapper\"><div class=\"whads-grid-gblock__heading__inner\"><h2 class=\"whads-grid-gblock__heading\">Envasado<\/h2><div class=\"whads-grid-gblock__text\"><p>Envasamos el pescado fresco al vac\u00edo para garantizar su \u00f3ptima conservaci\u00f3n. Cada pieza se envasa individualmente y se etiqueta con el nombre del producto y la fecha de envasado, facilitando as\u00ed su identificaci\u00f3n y posible congelaci\u00f3n.<\/p>\n<\/div><\/div><\/div><ul class=\"whads-grid-gblock__items\"><li class=\"whads-grid-gblock__item\"><div class=\"whads-grid-gblock__item__inner\"><div class=\"whads-grid-gblock__item__image__wrapper\"><div class=\"whads-grid-gblock__item__image__inner\"><img loading=\"lazy\" decoding=\"async\" width=\"1152\" height=\"1402\" src=\"https:\/\/peix-xc.whads.com\/wp-content\/uploads\/2024\/11\/peix_envasat1_home-aspect-ratio-600-730.jpg\" class=\"whads-grid-gblock__item__image\" alt=\"Imagen de Peix.cat\" srcset=\"https:\/\/peix-xc.whads.com\/wp-content\/uploads\/2024\/11\/peix_envasat1_home-aspect-ratio-600-730.jpg 1152w, https:\/\/peix-xc.whads.com\/wp-content\/uploads\/2024\/11\/peix_envasat1_home-aspect-ratio-600-730-247x300.jpg 247w, https:\/\/peix-xc.whads.com\/wp-content\/uploads\/2024\/11\/peix_envasat1_home-aspect-ratio-600-730-841x1024.jpg 841w, https:\/\/peix-xc.whads.com\/wp-content\/uploads\/2024\/11\/peix_envasat1_home-aspect-ratio-600-730-768x935.jpg 768w, https:\/\/peix-xc.whads.com\/wp-content\/uploads\/2024\/11\/peix_envasat1_home-aspect-ratio-600-730-600x730.jpg 600w\" sizes=\"auto, (max-width: 1152px) 100vw, 1152px\" \/><\/div><\/div><div class=\"whads-grid-gblock__item__content\"><div class=\"whads-grid-gblock__item__heading__wrapper\"><h3 class=\"whads-grid-gblock__item__heading\"><\/h3><\/div><\/div><\/div><\/li><li class=\"whads-grid-gblock__item\"><div class=\"whads-grid-gblock__item__inner\"><div class=\"whads-grid-gblock__item__image__wrapper\"><div class=\"whads-grid-gblock__item__image__inner\"><img loading=\"lazy\" decoding=\"async\" width=\"1152\" height=\"1402\" src=\"https:\/\/peix-xc.whads.com\/wp-content\/uploads\/2024\/11\/peix_envasat2_home-aspect-ratio-600-730.jpg\" class=\"whads-grid-gblock__item__image\" alt=\"Imagen de Peix.cat\" srcset=\"https:\/\/peix-xc.whads.com\/wp-content\/uploads\/2024\/11\/peix_envasat2_home-aspect-ratio-600-730.jpg 1152w, https:\/\/peix-xc.whads.com\/wp-content\/uploads\/2024\/11\/peix_envasat2_home-aspect-ratio-600-730-247x300.jpg 247w, https:\/\/peix-xc.whads.com\/wp-content\/uploads\/2024\/11\/peix_envasat2_home-aspect-ratio-600-730-841x1024.jpg 841w, https:\/\/peix-xc.whads.com\/wp-content\/uploads\/2024\/11\/peix_envasat2_home-aspect-ratio-600-730-768x935.jpg 768w, https:\/\/peix-xc.whads.com\/wp-content\/uploads\/2024\/11\/peix_envasat2_home-aspect-ratio-600-730-600x730.jpg 600w\" sizes=\"auto, (max-width: 1152px) 100vw, 1152px\" \/><\/div><\/div><div class=\"whads-grid-gblock__item__content\"><div class=\"whads-grid-gblock__item__heading__wrapper\"><h3 class=\"whads-grid-gblock__item__heading\"><\/h3><\/div><\/div><\/div><\/li><\/ul><\/div><\/section>","protected":false},"excerpt":{"rendered":"","protected":false},"author":1,"featured_media":0,"parent":0,"menu_order":0,"comment_status":"closed","ping_status":"closed","template":"","meta":{"_acf_changed":false,"footnotes":""},"class_list":["post-1038","page","type-page","status-publish","hentry"],"acf":[],"yoast_head":"<!-- This site is optimized with the Yoast SEO plugin v26.8 - https:\/\/yoast.com\/product\/yoast-seo-wordpress\/ -->\n<title>Peix.cat | Pescader\u00eda online - El mejor pescado y marisco de la Boqueria<\/title>\n<meta name=\"description\" content=\"Compra el mejor pescado y marisco online del Mercado de la Boqueria de Barcelona. Te lo llevamos gratis y envasado al vac\u00edo en 24 o 48 horas.\" \/>\n<meta name=\"robots\" content=\"index, follow, max-snippet:-1, max-image-preview:large, max-video-preview:-1\" \/>\n<link rel=\"canonical\" href=\"https:\/\/peix-xc.whads.com\/es\/\" \/>\n<meta property=\"og:locale\" content=\"es_ES\" \/>\n<meta property=\"og:type\" content=\"article\" \/>\n<meta property=\"og:title\" content=\"Peix.cat | Pescader\u00eda online - El mejor pescado y marisco de la Boqueria\" \/>\n<meta property=\"og:description\" content=\"Compra el mejor pescado y marisco online del Mercado de la Boqueria de Barcelona. Te lo llevamos gratis y envasado al vac\u00edo en 24 o 48 horas.\" \/>\n<meta property=\"og:url\" content=\"https:\/\/peix-xc.whads.com\/es\/\" \/>\n<meta property=\"og:site_name\" content=\"Peix.cat\" \/>\n<meta property=\"article:modified_time\" content=\"2025-12-19T11:28:18+00:00\" \/>\n<meta property=\"og:image\" content=\"https:\/\/peix-xc.whads.com\/wp-content\/uploads\/2025\/03\/peixcat.jpg\" \/>\n\t<meta property=\"og:image:width\" content=\"1200\" \/>\n\t<meta property=\"og:image:height\" content=\"675\" \/>\n\t<meta property=\"og:image:type\" content=\"image\/jpeg\" \/>\n<meta name=\"twitter:card\" content=\"summary_large_image\" \/>\n<script type=\"application\/ld+json\" class=\"yoast-schema-graph\">{\"@context\":\"https:\/\/schema.org\",\"@graph\":[{\"@type\":\"WebPage\",\"@id\":\"https:\/\/peix-xc.whads.com\/es\/\",\"url\":\"https:\/\/peix-xc.whads.com\/es\/\",\"name\":\"Peix.cat | Pescader\u00eda online - El mejor pescado y marisco de la Boqueria\",\"isPartOf\":{\"@id\":\"https:\/\/peix-xc.whads.com\/es\/#website\"},\"datePublished\":\"2024-09-09T05:09:00+00:00\",\"dateModified\":\"2025-12-19T11:28:18+00:00\",\"description\":\"Compra el mejor pescado y marisco online del Mercado de la Boqueria de Barcelona. Te lo llevamos gratis y envasado al vac\u00edo en 24 o 48 horas.\",\"breadcrumb\":{\"@id\":\"https:\/\/peix-xc.whads.com\/es\/#breadcrumb\"},\"inLanguage\":\"es\",\"potentialAction\":[{\"@type\":\"ReadAction\",\"target\":[\"https:\/\/peix-xc.whads.com\/es\/\"]}]},{\"@type\":\"BreadcrumbList\",\"@id\":\"https:\/\/peix-xc.whads.com\/es\/#breadcrumb\",\"itemListElement\":[{\"@type\":\"ListItem\",\"position\":1,\"name\":\"Home\",\"item\":\"https:\/\/peix-xc.whads.com\/es\/\"},{\"@type\":\"ListItem\",\"position\":2,\"name\":\"Inicio\"}]},{\"@type\":\"WebSite\",\"@id\":\"https:\/\/peix-xc.whads.com\/es\/#website\",\"url\":\"https:\/\/peix-xc.whads.com\/es\/\",\"name\":\"Peix.cat\",\"description\":\"Peixateria online Boqueria\",\"publisher\":{\"@id\":\"https:\/\/peix-xc.whads.com\/es\/#organization\"},\"potentialAction\":[{\"@type\":\"SearchAction\",\"target\":{\"@type\":\"EntryPoint\",\"urlTemplate\":\"https:\/\/peix-xc.whads.com\/es\/?s={search_term_string}\"},\"query-input\":{\"@type\":\"PropertyValueSpecification\",\"valueRequired\":true,\"valueName\":\"search_term_string\"}}],\"inLanguage\":\"es\"},{\"@type\":\"Organization\",\"@id\":\"https:\/\/peix-xc.whads.com\/es\/#organization\",\"name\":\"Peix.cat\",\"url\":\"https:\/\/peix-xc.whads.com\/es\/\",\"logo\":{\"@type\":\"ImageObject\",\"inLanguage\":\"es\",\"@id\":\"https:\/\/peix-xc.whads.com\/es\/#\/schema\/logo\/image\/\",\"url\":\"https:\/\/peix-xc.whads.com\/wp-content\/uploads\/2024\/09\/cropped-peixcat_logo_small.png\",\"contentUrl\":\"https:\/\/peix-xc.whads.com\/wp-content\/uploads\/2024\/09\/cropped-peixcat_logo_small.png\",\"width\":300,\"height\":300,\"caption\":\"Peix.cat\"},\"image\":{\"@id\":\"https:\/\/peix-xc.whads.com\/es\/#\/schema\/logo\/image\/\"},\"sameAs\":[\"https:\/\/www.instagram.com\/peix.cat\/\"]}]}<\/script>\n<!-- \/ Yoast SEO plugin. -->","yoast_head_json":{"title":"Peix.cat | Pescader\u00eda online - El mejor pescado y marisco de la Boqueria","description":"Compra el mejor pescado y marisco online del Mercado de la Boqueria de Barcelona. Te lo llevamos gratis y envasado al vac\u00edo en 24 o 48 horas.","robots":{"index":"index","follow":"follow","max-snippet":"max-snippet:-1","max-image-preview":"max-image-preview:large","max-video-preview":"max-video-preview:-1"},"canonical":"https:\/\/peix-xc.whads.com\/es\/","og_locale":"es_ES","og_type":"article","og_title":"Peix.cat | Pescader\u00eda online - El mejor pescado y marisco de la Boqueria","og_description":"Compra el mejor pescado y marisco online del Mercado de la Boqueria de Barcelona. Te lo llevamos gratis y envasado al vac\u00edo en 24 o 48 horas.","og_url":"https:\/\/peix-xc.whads.com\/es\/","og_site_name":"Peix.cat","article_modified_time":"2025-12-19T11:28:18+00:00","og_image":[{"width":1200,"height":675,"url":"https:\/\/peix-xc.whads.com\/wp-content\/uploads\/2025\/03\/peixcat.jpg","type":"image\/jpeg"}],"twitter_card":"summary_large_image","schema":{"@context":"https:\/\/schema.org","@graph":[{"@type":"WebPage","@id":"https:\/\/peix-xc.whads.com\/es\/","url":"https:\/\/peix-xc.whads.com\/es\/","name":"Peix.cat | Pescader\u00eda online - El mejor pescado y marisco de la Boqueria","isPartOf":{"@id":"https:\/\/peix-xc.whads.com\/es\/#website"},"datePublished":"2024-09-09T05:09:00+00:00","dateModified":"2025-12-19T11:28:18+00:00","description":"Compra el mejor pescado y marisco online del Mercado de la Boqueria de Barcelona. Te lo llevamos gratis y envasado al vac\u00edo en 24 o 48 horas.","breadcrumb":{"@id":"https:\/\/peix-xc.whads.com\/es\/#breadcrumb"},"inLanguage":"es","potentialAction":[{"@type":"ReadAction","target":["https:\/\/peix-xc.whads.com\/es\/"]}]},{"@type":"BreadcrumbList","@id":"https:\/\/peix-xc.whads.com\/es\/#breadcrumb","itemListElement":[{"@type":"ListItem","position":1,"name":"Home","item":"https:\/\/peix-xc.whads.com\/es\/"},{"@type":"ListItem","position":2,"name":"Inicio"}]},{"@type":"WebSite","@id":"https:\/\/peix-xc.whads.com\/es\/#website","url":"https:\/\/peix-xc.whads.com\/es\/","name":"Peix.cat","description":"Peixateria online Boqueria","publisher":{"@id":"https:\/\/peix-xc.whads.com\/es\/#organization"},"potentialAction":[{"@type":"SearchAction","target":{"@type":"EntryPoint","urlTemplate":"https:\/\/peix-xc.whads.com\/es\/?s={search_term_string}"},"query-input":{"@type":"PropertyValueSpecification","valueRequired":true,"valueName":"search_term_string"}}],"inLanguage":"es"},{"@type":"Organization","@id":"https:\/\/peix-xc.whads.com\/es\/#organization","name":"Peix.cat","url":"https:\/\/peix-xc.whads.com\/es\/","logo":{"@type":"ImageObject","inLanguage":"es","@id":"https:\/\/peix-xc.whads.com\/es\/#\/schema\/logo\/image\/","url":"https:\/\/peix-xc.whads.com\/wp-content\/uploads\/2024\/09\/cropped-peixcat_logo_small.png","contentUrl":"https:\/\/peix-xc.whads.com\/wp-content\/uploads\/2024\/09\/cropped-peixcat_logo_small.png","width":300,"height":300,"caption":"Peix.cat"},"image":{"@id":"https:\/\/peix-xc.whads.com\/es\/#\/schema\/logo\/image\/"},"sameAs":["https:\/\/www.instagram.com\/peix.cat\/"]}]}},"_links":{"self":[{"href":"https:\/\/peix-xc.whads.com\/es\/wp-json\/wp\/v2\/pages\/1038","targetHints":{"allow":["GET"]}}],"collection":[{"href":"https:\/\/peix-xc.whads.com\/es\/wp-json\/wp\/v2\/pages"}],"about":[{"href":"https:\/\/peix-xc.whads.com\/es\/wp-json\/wp\/v2\/types\/page"}],"author":[{"embeddable":true,"href":"https:\/\/peix-xc.whads.com\/es\/wp-json\/wp\/v2\/users\/1"}],"replies":[{"embeddable":true,"href":"https:\/\/peix-xc.whads.com\/es\/wp-json\/wp\/v2\/comments?post=1038"}],"version-history":[{"count":5,"href":"https:\/\/peix-xc.whads.com\/es\/wp-json\/wp\/v2\/pages\/1038\/revisions"}],"predecessor-version":[{"id":1839,"href":"https:\/\/peix-xc.whads.com\/es\/wp-json\/wp\/v2\/pages\/1038\/revisions\/1839"}],"wp:attachment":[{"href":"https:\/\/peix-xc.whads.com\/es\/wp-json\/wp\/v2\/media?parent=1038"}],"curies":[{"name":"wp","href":"https:\/\/api.w.org\/{rel}","templated":true}]}}