{"id":647,"date":"2024-11-06T10:57:41","date_gmt":"2024-11-06T09:57:41","guid":{"rendered":"https:\/\/peix-xc.whads.com\/?post_type=product&#038;p=647"},"modified":"2025-12-11T18:06:22","modified_gmt":"2025-12-11T17:06:22","slug":"suprema-de-salmo-salvatge-alaska","status":"publish","type":"product","link":"https:\/\/peix-xc.whads.com\/ca\/producte\/suprema-de-salmo-salvatge-alaska\/","title":{"rendered":"Suprema de salm\u00f3 salvatge Alaska"},"content":{"rendered":"<p>El salm\u00f3 \u00e9s un peix blau, i en estat salvatge est\u00e0 preparat per rec\u00f3rrer dist\u00e0ncies llargues en aig\u00fces molt fredes. T\u00e9 una carn molt nutritiva: cont\u00e9 prote\u00efnes d&#8217;alt valor biol\u00f2gic, com tamb\u00e9 un tipus de greix que li serveix de protecci\u00f3 contra el fred i que, quan l&#8217;ingerim, ens resulta molt benefici\u00f3s per al cervell i la circulaci\u00f3 sangu\u00ednia. A m\u00e9s, tamb\u00e9 \u00e9s font de vitamines liposolubles A, E i D i minerals com el ferro, el calci, el magnesi i el iode. Aquest greix tan valu\u00f3s que cont\u00e9 el salm\u00f3 \u00e9s un tipus d&#8217;\u00e0cid gras anomenat omega-3 que el nostre cos no pot elaborar i que, per tant, hem d&#8217;obtenir amb la dieta.<\/p>\n<p>El salm\u00f3 el podem cuinar tant a la planxa o brasa com al vapor. Tamb\u00e9 el podem marinar, fumar o menjar cru.<\/p>\n","protected":false},"excerpt":{"rendered":"<p>El salm\u00f3 \u00e9s un peix blau, i en estat salvatge est\u00e0 preparat per rec\u00f3rrer dist\u00e0ncies llargues en aig\u00fces molt fredes. T\u00e9 una carn molt nutritiva: cont\u00e9 prote\u00efnes d&#8217;alt valor biol\u00f2gic, com tamb\u00e9 un tipus de greix que li serveix de protecci\u00f3 contra el fred i que, quan l&#8217;ingerim, ens resulta molt benefici\u00f3s per al cervell [&hellip;]<\/p>\n","protected":false},"featured_media":648,"template":"","meta":{"_acf_changed":false},"product_brand":[],"product_cat":[24,34],"product_tag":[],"class_list":{"0":"post-647","1":"product","2":"type-product","3":"status-publish","4":"has-post-thumbnail","6":"product_cat-peix","7":"product_cat-salmo","9":"first","10":"outofstock","11":"taxable","12":"shipping-taxable","13":"purchasable","14":"product-type-simple"},"acf":[],"yoast_head":"<!-- This site is optimized with the Yoast SEO plugin v26.8 - https:\/\/yoast.com\/product\/yoast-seo-wordpress\/ -->\n<title>Suprema de salm\u00f3 salvatge Alaska | Peix.cat - Peixateria online Boqueria<\/title>\n<meta name=\"description\" content=\"Compra suprema de salm\u00f3 salvatge Alaska online del Mercat de la Boqueria de Barcelona. T\u2019ho portem gratis i\u00a0 envasat al buit en 24 o 48 hores.\" \/>\n<meta name=\"robots\" content=\"index, follow, max-snippet:-1, max-image-preview:large, max-video-preview:-1\" \/>\n<link rel=\"canonical\" href=\"https:\/\/peix-xc.whads.com\/ca\/producte\/suprema-de-salmo-salvatge-alaska\/\" \/>\n<meta property=\"og:locale\" content=\"ca_ES\" \/>\n<meta property=\"og:type\" content=\"article\" \/>\n<meta property=\"og:title\" content=\"Suprema de salm\u00f3 salvatge Alaska | Peix.cat - Peixateria online Boqueria\" \/>\n<meta property=\"og:description\" content=\"Compra suprema de salm\u00f3 salvatge Alaska online del Mercat de la Boqueria de Barcelona. T\u2019ho portem gratis i\u00a0 envasat al buit en 24 o 48 hores.\" \/>\n<meta property=\"og:url\" content=\"https:\/\/peix-xc.whads.com\/ca\/producte\/suprema-de-salmo-salvatge-alaska\/\" \/>\n<meta property=\"og:site_name\" content=\"Peix.cat\" \/>\n<meta property=\"article:modified_time\" content=\"2025-12-11T17:06:22+00:00\" \/>\n<meta property=\"og:image\" content=\"https:\/\/peix-xc.whads.com\/wp-content\/uploads\/2024\/11\/suprema_salmo_salvatge_alaska.jpeg\" \/>\n\t<meta property=\"og:image:width\" content=\"400\" \/>\n\t<meta property=\"og:image:height\" content=\"235\" \/>\n\t<meta property=\"og:image:type\" content=\"image\/jpeg\" \/>\n<meta name=\"twitter:card\" content=\"summary_large_image\" \/>\n<meta name=\"twitter:label1\" content=\"Temps estimat de lectura\" \/>\n\t<meta name=\"twitter:data1\" content=\"1 minut\" \/>\n<script type=\"application\/ld+json\" class=\"yoast-schema-graph\">{\"@context\":\"https:\/\/schema.org\",\"@graph\":[{\"@type\":\"WebPage\",\"@id\":\"https:\/\/peix-xc.whads.com\/ca\/producte\/suprema-de-salmo-salvatge-alaska\/\",\"url\":\"https:\/\/peix-xc.whads.com\/ca\/producte\/suprema-de-salmo-salvatge-alaska\/\",\"name\":\"Suprema de salm\u00f3 salvatge Alaska | Peix.cat - Peixateria online Boqueria\",\"isPartOf\":{\"@id\":\"https:\/\/peix-xc.whads.com\/ca\/#website\"},\"primaryImageOfPage\":{\"@id\":\"https:\/\/peix-xc.whads.com\/ca\/producte\/suprema-de-salmo-salvatge-alaska\/#primaryimage\"},\"image\":{\"@id\":\"https:\/\/peix-xc.whads.com\/ca\/producte\/suprema-de-salmo-salvatge-alaska\/#primaryimage\"},\"thumbnailUrl\":\"https:\/\/peix-xc.whads.com\/wp-content\/uploads\/2024\/11\/suprema_salmo_salvatge_alaska.jpeg\",\"datePublished\":\"2024-11-06T09:57:41+00:00\",\"dateModified\":\"2025-12-11T17:06:22+00:00\",\"description\":\"Compra suprema de salm\u00f3 salvatge Alaska online del Mercat de la Boqueria de Barcelona. T\u2019ho portem gratis i\u00a0 envasat al buit en 24 o 48 hores.\",\"breadcrumb\":{\"@id\":\"https:\/\/peix-xc.whads.com\/ca\/producte\/suprema-de-salmo-salvatge-alaska\/#breadcrumb\"},\"inLanguage\":\"ca\",\"potentialAction\":[{\"@type\":\"ReadAction\",\"target\":[\"https:\/\/peix-xc.whads.com\/ca\/producte\/suprema-de-salmo-salvatge-alaska\/\"]}]},{\"@type\":\"ImageObject\",\"inLanguage\":\"ca\",\"@id\":\"https:\/\/peix-xc.whads.com\/ca\/producte\/suprema-de-salmo-salvatge-alaska\/#primaryimage\",\"url\":\"https:\/\/peix-xc.whads.com\/wp-content\/uploads\/2024\/11\/suprema_salmo_salvatge_alaska.jpeg\",\"contentUrl\":\"https:\/\/peix-xc.whads.com\/wp-content\/uploads\/2024\/11\/suprema_salmo_salvatge_alaska.jpeg\",\"width\":400,\"height\":235},{\"@type\":\"BreadcrumbList\",\"@id\":\"https:\/\/peix-xc.whads.com\/ca\/producte\/suprema-de-salmo-salvatge-alaska\/#breadcrumb\",\"itemListElement\":[{\"@type\":\"ListItem\",\"position\":1,\"name\":\"Home\",\"item\":\"https:\/\/peix-xc.whads.com\/ca\/\"},{\"@type\":\"ListItem\",\"position\":2,\"name\":\"Productes\",\"item\":\"https:\/\/peix-xc.whads.com\/ca\/productes\/\"},{\"@type\":\"ListItem\",\"position\":3,\"name\":\"Suprema de salm\u00f3 salvatge Alaska\"}]},{\"@type\":\"WebSite\",\"@id\":\"https:\/\/peix-xc.whads.com\/ca\/#website\",\"url\":\"https:\/\/peix-xc.whads.com\/ca\/\",\"name\":\"Peix.cat\",\"description\":\"Peixateria online Boqueria\",\"publisher\":{\"@id\":\"https:\/\/peix-xc.whads.com\/ca\/#organization\"},\"potentialAction\":[{\"@type\":\"SearchAction\",\"target\":{\"@type\":\"EntryPoint\",\"urlTemplate\":\"https:\/\/peix-xc.whads.com\/ca\/?s={search_term_string}\"},\"query-input\":{\"@type\":\"PropertyValueSpecification\",\"valueRequired\":true,\"valueName\":\"search_term_string\"}}],\"inLanguage\":\"ca\"},{\"@type\":\"Organization\",\"@id\":\"https:\/\/peix-xc.whads.com\/ca\/#organization\",\"name\":\"Peix.cat\",\"url\":\"https:\/\/peix-xc.whads.com\/ca\/\",\"logo\":{\"@type\":\"ImageObject\",\"inLanguage\":\"ca\",\"@id\":\"https:\/\/peix-xc.whads.com\/ca\/#\/schema\/logo\/image\/\",\"url\":\"https:\/\/peix-xc.whads.com\/wp-content\/uploads\/2024\/09\/cropped-peixcat_logo_small.png\",\"contentUrl\":\"https:\/\/peix-xc.whads.com\/wp-content\/uploads\/2024\/09\/cropped-peixcat_logo_small.png\",\"width\":300,\"height\":300,\"caption\":\"Peix.cat\"},\"image\":{\"@id\":\"https:\/\/peix-xc.whads.com\/ca\/#\/schema\/logo\/image\/\"},\"sameAs\":[\"https:\/\/www.instagram.com\/peix.cat\/\"]}]}<\/script>\n<!-- \/ Yoast SEO plugin. -->","yoast_head_json":{"title":"Suprema de salm\u00f3 salvatge Alaska | Peix.cat - Peixateria online Boqueria","description":"Compra suprema de salm\u00f3 salvatge Alaska online del Mercat de la Boqueria de Barcelona. T\u2019ho portem gratis i\u00a0 envasat al buit en 24 o 48 hores.","robots":{"index":"index","follow":"follow","max-snippet":"max-snippet:-1","max-image-preview":"max-image-preview:large","max-video-preview":"max-video-preview:-1"},"canonical":"https:\/\/peix-xc.whads.com\/ca\/producte\/suprema-de-salmo-salvatge-alaska\/","og_locale":"ca_ES","og_type":"article","og_title":"Suprema de salm\u00f3 salvatge Alaska | Peix.cat - Peixateria online Boqueria","og_description":"Compra suprema de salm\u00f3 salvatge Alaska online del Mercat de la Boqueria de Barcelona. T\u2019ho portem gratis i\u00a0 envasat al buit en 24 o 48 hores.","og_url":"https:\/\/peix-xc.whads.com\/ca\/producte\/suprema-de-salmo-salvatge-alaska\/","og_site_name":"Peix.cat","article_modified_time":"2025-12-11T17:06:22+00:00","og_image":[{"width":400,"height":235,"url":"https:\/\/peix-xc.whads.com\/wp-content\/uploads\/2024\/11\/suprema_salmo_salvatge_alaska.jpeg","type":"image\/jpeg"}],"twitter_card":"summary_large_image","twitter_misc":{"Temps estimat de lectura":"1 minut"},"schema":{"@context":"https:\/\/schema.org","@graph":[{"@type":"WebPage","@id":"https:\/\/peix-xc.whads.com\/ca\/producte\/suprema-de-salmo-salvatge-alaska\/","url":"https:\/\/peix-xc.whads.com\/ca\/producte\/suprema-de-salmo-salvatge-alaska\/","name":"Suprema de salm\u00f3 salvatge Alaska | Peix.cat - Peixateria online Boqueria","isPartOf":{"@id":"https:\/\/peix-xc.whads.com\/ca\/#website"},"primaryImageOfPage":{"@id":"https:\/\/peix-xc.whads.com\/ca\/producte\/suprema-de-salmo-salvatge-alaska\/#primaryimage"},"image":{"@id":"https:\/\/peix-xc.whads.com\/ca\/producte\/suprema-de-salmo-salvatge-alaska\/#primaryimage"},"thumbnailUrl":"https:\/\/peix-xc.whads.com\/wp-content\/uploads\/2024\/11\/suprema_salmo_salvatge_alaska.jpeg","datePublished":"2024-11-06T09:57:41+00:00","dateModified":"2025-12-11T17:06:22+00:00","description":"Compra suprema de salm\u00f3 salvatge Alaska online del Mercat de la Boqueria de Barcelona. T\u2019ho portem gratis i\u00a0 envasat al buit en 24 o 48 hores.","breadcrumb":{"@id":"https:\/\/peix-xc.whads.com\/ca\/producte\/suprema-de-salmo-salvatge-alaska\/#breadcrumb"},"inLanguage":"ca","potentialAction":[{"@type":"ReadAction","target":["https:\/\/peix-xc.whads.com\/ca\/producte\/suprema-de-salmo-salvatge-alaska\/"]}]},{"@type":"ImageObject","inLanguage":"ca","@id":"https:\/\/peix-xc.whads.com\/ca\/producte\/suprema-de-salmo-salvatge-alaska\/#primaryimage","url":"https:\/\/peix-xc.whads.com\/wp-content\/uploads\/2024\/11\/suprema_salmo_salvatge_alaska.jpeg","contentUrl":"https:\/\/peix-xc.whads.com\/wp-content\/uploads\/2024\/11\/suprema_salmo_salvatge_alaska.jpeg","width":400,"height":235},{"@type":"BreadcrumbList","@id":"https:\/\/peix-xc.whads.com\/ca\/producte\/suprema-de-salmo-salvatge-alaska\/#breadcrumb","itemListElement":[{"@type":"ListItem","position":1,"name":"Home","item":"https:\/\/peix-xc.whads.com\/ca\/"},{"@type":"ListItem","position":2,"name":"Productes","item":"https:\/\/peix-xc.whads.com\/ca\/productes\/"},{"@type":"ListItem","position":3,"name":"Suprema de salm\u00f3 salvatge Alaska"}]},{"@type":"WebSite","@id":"https:\/\/peix-xc.whads.com\/ca\/#website","url":"https:\/\/peix-xc.whads.com\/ca\/","name":"Peix.cat","description":"Peixateria online Boqueria","publisher":{"@id":"https:\/\/peix-xc.whads.com\/ca\/#organization"},"potentialAction":[{"@type":"SearchAction","target":{"@type":"EntryPoint","urlTemplate":"https:\/\/peix-xc.whads.com\/ca\/?s={search_term_string}"},"query-input":{"@type":"PropertyValueSpecification","valueRequired":true,"valueName":"search_term_string"}}],"inLanguage":"ca"},{"@type":"Organization","@id":"https:\/\/peix-xc.whads.com\/ca\/#organization","name":"Peix.cat","url":"https:\/\/peix-xc.whads.com\/ca\/","logo":{"@type":"ImageObject","inLanguage":"ca","@id":"https:\/\/peix-xc.whads.com\/ca\/#\/schema\/logo\/image\/","url":"https:\/\/peix-xc.whads.com\/wp-content\/uploads\/2024\/09\/cropped-peixcat_logo_small.png","contentUrl":"https:\/\/peix-xc.whads.com\/wp-content\/uploads\/2024\/09\/cropped-peixcat_logo_small.png","width":300,"height":300,"caption":"Peix.cat"},"image":{"@id":"https:\/\/peix-xc.whads.com\/ca\/#\/schema\/logo\/image\/"},"sameAs":["https:\/\/www.instagram.com\/peix.cat\/"]}]}},"_links":{"self":[{"href":"https:\/\/peix-xc.whads.com\/ca\/wp-json\/wp\/v2\/product\/647","targetHints":{"allow":["GET"]}}],"collection":[{"href":"https:\/\/peix-xc.whads.com\/ca\/wp-json\/wp\/v2\/product"}],"about":[{"href":"https:\/\/peix-xc.whads.com\/ca\/wp-json\/wp\/v2\/types\/product"}],"wp:featuredmedia":[{"embeddable":true,"href":"https:\/\/peix-xc.whads.com\/ca\/wp-json\/wp\/v2\/media\/648"}],"wp:attachment":[{"href":"https:\/\/peix-xc.whads.com\/ca\/wp-json\/wp\/v2\/media?parent=647"}],"wp:term":[{"taxonomy":"product_brand","embeddable":true,"href":"https:\/\/peix-xc.whads.com\/ca\/wp-json\/wp\/v2\/product_brand?post=647"},{"taxonomy":"product_cat","embeddable":true,"href":"https:\/\/peix-xc.whads.com\/ca\/wp-json\/wp\/v2\/product_cat?post=647"},{"taxonomy":"product_tag","embeddable":true,"href":"https:\/\/peix-xc.whads.com\/ca\/wp-json\/wp\/v2\/product_tag?post=647"}],"curies":[{"name":"wp","href":"https:\/\/api.w.org\/{rel}","templated":true}]}}