{"id":640,"date":"2024-11-06T09:50:16","date_gmt":"2024-11-06T08:50:16","guid":{"rendered":"https:\/\/peix-xc.whads.com\/?post_type=product&#038;p=640"},"modified":"2025-12-11T18:06:32","modified_gmt":"2025-12-11T17:06:32","slug":"sepia-platja","status":"publish","type":"product","link":"https:\/\/peix-xc.whads.com\/ca\/producte\/sepia-platja\/","title":{"rendered":"S\u00e8pia platja"},"content":{"rendered":"<p>S\u00e8pia, s\u00e9pia o s\u00edpia \u00e9s el nom com\u00fa que es d\u00f3na als individus de l&#8217;ordre Sepiida, pertanyent a la classe Cephalopoda. Pot arribar a 30 o 40 cm de longitud. Viu als fons dels mars poc profunds, generalment entre herbes aqu\u00e0tiques i algues. Les s\u00e8pies tenen una closca interna, ulls grans en forma de W, i 8 bra\u00e7os i 2 tentacles.<\/p>\n","protected":false},"excerpt":{"rendered":"<p>S\u00e8pia, s\u00e9pia o s\u00edpia \u00e9s el nom com\u00fa que es d\u00f3na als individus de l&#8217;ordre Sepiida, pertanyent a la classe Cephalopoda. Pot arribar a 30 o 40 cm de longitud. Viu als fons dels mars poc profunds, generalment entre herbes aqu\u00e0tiques i algues. Les s\u00e8pies tenen una closca interna, ulls grans en forma de W, [&hellip;]<\/p>\n","protected":false},"featured_media":641,"template":"","meta":{"_acf_changed":false},"product_brand":[],"product_cat":[53],"product_tag":[],"class_list":{"0":"post-640","1":"product","2":"type-product","3":"status-publish","4":"has-post-thumbnail","6":"product_cat-sepia","8":"first","9":"instock","10":"taxable","11":"shipping-taxable","12":"purchasable","13":"product-type-simple"},"acf":[],"yoast_head":"<!-- This site is optimized with the Yoast SEO plugin v26.8 - https:\/\/yoast.com\/product\/yoast-seo-wordpress\/ -->\n<title>S\u00e8pia platja | Peix.cat - Peixateria online Boqueria<\/title>\n<meta name=\"description\" content=\"Compra s\u00e8pia platja online del Mercat de la Boqueria de Barcelona. T\u2019ho portem gratis i\u00a0 envasat al buit en 24 o 48 hores.\" \/>\n<meta name=\"robots\" content=\"index, follow, max-snippet:-1, max-image-preview:large, max-video-preview:-1\" \/>\n<link rel=\"canonical\" href=\"https:\/\/peix-xc.whads.com\/ca\/producte\/sepia-platja\/\" \/>\n<meta property=\"og:locale\" content=\"ca_ES\" \/>\n<meta property=\"og:type\" content=\"article\" \/>\n<meta property=\"og:title\" content=\"S\u00e8pia platja | Peix.cat - Peixateria online Boqueria\" \/>\n<meta property=\"og:description\" content=\"Compra s\u00e8pia platja online del Mercat de la Boqueria de Barcelona. T\u2019ho portem gratis i\u00a0 envasat al buit en 24 o 48 hores.\" \/>\n<meta property=\"og:url\" content=\"https:\/\/peix-xc.whads.com\/ca\/producte\/sepia-platja\/\" \/>\n<meta property=\"og:site_name\" content=\"Peix.cat\" \/>\n<meta property=\"article:modified_time\" content=\"2025-12-11T17:06:32+00:00\" \/>\n<meta property=\"og:image\" content=\"https:\/\/peix-xc.whads.com\/wp-content\/uploads\/2024\/11\/sepia.jpeg\" \/>\n\t<meta property=\"og:image:width\" content=\"400\" \/>\n\t<meta property=\"og:image:height\" content=\"300\" \/>\n\t<meta property=\"og:image:type\" content=\"image\/jpeg\" \/>\n<meta name=\"twitter:card\" content=\"summary_large_image\" \/>\n<meta name=\"twitter:label1\" content=\"Temps estimat de lectura\" \/>\n\t<meta name=\"twitter:data1\" content=\"1 minut\" \/>\n<script type=\"application\/ld+json\" class=\"yoast-schema-graph\">{\"@context\":\"https:\/\/schema.org\",\"@graph\":[{\"@type\":\"WebPage\",\"@id\":\"https:\/\/peix-xc.whads.com\/ca\/producte\/sepia-platja\/\",\"url\":\"https:\/\/peix-xc.whads.com\/ca\/producte\/sepia-platja\/\",\"name\":\"S\u00e8pia platja | Peix.cat - Peixateria online Boqueria\",\"isPartOf\":{\"@id\":\"https:\/\/peix-xc.whads.com\/ca\/#website\"},\"primaryImageOfPage\":{\"@id\":\"https:\/\/peix-xc.whads.com\/ca\/producte\/sepia-platja\/#primaryimage\"},\"image\":{\"@id\":\"https:\/\/peix-xc.whads.com\/ca\/producte\/sepia-platja\/#primaryimage\"},\"thumbnailUrl\":\"https:\/\/peix-xc.whads.com\/wp-content\/uploads\/2024\/11\/sepia.jpeg\",\"datePublished\":\"2024-11-06T08:50:16+00:00\",\"dateModified\":\"2025-12-11T17:06:32+00:00\",\"description\":\"Compra s\u00e8pia platja online del Mercat de la Boqueria de Barcelona. T\u2019ho portem gratis i\u00a0 envasat al buit en 24 o 48 hores.\",\"breadcrumb\":{\"@id\":\"https:\/\/peix-xc.whads.com\/ca\/producte\/sepia-platja\/#breadcrumb\"},\"inLanguage\":\"ca\",\"potentialAction\":[{\"@type\":\"ReadAction\",\"target\":[\"https:\/\/peix-xc.whads.com\/ca\/producte\/sepia-platja\/\"]}]},{\"@type\":\"ImageObject\",\"inLanguage\":\"ca\",\"@id\":\"https:\/\/peix-xc.whads.com\/ca\/producte\/sepia-platja\/#primaryimage\",\"url\":\"https:\/\/peix-xc.whads.com\/wp-content\/uploads\/2024\/11\/sepia.jpeg\",\"contentUrl\":\"https:\/\/peix-xc.whads.com\/wp-content\/uploads\/2024\/11\/sepia.jpeg\",\"width\":400,\"height\":300,\"caption\":\"S\u00e8pia platja\"},{\"@type\":\"BreadcrumbList\",\"@id\":\"https:\/\/peix-xc.whads.com\/ca\/producte\/sepia-platja\/#breadcrumb\",\"itemListElement\":[{\"@type\":\"ListItem\",\"position\":1,\"name\":\"Home\",\"item\":\"https:\/\/peix-xc.whads.com\/ca\/\"},{\"@type\":\"ListItem\",\"position\":2,\"name\":\"Productes\",\"item\":\"https:\/\/peix-xc.whads.com\/ca\/productes\/\"},{\"@type\":\"ListItem\",\"position\":3,\"name\":\"S\u00e8pia platja\"}]},{\"@type\":\"WebSite\",\"@id\":\"https:\/\/peix-xc.whads.com\/ca\/#website\",\"url\":\"https:\/\/peix-xc.whads.com\/ca\/\",\"name\":\"Peix.cat\",\"description\":\"Peixateria online Boqueria\",\"publisher\":{\"@id\":\"https:\/\/peix-xc.whads.com\/ca\/#organization\"},\"potentialAction\":[{\"@type\":\"SearchAction\",\"target\":{\"@type\":\"EntryPoint\",\"urlTemplate\":\"https:\/\/peix-xc.whads.com\/ca\/?s={search_term_string}\"},\"query-input\":{\"@type\":\"PropertyValueSpecification\",\"valueRequired\":true,\"valueName\":\"search_term_string\"}}],\"inLanguage\":\"ca\"},{\"@type\":\"Organization\",\"@id\":\"https:\/\/peix-xc.whads.com\/ca\/#organization\",\"name\":\"Peix.cat\",\"url\":\"https:\/\/peix-xc.whads.com\/ca\/\",\"logo\":{\"@type\":\"ImageObject\",\"inLanguage\":\"ca\",\"@id\":\"https:\/\/peix-xc.whads.com\/ca\/#\/schema\/logo\/image\/\",\"url\":\"https:\/\/peix-xc.whads.com\/wp-content\/uploads\/2024\/09\/cropped-peixcat_logo_small.png\",\"contentUrl\":\"https:\/\/peix-xc.whads.com\/wp-content\/uploads\/2024\/09\/cropped-peixcat_logo_small.png\",\"width\":300,\"height\":300,\"caption\":\"Peix.cat\"},\"image\":{\"@id\":\"https:\/\/peix-xc.whads.com\/ca\/#\/schema\/logo\/image\/\"},\"sameAs\":[\"https:\/\/www.instagram.com\/peix.cat\/\"]}]}<\/script>\n<!-- \/ Yoast SEO plugin. -->","yoast_head_json":{"title":"S\u00e8pia platja | Peix.cat - Peixateria online Boqueria","description":"Compra s\u00e8pia platja online del Mercat de la Boqueria de Barcelona. T\u2019ho portem gratis i\u00a0 envasat al buit en 24 o 48 hores.","robots":{"index":"index","follow":"follow","max-snippet":"max-snippet:-1","max-image-preview":"max-image-preview:large","max-video-preview":"max-video-preview:-1"},"canonical":"https:\/\/peix-xc.whads.com\/ca\/producte\/sepia-platja\/","og_locale":"ca_ES","og_type":"article","og_title":"S\u00e8pia platja | Peix.cat - Peixateria online Boqueria","og_description":"Compra s\u00e8pia platja online del Mercat de la Boqueria de Barcelona. T\u2019ho portem gratis i\u00a0 envasat al buit en 24 o 48 hores.","og_url":"https:\/\/peix-xc.whads.com\/ca\/producte\/sepia-platja\/","og_site_name":"Peix.cat","article_modified_time":"2025-12-11T17:06:32+00:00","og_image":[{"width":400,"height":300,"url":"https:\/\/peix-xc.whads.com\/wp-content\/uploads\/2024\/11\/sepia.jpeg","type":"image\/jpeg"}],"twitter_card":"summary_large_image","twitter_misc":{"Temps estimat de lectura":"1 minut"},"schema":{"@context":"https:\/\/schema.org","@graph":[{"@type":"WebPage","@id":"https:\/\/peix-xc.whads.com\/ca\/producte\/sepia-platja\/","url":"https:\/\/peix-xc.whads.com\/ca\/producte\/sepia-platja\/","name":"S\u00e8pia platja | Peix.cat - Peixateria online Boqueria","isPartOf":{"@id":"https:\/\/peix-xc.whads.com\/ca\/#website"},"primaryImageOfPage":{"@id":"https:\/\/peix-xc.whads.com\/ca\/producte\/sepia-platja\/#primaryimage"},"image":{"@id":"https:\/\/peix-xc.whads.com\/ca\/producte\/sepia-platja\/#primaryimage"},"thumbnailUrl":"https:\/\/peix-xc.whads.com\/wp-content\/uploads\/2024\/11\/sepia.jpeg","datePublished":"2024-11-06T08:50:16+00:00","dateModified":"2025-12-11T17:06:32+00:00","description":"Compra s\u00e8pia platja online del Mercat de la Boqueria de Barcelona. T\u2019ho portem gratis i\u00a0 envasat al buit en 24 o 48 hores.","breadcrumb":{"@id":"https:\/\/peix-xc.whads.com\/ca\/producte\/sepia-platja\/#breadcrumb"},"inLanguage":"ca","potentialAction":[{"@type":"ReadAction","target":["https:\/\/peix-xc.whads.com\/ca\/producte\/sepia-platja\/"]}]},{"@type":"ImageObject","inLanguage":"ca","@id":"https:\/\/peix-xc.whads.com\/ca\/producte\/sepia-platja\/#primaryimage","url":"https:\/\/peix-xc.whads.com\/wp-content\/uploads\/2024\/11\/sepia.jpeg","contentUrl":"https:\/\/peix-xc.whads.com\/wp-content\/uploads\/2024\/11\/sepia.jpeg","width":400,"height":300,"caption":"S\u00e8pia platja"},{"@type":"BreadcrumbList","@id":"https:\/\/peix-xc.whads.com\/ca\/producte\/sepia-platja\/#breadcrumb","itemListElement":[{"@type":"ListItem","position":1,"name":"Home","item":"https:\/\/peix-xc.whads.com\/ca\/"},{"@type":"ListItem","position":2,"name":"Productes","item":"https:\/\/peix-xc.whads.com\/ca\/productes\/"},{"@type":"ListItem","position":3,"name":"S\u00e8pia platja"}]},{"@type":"WebSite","@id":"https:\/\/peix-xc.whads.com\/ca\/#website","url":"https:\/\/peix-xc.whads.com\/ca\/","name":"Peix.cat","description":"Peixateria online Boqueria","publisher":{"@id":"https:\/\/peix-xc.whads.com\/ca\/#organization"},"potentialAction":[{"@type":"SearchAction","target":{"@type":"EntryPoint","urlTemplate":"https:\/\/peix-xc.whads.com\/ca\/?s={search_term_string}"},"query-input":{"@type":"PropertyValueSpecification","valueRequired":true,"valueName":"search_term_string"}}],"inLanguage":"ca"},{"@type":"Organization","@id":"https:\/\/peix-xc.whads.com\/ca\/#organization","name":"Peix.cat","url":"https:\/\/peix-xc.whads.com\/ca\/","logo":{"@type":"ImageObject","inLanguage":"ca","@id":"https:\/\/peix-xc.whads.com\/ca\/#\/schema\/logo\/image\/","url":"https:\/\/peix-xc.whads.com\/wp-content\/uploads\/2024\/09\/cropped-peixcat_logo_small.png","contentUrl":"https:\/\/peix-xc.whads.com\/wp-content\/uploads\/2024\/09\/cropped-peixcat_logo_small.png","width":300,"height":300,"caption":"Peix.cat"},"image":{"@id":"https:\/\/peix-xc.whads.com\/ca\/#\/schema\/logo\/image\/"},"sameAs":["https:\/\/www.instagram.com\/peix.cat\/"]}]}},"_links":{"self":[{"href":"https:\/\/peix-xc.whads.com\/ca\/wp-json\/wp\/v2\/product\/640","targetHints":{"allow":["GET"]}}],"collection":[{"href":"https:\/\/peix-xc.whads.com\/ca\/wp-json\/wp\/v2\/product"}],"about":[{"href":"https:\/\/peix-xc.whads.com\/ca\/wp-json\/wp\/v2\/types\/product"}],"wp:featuredmedia":[{"embeddable":true,"href":"https:\/\/peix-xc.whads.com\/ca\/wp-json\/wp\/v2\/media\/641"}],"wp:attachment":[{"href":"https:\/\/peix-xc.whads.com\/ca\/wp-json\/wp\/v2\/media?parent=640"}],"wp:term":[{"taxonomy":"product_brand","embeddable":true,"href":"https:\/\/peix-xc.whads.com\/ca\/wp-json\/wp\/v2\/product_brand?post=640"},{"taxonomy":"product_cat","embeddable":true,"href":"https:\/\/peix-xc.whads.com\/ca\/wp-json\/wp\/v2\/product_cat?post=640"},{"taxonomy":"product_tag","embeddable":true,"href":"https:\/\/peix-xc.whads.com\/ca\/wp-json\/wp\/v2\/product_tag?post=640"}],"curies":[{"name":"wp","href":"https:\/\/api.w.org\/{rel}","templated":true}]}}