{"id":517,"date":"2024-11-06T08:31:55","date_gmt":"2024-11-06T07:31:55","guid":{"rendered":"https:\/\/peix-xc.whads.com\/?post_type=product&#038;p=517"},"modified":"2025-12-11T18:06:03","modified_gmt":"2025-12-11T17:06:03","slug":"lluc-de-palangre","status":"publish","type":"product","link":"https:\/\/peix-xc.whads.com\/ca\/producte\/lluc-de-palangre\/","title":{"rendered":"Llu\u00e7 de palangre"},"content":{"rendered":"<p>El llu\u00e7 \u00e9s una de les varietats de peix blanc m\u00e9s acceptades, degut sobretot al seu suau sabor ja que, admet una gran varietat de preparacions culin\u00e0ries. Pot servir-se de moltes maneres, bullida, arrebossada, a la planxa, al forn o guisada.<\/p>\n<p>Podem trobar diverses esp\u00e8cies de llu\u00e7os. Per la forma de captura, el m\u00e9s preuat \u00e9s el llu\u00e7 de palangre, que es pesca prop del litoral, aproximadament a uns 30 km de les nostres costes. S\u2019anomena \u201cde palangre\u201d pel tipus de pesca amb qu\u00e8 es captura, ja que es fa mitjan\u00e7ant l\u2019art conegut com palangre, que consisteix en una l\u00ednia o sedal amb centenars d\u2019hams on els llu\u00e7os piquen i s\u2019enganxen. Els llu\u00e7os, quan s\u00f3n pescats amb esta t\u00e8cnica, no patixen tants colps i aix\u00ed la seva carn es m\u00e9s ferma.<\/p>\n","protected":false},"excerpt":{"rendered":"<p>El llu\u00e7 \u00e9s una de les varietats de peix blanc m\u00e9s acceptades, degut sobretot al seu suau sabor ja que, admet una gran varietat de preparacions culin\u00e0ries. Pot servir-se de moltes maneres, bullida, arrebossada, a la planxa, al forn o guisada. Podem trobar diverses esp\u00e8cies de llu\u00e7os. Per la forma de captura, el m\u00e9s preuat [&hellip;]<\/p>\n","protected":false},"featured_media":534,"template":"","meta":{"_acf_changed":false},"product_brand":[],"product_cat":[24,30],"product_tag":[],"class_list":{"0":"post-517","1":"product","2":"type-product","3":"status-publish","4":"has-post-thumbnail","6":"product_cat-peix","7":"product_cat-lluc","9":"first","10":"instock","11":"taxable","12":"shipping-taxable","13":"purchasable","14":"product-type-variable"},"acf":[],"yoast_head":"<!-- This site is optimized with the Yoast SEO plugin v26.8 - https:\/\/yoast.com\/product\/yoast-seo-wordpress\/ -->\n<title>Llu\u00e7 de palangre | Peix.cat - Peixateria online Boqueria<\/title>\n<meta name=\"description\" content=\"Compra llu\u00e7 de palangre online del Mercat de la Boqueria de Barcelona. T\u2019ho portem gratis i\u00a0 envasat al buit en 24 o 48 hores.\" \/>\n<meta name=\"robots\" content=\"index, follow, max-snippet:-1, max-image-preview:large, max-video-preview:-1\" \/>\n<link rel=\"canonical\" href=\"https:\/\/peix-xc.whads.com\/ca\/producte\/lluc-de-palangre\/\" \/>\n<meta property=\"og:locale\" content=\"ca_ES\" \/>\n<meta property=\"og:type\" content=\"article\" \/>\n<meta property=\"og:title\" content=\"Llu\u00e7 de palangre | Peix.cat - Peixateria online Boqueria\" \/>\n<meta property=\"og:description\" content=\"Compra llu\u00e7 de palangre online del Mercat de la Boqueria de Barcelona. T\u2019ho portem gratis i\u00a0 envasat al buit en 24 o 48 hores.\" \/>\n<meta property=\"og:url\" content=\"https:\/\/peix-xc.whads.com\/ca\/producte\/lluc-de-palangre\/\" \/>\n<meta property=\"og:site_name\" content=\"Peix.cat\" \/>\n<meta property=\"article:modified_time\" content=\"2025-12-11T17:06:03+00:00\" \/>\n<meta property=\"og:image\" content=\"https:\/\/peix-xc.whads.com\/wp-content\/uploads\/2024\/11\/IMG_5736.jpg\" \/>\n\t<meta property=\"og:image:width\" content=\"750\" \/>\n\t<meta property=\"og:image:height\" content=\"533\" \/>\n\t<meta property=\"og:image:type\" content=\"image\/jpeg\" \/>\n<meta name=\"twitter:card\" content=\"summary_large_image\" \/>\n<meta name=\"twitter:label1\" content=\"Temps estimat de lectura\" \/>\n\t<meta name=\"twitter:data1\" content=\"1 minut\" \/>\n<script type=\"application\/ld+json\" class=\"yoast-schema-graph\">{\"@context\":\"https:\/\/schema.org\",\"@graph\":[{\"@type\":\"WebPage\",\"@id\":\"https:\/\/peix-xc.whads.com\/ca\/producte\/lluc-de-palangre\/\",\"url\":\"https:\/\/peix-xc.whads.com\/ca\/producte\/lluc-de-palangre\/\",\"name\":\"Llu\u00e7 de palangre | Peix.cat - Peixateria online Boqueria\",\"isPartOf\":{\"@id\":\"https:\/\/peix-xc.whads.com\/ca\/#website\"},\"primaryImageOfPage\":{\"@id\":\"https:\/\/peix-xc.whads.com\/ca\/producte\/lluc-de-palangre\/#primaryimage\"},\"image\":{\"@id\":\"https:\/\/peix-xc.whads.com\/ca\/producte\/lluc-de-palangre\/#primaryimage\"},\"thumbnailUrl\":\"https:\/\/peix-xc.whads.com\/wp-content\/uploads\/2024\/11\/IMG_5736.jpg\",\"datePublished\":\"2024-11-06T07:31:55+00:00\",\"dateModified\":\"2025-12-11T17:06:03+00:00\",\"description\":\"Compra llu\u00e7 de palangre online del Mercat de la Boqueria de Barcelona. T\u2019ho portem gratis i\u00a0 envasat al buit en 24 o 48 hores.\",\"breadcrumb\":{\"@id\":\"https:\/\/peix-xc.whads.com\/ca\/producte\/lluc-de-palangre\/#breadcrumb\"},\"inLanguage\":\"ca\",\"potentialAction\":[{\"@type\":\"ReadAction\",\"target\":[\"https:\/\/peix-xc.whads.com\/ca\/producte\/lluc-de-palangre\/\"]}]},{\"@type\":\"ImageObject\",\"inLanguage\":\"ca\",\"@id\":\"https:\/\/peix-xc.whads.com\/ca\/producte\/lluc-de-palangre\/#primaryimage\",\"url\":\"https:\/\/peix-xc.whads.com\/wp-content\/uploads\/2024\/11\/IMG_5736.jpg\",\"contentUrl\":\"https:\/\/peix-xc.whads.com\/wp-content\/uploads\/2024\/11\/IMG_5736.jpg\",\"width\":750,\"height\":533,\"caption\":\"Screenshot\"},{\"@type\":\"BreadcrumbList\",\"@id\":\"https:\/\/peix-xc.whads.com\/ca\/producte\/lluc-de-palangre\/#breadcrumb\",\"itemListElement\":[{\"@type\":\"ListItem\",\"position\":1,\"name\":\"Home\",\"item\":\"https:\/\/peix-xc.whads.com\/ca\/\"},{\"@type\":\"ListItem\",\"position\":2,\"name\":\"Productes\",\"item\":\"https:\/\/peix-xc.whads.com\/ca\/productes\/\"},{\"@type\":\"ListItem\",\"position\":3,\"name\":\"Llu\u00e7 de palangre\"}]},{\"@type\":\"WebSite\",\"@id\":\"https:\/\/peix-xc.whads.com\/ca\/#website\",\"url\":\"https:\/\/peix-xc.whads.com\/ca\/\",\"name\":\"Peix.cat\",\"description\":\"Peixateria online Boqueria\",\"publisher\":{\"@id\":\"https:\/\/peix-xc.whads.com\/ca\/#organization\"},\"potentialAction\":[{\"@type\":\"SearchAction\",\"target\":{\"@type\":\"EntryPoint\",\"urlTemplate\":\"https:\/\/peix-xc.whads.com\/ca\/?s={search_term_string}\"},\"query-input\":{\"@type\":\"PropertyValueSpecification\",\"valueRequired\":true,\"valueName\":\"search_term_string\"}}],\"inLanguage\":\"ca\"},{\"@type\":\"Organization\",\"@id\":\"https:\/\/peix-xc.whads.com\/ca\/#organization\",\"name\":\"Peix.cat\",\"url\":\"https:\/\/peix-xc.whads.com\/ca\/\",\"logo\":{\"@type\":\"ImageObject\",\"inLanguage\":\"ca\",\"@id\":\"https:\/\/peix-xc.whads.com\/ca\/#\/schema\/logo\/image\/\",\"url\":\"https:\/\/peix-xc.whads.com\/wp-content\/uploads\/2024\/09\/cropped-peixcat_logo_small.png\",\"contentUrl\":\"https:\/\/peix-xc.whads.com\/wp-content\/uploads\/2024\/09\/cropped-peixcat_logo_small.png\",\"width\":300,\"height\":300,\"caption\":\"Peix.cat\"},\"image\":{\"@id\":\"https:\/\/peix-xc.whads.com\/ca\/#\/schema\/logo\/image\/\"},\"sameAs\":[\"https:\/\/www.instagram.com\/peix.cat\/\"]}]}<\/script>\n<!-- \/ Yoast SEO plugin. -->","yoast_head_json":{"title":"Llu\u00e7 de palangre | Peix.cat - Peixateria online Boqueria","description":"Compra llu\u00e7 de palangre online del Mercat de la Boqueria de Barcelona. T\u2019ho portem gratis i\u00a0 envasat al buit en 24 o 48 hores.","robots":{"index":"index","follow":"follow","max-snippet":"max-snippet:-1","max-image-preview":"max-image-preview:large","max-video-preview":"max-video-preview:-1"},"canonical":"https:\/\/peix-xc.whads.com\/ca\/producte\/lluc-de-palangre\/","og_locale":"ca_ES","og_type":"article","og_title":"Llu\u00e7 de palangre | Peix.cat - Peixateria online Boqueria","og_description":"Compra llu\u00e7 de palangre online del Mercat de la Boqueria de Barcelona. T\u2019ho portem gratis i\u00a0 envasat al buit en 24 o 48 hores.","og_url":"https:\/\/peix-xc.whads.com\/ca\/producte\/lluc-de-palangre\/","og_site_name":"Peix.cat","article_modified_time":"2025-12-11T17:06:03+00:00","og_image":[{"width":750,"height":533,"url":"https:\/\/peix-xc.whads.com\/wp-content\/uploads\/2024\/11\/IMG_5736.jpg","type":"image\/jpeg"}],"twitter_card":"summary_large_image","twitter_misc":{"Temps estimat de lectura":"1 minut"},"schema":{"@context":"https:\/\/schema.org","@graph":[{"@type":"WebPage","@id":"https:\/\/peix-xc.whads.com\/ca\/producte\/lluc-de-palangre\/","url":"https:\/\/peix-xc.whads.com\/ca\/producte\/lluc-de-palangre\/","name":"Llu\u00e7 de palangre | Peix.cat - Peixateria online Boqueria","isPartOf":{"@id":"https:\/\/peix-xc.whads.com\/ca\/#website"},"primaryImageOfPage":{"@id":"https:\/\/peix-xc.whads.com\/ca\/producte\/lluc-de-palangre\/#primaryimage"},"image":{"@id":"https:\/\/peix-xc.whads.com\/ca\/producte\/lluc-de-palangre\/#primaryimage"},"thumbnailUrl":"https:\/\/peix-xc.whads.com\/wp-content\/uploads\/2024\/11\/IMG_5736.jpg","datePublished":"2024-11-06T07:31:55+00:00","dateModified":"2025-12-11T17:06:03+00:00","description":"Compra llu\u00e7 de palangre online del Mercat de la Boqueria de Barcelona. T\u2019ho portem gratis i\u00a0 envasat al buit en 24 o 48 hores.","breadcrumb":{"@id":"https:\/\/peix-xc.whads.com\/ca\/producte\/lluc-de-palangre\/#breadcrumb"},"inLanguage":"ca","potentialAction":[{"@type":"ReadAction","target":["https:\/\/peix-xc.whads.com\/ca\/producte\/lluc-de-palangre\/"]}]},{"@type":"ImageObject","inLanguage":"ca","@id":"https:\/\/peix-xc.whads.com\/ca\/producte\/lluc-de-palangre\/#primaryimage","url":"https:\/\/peix-xc.whads.com\/wp-content\/uploads\/2024\/11\/IMG_5736.jpg","contentUrl":"https:\/\/peix-xc.whads.com\/wp-content\/uploads\/2024\/11\/IMG_5736.jpg","width":750,"height":533,"caption":"Screenshot"},{"@type":"BreadcrumbList","@id":"https:\/\/peix-xc.whads.com\/ca\/producte\/lluc-de-palangre\/#breadcrumb","itemListElement":[{"@type":"ListItem","position":1,"name":"Home","item":"https:\/\/peix-xc.whads.com\/ca\/"},{"@type":"ListItem","position":2,"name":"Productes","item":"https:\/\/peix-xc.whads.com\/ca\/productes\/"},{"@type":"ListItem","position":3,"name":"Llu\u00e7 de palangre"}]},{"@type":"WebSite","@id":"https:\/\/peix-xc.whads.com\/ca\/#website","url":"https:\/\/peix-xc.whads.com\/ca\/","name":"Peix.cat","description":"Peixateria online Boqueria","publisher":{"@id":"https:\/\/peix-xc.whads.com\/ca\/#organization"},"potentialAction":[{"@type":"SearchAction","target":{"@type":"EntryPoint","urlTemplate":"https:\/\/peix-xc.whads.com\/ca\/?s={search_term_string}"},"query-input":{"@type":"PropertyValueSpecification","valueRequired":true,"valueName":"search_term_string"}}],"inLanguage":"ca"},{"@type":"Organization","@id":"https:\/\/peix-xc.whads.com\/ca\/#organization","name":"Peix.cat","url":"https:\/\/peix-xc.whads.com\/ca\/","logo":{"@type":"ImageObject","inLanguage":"ca","@id":"https:\/\/peix-xc.whads.com\/ca\/#\/schema\/logo\/image\/","url":"https:\/\/peix-xc.whads.com\/wp-content\/uploads\/2024\/09\/cropped-peixcat_logo_small.png","contentUrl":"https:\/\/peix-xc.whads.com\/wp-content\/uploads\/2024\/09\/cropped-peixcat_logo_small.png","width":300,"height":300,"caption":"Peix.cat"},"image":{"@id":"https:\/\/peix-xc.whads.com\/ca\/#\/schema\/logo\/image\/"},"sameAs":["https:\/\/www.instagram.com\/peix.cat\/"]}]}},"_links":{"self":[{"href":"https:\/\/peix-xc.whads.com\/ca\/wp-json\/wp\/v2\/product\/517","targetHints":{"allow":["GET"]}}],"collection":[{"href":"https:\/\/peix-xc.whads.com\/ca\/wp-json\/wp\/v2\/product"}],"about":[{"href":"https:\/\/peix-xc.whads.com\/ca\/wp-json\/wp\/v2\/types\/product"}],"wp:featuredmedia":[{"embeddable":true,"href":"https:\/\/peix-xc.whads.com\/ca\/wp-json\/wp\/v2\/media\/534"}],"wp:attachment":[{"href":"https:\/\/peix-xc.whads.com\/ca\/wp-json\/wp\/v2\/media?parent=517"}],"wp:term":[{"taxonomy":"product_brand","embeddable":true,"href":"https:\/\/peix-xc.whads.com\/ca\/wp-json\/wp\/v2\/product_brand?post=517"},{"taxonomy":"product_cat","embeddable":true,"href":"https:\/\/peix-xc.whads.com\/ca\/wp-json\/wp\/v2\/product_cat?post=517"},{"taxonomy":"product_tag","embeddable":true,"href":"https:\/\/peix-xc.whads.com\/ca\/wp-json\/wp\/v2\/product_tag?post=517"}],"curies":[{"name":"wp","href":"https:\/\/api.w.org\/{rel}","templated":true}]}}