{"id":158,"date":"2024-09-09T08:17:23","date_gmt":"2024-09-09T06:17:23","guid":{"rendered":"https:\/\/peix-xc.whads.com\/?post_type=product&#038;p=158"},"modified":"2025-12-11T18:06:42","modified_gmt":"2025-12-11T17:06:42","slug":"cloissa-cultiu","status":"publish","type":"product","link":"https:\/\/peix-xc.whads.com\/ca\/producte\/cloissa-cultiu\/","title":{"rendered":"Clo\u00efssa cultiu"},"content":{"rendered":"<p>Clo\u00efssa \u00e9s el nom amb qu\u00e8 comunament es coneix diversos mol\u00b7luscs bivalves que viuen enterrats en la sorra o el fang de les vores dels rius i mars. Clo\u00efssa japonesa: origin\u00e0ria de les costes franceses i angleses, \u00e9s de creixement r\u00e0pid, per la qual cosa \u00e9s utilitzada per al cultiu a Espanya, Fran\u00e7a i Anglaterra. En els nostres mercats \u00e9s la clo\u00efssa m\u00e9s comuna.<\/p>\n<p>Es pot cuinar tant a la planxa com amb salsa. Tamb\u00e9 \u00e9s una gran acompanyant de diversos plats.<\/p>\n","protected":false},"excerpt":{"rendered":"<p>Clo\u00efssa \u00e9s el nom amb qu\u00e8 comunament es coneix diversos mol\u00b7luscs bivalves que viuen enterrats en la sorra o el fang de les vores dels rius i mars. Clo\u00efssa japonesa: origin\u00e0ria de les costes franceses i angleses, \u00e9s de creixement r\u00e0pid, per la qual cosa \u00e9s utilitzada per al cultiu a Espanya, Fran\u00e7a i Anglaterra. [&hellip;]<\/p>\n","protected":false},"featured_media":159,"template":"","meta":{"_acf_changed":false},"product_brand":[],"product_cat":[25,42],"product_tag":[],"class_list":{"0":"post-158","1":"product","2":"type-product","3":"status-publish","4":"has-post-thumbnail","6":"product_cat-marisc","7":"product_cat-cloises","9":"first","10":"instock","11":"taxable","12":"shipping-taxable","13":"purchasable","14":"product-type-simple"},"acf":[],"yoast_head":"<!-- This site is optimized with the Yoast SEO plugin v26.8 - https:\/\/yoast.com\/product\/yoast-seo-wordpress\/ -->\n<title>Clo\u00efssa cultiu | Peix.cat - Peixateria online Boqueria<\/title>\n<meta name=\"description\" content=\"Compra clo\u00efssa cultiu online del Mercat de la Boqueria de Barcelona. T\u2019ho portem gratis i\u00a0 envasat al buit en 24 o 48 hores.\" \/>\n<meta name=\"robots\" content=\"index, follow, max-snippet:-1, max-image-preview:large, max-video-preview:-1\" \/>\n<link rel=\"canonical\" href=\"https:\/\/peix-xc.whads.com\/ca\/producte\/cloissa-cultiu\/\" \/>\n<meta property=\"og:locale\" content=\"ca_ES\" \/>\n<meta property=\"og:type\" content=\"article\" \/>\n<meta property=\"og:title\" content=\"Clo\u00efssa cultiu | Peix.cat - Peixateria online Boqueria\" \/>\n<meta property=\"og:description\" content=\"Compra clo\u00efssa cultiu online del Mercat de la Boqueria de Barcelona. T\u2019ho portem gratis i\u00a0 envasat al buit en 24 o 48 hores.\" \/>\n<meta property=\"og:url\" content=\"https:\/\/peix-xc.whads.com\/ca\/producte\/cloissa-cultiu\/\" \/>\n<meta property=\"og:site_name\" content=\"Peix.cat\" \/>\n<meta property=\"article:modified_time\" content=\"2025-12-11T17:06:42+00:00\" \/>\n<meta property=\"og:image\" content=\"https:\/\/peix-xc.whads.com\/wp-content\/uploads\/2024\/09\/cloissa-cultiu.jpg\" \/>\n\t<meta property=\"og:image:width\" content=\"684\" \/>\n\t<meta property=\"og:image:height\" content=\"912\" \/>\n\t<meta property=\"og:image:type\" content=\"image\/jpeg\" \/>\n<meta name=\"twitter:card\" content=\"summary_large_image\" \/>\n<meta name=\"twitter:label1\" content=\"Temps estimat de lectura\" \/>\n\t<meta name=\"twitter:data1\" content=\"1 minut\" \/>\n<script type=\"application\/ld+json\" class=\"yoast-schema-graph\">{\"@context\":\"https:\/\/schema.org\",\"@graph\":[{\"@type\":\"WebPage\",\"@id\":\"https:\/\/peix-xc.whads.com\/ca\/producte\/cloissa-cultiu\/\",\"url\":\"https:\/\/peix-xc.whads.com\/ca\/producte\/cloissa-cultiu\/\",\"name\":\"Clo\u00efssa cultiu | Peix.cat - Peixateria online Boqueria\",\"isPartOf\":{\"@id\":\"https:\/\/peix-xc.whads.com\/ca\/#website\"},\"primaryImageOfPage\":{\"@id\":\"https:\/\/peix-xc.whads.com\/ca\/producte\/cloissa-cultiu\/#primaryimage\"},\"image\":{\"@id\":\"https:\/\/peix-xc.whads.com\/ca\/producte\/cloissa-cultiu\/#primaryimage\"},\"thumbnailUrl\":\"https:\/\/peix-xc.whads.com\/wp-content\/uploads\/2024\/09\/cloissa-cultiu.jpg\",\"datePublished\":\"2024-09-09T06:17:23+00:00\",\"dateModified\":\"2025-12-11T17:06:42+00:00\",\"description\":\"Compra clo\u00efssa cultiu online del Mercat de la Boqueria de Barcelona. T\u2019ho portem gratis i\u00a0 envasat al buit en 24 o 48 hores.\",\"breadcrumb\":{\"@id\":\"https:\/\/peix-xc.whads.com\/ca\/producte\/cloissa-cultiu\/#breadcrumb\"},\"inLanguage\":\"ca\",\"potentialAction\":[{\"@type\":\"ReadAction\",\"target\":[\"https:\/\/peix-xc.whads.com\/ca\/producte\/cloissa-cultiu\/\"]}]},{\"@type\":\"ImageObject\",\"inLanguage\":\"ca\",\"@id\":\"https:\/\/peix-xc.whads.com\/ca\/producte\/cloissa-cultiu\/#primaryimage\",\"url\":\"https:\/\/peix-xc.whads.com\/wp-content\/uploads\/2024\/09\/cloissa-cultiu.jpg\",\"contentUrl\":\"https:\/\/peix-xc.whads.com\/wp-content\/uploads\/2024\/09\/cloissa-cultiu.jpg\",\"width\":684,\"height\":912},{\"@type\":\"BreadcrumbList\",\"@id\":\"https:\/\/peix-xc.whads.com\/ca\/producte\/cloissa-cultiu\/#breadcrumb\",\"itemListElement\":[{\"@type\":\"ListItem\",\"position\":1,\"name\":\"Home\",\"item\":\"https:\/\/peix-xc.whads.com\/ca\/\"},{\"@type\":\"ListItem\",\"position\":2,\"name\":\"Productes\",\"item\":\"https:\/\/peix-xc.whads.com\/ca\/productes\/\"},{\"@type\":\"ListItem\",\"position\":3,\"name\":\"Clo\u00efssa cultiu\"}]},{\"@type\":\"WebSite\",\"@id\":\"https:\/\/peix-xc.whads.com\/ca\/#website\",\"url\":\"https:\/\/peix-xc.whads.com\/ca\/\",\"name\":\"Peix.cat\",\"description\":\"Peixateria online Boqueria\",\"publisher\":{\"@id\":\"https:\/\/peix-xc.whads.com\/ca\/#organization\"},\"potentialAction\":[{\"@type\":\"SearchAction\",\"target\":{\"@type\":\"EntryPoint\",\"urlTemplate\":\"https:\/\/peix-xc.whads.com\/ca\/?s={search_term_string}\"},\"query-input\":{\"@type\":\"PropertyValueSpecification\",\"valueRequired\":true,\"valueName\":\"search_term_string\"}}],\"inLanguage\":\"ca\"},{\"@type\":\"Organization\",\"@id\":\"https:\/\/peix-xc.whads.com\/ca\/#organization\",\"name\":\"Peix.cat\",\"url\":\"https:\/\/peix-xc.whads.com\/ca\/\",\"logo\":{\"@type\":\"ImageObject\",\"inLanguage\":\"ca\",\"@id\":\"https:\/\/peix-xc.whads.com\/ca\/#\/schema\/logo\/image\/\",\"url\":\"https:\/\/peix-xc.whads.com\/wp-content\/uploads\/2024\/09\/cropped-peixcat_logo_small.png\",\"contentUrl\":\"https:\/\/peix-xc.whads.com\/wp-content\/uploads\/2024\/09\/cropped-peixcat_logo_small.png\",\"width\":300,\"height\":300,\"caption\":\"Peix.cat\"},\"image\":{\"@id\":\"https:\/\/peix-xc.whads.com\/ca\/#\/schema\/logo\/image\/\"},\"sameAs\":[\"https:\/\/www.instagram.com\/peix.cat\/\"]}]}<\/script>\n<!-- \/ Yoast SEO plugin. -->","yoast_head_json":{"title":"Clo\u00efssa cultiu | Peix.cat - Peixateria online Boqueria","description":"Compra clo\u00efssa cultiu online del Mercat de la Boqueria de Barcelona. T\u2019ho portem gratis i\u00a0 envasat al buit en 24 o 48 hores.","robots":{"index":"index","follow":"follow","max-snippet":"max-snippet:-1","max-image-preview":"max-image-preview:large","max-video-preview":"max-video-preview:-1"},"canonical":"https:\/\/peix-xc.whads.com\/ca\/producte\/cloissa-cultiu\/","og_locale":"ca_ES","og_type":"article","og_title":"Clo\u00efssa cultiu | Peix.cat - Peixateria online Boqueria","og_description":"Compra clo\u00efssa cultiu online del Mercat de la Boqueria de Barcelona. T\u2019ho portem gratis i\u00a0 envasat al buit en 24 o 48 hores.","og_url":"https:\/\/peix-xc.whads.com\/ca\/producte\/cloissa-cultiu\/","og_site_name":"Peix.cat","article_modified_time":"2025-12-11T17:06:42+00:00","og_image":[{"width":684,"height":912,"url":"https:\/\/peix-xc.whads.com\/wp-content\/uploads\/2024\/09\/cloissa-cultiu.jpg","type":"image\/jpeg"}],"twitter_card":"summary_large_image","twitter_misc":{"Temps estimat de lectura":"1 minut"},"schema":{"@context":"https:\/\/schema.org","@graph":[{"@type":"WebPage","@id":"https:\/\/peix-xc.whads.com\/ca\/producte\/cloissa-cultiu\/","url":"https:\/\/peix-xc.whads.com\/ca\/producte\/cloissa-cultiu\/","name":"Clo\u00efssa cultiu | Peix.cat - Peixateria online Boqueria","isPartOf":{"@id":"https:\/\/peix-xc.whads.com\/ca\/#website"},"primaryImageOfPage":{"@id":"https:\/\/peix-xc.whads.com\/ca\/producte\/cloissa-cultiu\/#primaryimage"},"image":{"@id":"https:\/\/peix-xc.whads.com\/ca\/producte\/cloissa-cultiu\/#primaryimage"},"thumbnailUrl":"https:\/\/peix-xc.whads.com\/wp-content\/uploads\/2024\/09\/cloissa-cultiu.jpg","datePublished":"2024-09-09T06:17:23+00:00","dateModified":"2025-12-11T17:06:42+00:00","description":"Compra clo\u00efssa cultiu online del Mercat de la Boqueria de Barcelona. T\u2019ho portem gratis i\u00a0 envasat al buit en 24 o 48 hores.","breadcrumb":{"@id":"https:\/\/peix-xc.whads.com\/ca\/producte\/cloissa-cultiu\/#breadcrumb"},"inLanguage":"ca","potentialAction":[{"@type":"ReadAction","target":["https:\/\/peix-xc.whads.com\/ca\/producte\/cloissa-cultiu\/"]}]},{"@type":"ImageObject","inLanguage":"ca","@id":"https:\/\/peix-xc.whads.com\/ca\/producte\/cloissa-cultiu\/#primaryimage","url":"https:\/\/peix-xc.whads.com\/wp-content\/uploads\/2024\/09\/cloissa-cultiu.jpg","contentUrl":"https:\/\/peix-xc.whads.com\/wp-content\/uploads\/2024\/09\/cloissa-cultiu.jpg","width":684,"height":912},{"@type":"BreadcrumbList","@id":"https:\/\/peix-xc.whads.com\/ca\/producte\/cloissa-cultiu\/#breadcrumb","itemListElement":[{"@type":"ListItem","position":1,"name":"Home","item":"https:\/\/peix-xc.whads.com\/ca\/"},{"@type":"ListItem","position":2,"name":"Productes","item":"https:\/\/peix-xc.whads.com\/ca\/productes\/"},{"@type":"ListItem","position":3,"name":"Clo\u00efssa cultiu"}]},{"@type":"WebSite","@id":"https:\/\/peix-xc.whads.com\/ca\/#website","url":"https:\/\/peix-xc.whads.com\/ca\/","name":"Peix.cat","description":"Peixateria online Boqueria","publisher":{"@id":"https:\/\/peix-xc.whads.com\/ca\/#organization"},"potentialAction":[{"@type":"SearchAction","target":{"@type":"EntryPoint","urlTemplate":"https:\/\/peix-xc.whads.com\/ca\/?s={search_term_string}"},"query-input":{"@type":"PropertyValueSpecification","valueRequired":true,"valueName":"search_term_string"}}],"inLanguage":"ca"},{"@type":"Organization","@id":"https:\/\/peix-xc.whads.com\/ca\/#organization","name":"Peix.cat","url":"https:\/\/peix-xc.whads.com\/ca\/","logo":{"@type":"ImageObject","inLanguage":"ca","@id":"https:\/\/peix-xc.whads.com\/ca\/#\/schema\/logo\/image\/","url":"https:\/\/peix-xc.whads.com\/wp-content\/uploads\/2024\/09\/cropped-peixcat_logo_small.png","contentUrl":"https:\/\/peix-xc.whads.com\/wp-content\/uploads\/2024\/09\/cropped-peixcat_logo_small.png","width":300,"height":300,"caption":"Peix.cat"},"image":{"@id":"https:\/\/peix-xc.whads.com\/ca\/#\/schema\/logo\/image\/"},"sameAs":["https:\/\/www.instagram.com\/peix.cat\/"]}]}},"_links":{"self":[{"href":"https:\/\/peix-xc.whads.com\/ca\/wp-json\/wp\/v2\/product\/158","targetHints":{"allow":["GET"]}}],"collection":[{"href":"https:\/\/peix-xc.whads.com\/ca\/wp-json\/wp\/v2\/product"}],"about":[{"href":"https:\/\/peix-xc.whads.com\/ca\/wp-json\/wp\/v2\/types\/product"}],"wp:featuredmedia":[{"embeddable":true,"href":"https:\/\/peix-xc.whads.com\/ca\/wp-json\/wp\/v2\/media\/159"}],"wp:attachment":[{"href":"https:\/\/peix-xc.whads.com\/ca\/wp-json\/wp\/v2\/media?parent=158"}],"wp:term":[{"taxonomy":"product_brand","embeddable":true,"href":"https:\/\/peix-xc.whads.com\/ca\/wp-json\/wp\/v2\/product_brand?post=158"},{"taxonomy":"product_cat","embeddable":true,"href":"https:\/\/peix-xc.whads.com\/ca\/wp-json\/wp\/v2\/product_cat?post=158"},{"taxonomy":"product_tag","embeddable":true,"href":"https:\/\/peix-xc.whads.com\/ca\/wp-json\/wp\/v2\/product_tag?post=158"}],"curies":[{"name":"wp","href":"https:\/\/api.w.org\/{rel}","templated":true}]}}