{"id":82,"date":"2024-09-09T07:24:19","date_gmt":"2024-09-09T05:24:19","guid":{"rendered":"https:\/\/peix-xc.whads.com\/?page_id=82"},"modified":"2025-09-15T22:11:32","modified_gmt":"2025-09-15T20:11:32","slug":"preguntes-frequents","status":"publish","type":"page","link":"https:\/\/peix-xc.whads.com\/ca\/preguntes-frequents\/","title":{"rendered":"Preguntes freq\u00fcents"},"content":{"rendered":"<header id=\"whads-header-gblock-block_5d678df55c1c1e172878fc94c199ed46\" class=\"whads-header-gblock whads-gblock with-background-image alignwide\" data-alignement=\"center\" data-layout=\"background-image\"><div class=\"whads-header-gblock__background whads-header-gblock__background--image\" style=\"background-image: url(https:\/\/peix-xc.whads.com\/wp-content\/uploads\/2024\/11\/fdd18f4f3f984ad9e004262ad93dfe72-1-scaled-aspect-ratio-2560-722-scaled.jpeg);\"><\/div><div class=\"whads-header-gblock__inner\"><div class=\"whads-header-gblock__content\"><div class=\"whads-header-gblock__heading__wrapper\"><h1 class=\"whads-header-gblock__heading\">Preguntes freq\u00fcents<\/h1><\/div><\/div><\/div><\/header>\n\n<section id=\"whads-faqs-gblock-block_631cd6f4b5c8717c62080fc79881249b\" class=\"whads-faqs-gblock whads-gblock alignwide\"><div class=\"whads-faqs-gblock__inner whads-animation whads-animation__fade-in-up-subtle\"><div class=\"whads-faqs-gblock__side\"><div class=\"whads-faqs-gblock__side__text\"><p><strong>Aqu\u00ed trobareu les respostes a les preguntes m\u00e9s habituals dels nostres clients.<\/strong><\/p>\n<hr \/>\n<p><strong>Necessiteu m\u00e9s ajuda?<\/strong><\/p>\n<div class=\"whads-site-contact-info\"><p><strong>647 87 33 27<\/strong><\/p>\n<\/div>\n<\/div><\/div><div class=\"whads-faqs-gblock__content\"><div class=\"whads-faqs-gblock__faqs\"><div class=\"whads-faqs-gblock__faqs__faq\"><div class=\"whads-faqs-gblock__faqs__faq__trigger\"><h3 class=\"whads-faqs-gblock__faqs__faq__trigger__title\">Pes del peix<\/h3><div class=\"whads-faqs-gblock__faqs__faq__trigger__icon\"><div class=\"svg-wrapper whads-faqs-gblock__faqs__faq__trigger__icon--plus\"><svg width=\"32\" height=\"32\" viewBox=\"0 0 32 32\" fill=\"none\" xmlns=\"http:\/\/www.w3.org\/2000\/svg\"><path d=\"M16 6V26M26 16H6\" stroke=\"black\" stroke-width=\"1.5\" stroke-linecap=\"round\" stroke-linejoin=\"round\"\/><\/svg>\n<\/div><div class=\"svg-wrapper whads-faqs-gblock__faqs__faq__trigger__icon--minus\"><svg width=\"32\" height=\"32\" viewBox=\"0 0 32 32\" fill=\"none\" xmlns=\"http:\/\/www.w3.org\/2000\/svg\"><path d=\"M6.66666 16H25.3333\" stroke=\"black\" stroke-width=\"1.5\" stroke-linecap=\"round\" stroke-linejoin=\"round\"\/><\/svg>\n<\/div><\/div><\/div><div class=\"whads-faqs-gblock__faqs__faq__content\"><p>El pes final del peix, un cop net i preparat, pot ser molt inferior al pes inicial.<\/p>\n<p>Per exemple, 1 kg de sardines, despr\u00e9s de retirar les tripes i les escates, es pot quedar en 800 g. Un llu\u00e7 de palangre d&#8217;1 kg preparat a filets es queda en 500 g perqu\u00e8 se n&#8217;han retirat les tripes, el cap i les espines.<\/p>\n<p>A la fitxa de cada producte trobareu el pes inicial i el pes final aproximat un cop net. A m\u00e9s, oferim una orientaci\u00f3 sobre el nombre de persones que pot servir:<\/p>\n<p><img loading=\"lazy\" decoding=\"async\" class=\"alignnone wp-image-869 size-full\" src=\"https:\/\/peix-xc.whads.com\/wp-content\/uploads\/2024\/11\/peix_faqs_pes.jpg\" alt=\"\" width=\"666\" height=\"185\" srcset=\"https:\/\/peix-xc.whads.com\/wp-content\/uploads\/2024\/11\/peix_faqs_pes.jpg 666w, https:\/\/peix-xc.whads.com\/wp-content\/uploads\/2024\/11\/peix_faqs_pes-300x83.jpg 300w, https:\/\/peix-xc.whads.com\/wp-content\/uploads\/2024\/11\/peix_faqs_pes-600x167.jpg 600w\" sizes=\"auto, (max-width: 666px) 100vw, 666px\" \/><\/p>\n<p>Si voleu que us incloem alguna de les restes de la preparaci\u00f3 en l&#8217;enviament, ho podeu sol\u00b7licitar al camp de notes de la comanda<\/p>\n<\/div><\/div><div class=\"whads-faqs-gblock__faqs__faq\"><div class=\"whads-faqs-gblock__faqs__faq__trigger\"><h3 class=\"whads-faqs-gblock__faqs__faq__trigger__title\">Envasat<\/h3><div class=\"whads-faqs-gblock__faqs__faq__trigger__icon\"><div class=\"svg-wrapper whads-faqs-gblock__faqs__faq__trigger__icon--plus\"><svg width=\"32\" height=\"32\" viewBox=\"0 0 32 32\" fill=\"none\" xmlns=\"http:\/\/www.w3.org\/2000\/svg\"><path d=\"M16 6V26M26 16H6\" stroke=\"black\" stroke-width=\"1.5\" stroke-linecap=\"round\" stroke-linejoin=\"round\"\/><\/svg>\n<\/div><div class=\"svg-wrapper whads-faqs-gblock__faqs__faq__trigger__icon--minus\"><svg width=\"32\" height=\"32\" viewBox=\"0 0 32 32\" fill=\"none\" xmlns=\"http:\/\/www.w3.org\/2000\/svg\"><path d=\"M6.66666 16H25.3333\" stroke=\"black\" stroke-width=\"1.5\" stroke-linecap=\"round\" stroke-linejoin=\"round\"\/><\/svg>\n<\/div><\/div><\/div><div class=\"whads-faqs-gblock__faqs__faq__content\"><p>El peix i el marisc s&#8217;envasa al buit i s&#8217;etiqueta amb el nom del producte i la data d&#8217;envasat per assegurar-ne la m\u00e0xima conservaci\u00f3 i facilitar-ne la congelaci\u00f3. Si voleu alguna preparaci\u00f3 o un envasat espec\u00edfic, indiqueu-ho a les notes de la comanda. Els productes que no s\u00f3n peix o marisc s&#8217;entreguen amb l&#8217;env\u00e0s original.<\/p>\n<p><img loading=\"lazy\" decoding=\"async\" class=\"alignnone size-medium wp-image-871\" src=\"https:\/\/peix-xc.whads.com\/wp-content\/uploads\/2024\/11\/unnamed-7-276x300.png\" alt=\"\" width=\"276\" height=\"300\" srcset=\"https:\/\/peix-xc.whads.com\/wp-content\/uploads\/2024\/11\/unnamed-7-276x300.png 276w, https:\/\/peix-xc.whads.com\/wp-content\/uploads\/2024\/11\/unnamed-7-943x1024.png 943w, https:\/\/peix-xc.whads.com\/wp-content\/uploads\/2024\/11\/unnamed-7-768x834.png 768w, https:\/\/peix-xc.whads.com\/wp-content\/uploads\/2024\/11\/unnamed-7-600x651.png 600w, https:\/\/peix-xc.whads.com\/wp-content\/uploads\/2024\/11\/unnamed-7.png 1120w\" sizes=\"auto, (max-width: 276px) 100vw, 276px\" \/><\/p>\n<\/div><\/div><div class=\"whads-faqs-gblock__faqs__faq\"><div class=\"whads-faqs-gblock__faqs__faq__trigger\"><h3 class=\"whads-faqs-gblock__faqs__faq__trigger__title\">Transport<\/h3><div class=\"whads-faqs-gblock__faqs__faq__trigger__icon\"><div class=\"svg-wrapper whads-faqs-gblock__faqs__faq__trigger__icon--plus\"><svg width=\"32\" height=\"32\" viewBox=\"0 0 32 32\" fill=\"none\" xmlns=\"http:\/\/www.w3.org\/2000\/svg\"><path d=\"M16 6V26M26 16H6\" stroke=\"black\" stroke-width=\"1.5\" stroke-linecap=\"round\" stroke-linejoin=\"round\"\/><\/svg>\n<\/div><div class=\"svg-wrapper whads-faqs-gblock__faqs__faq__trigger__icon--minus\"><svg width=\"32\" height=\"32\" viewBox=\"0 0 32 32\" fill=\"none\" xmlns=\"http:\/\/www.w3.org\/2000\/svg\"><path d=\"M6.66666 16H25.3333\" stroke=\"black\" stroke-width=\"1.5\" stroke-linecap=\"round\" stroke-linejoin=\"round\"\/><\/svg>\n<\/div><\/div><\/div><div class=\"whads-faqs-gblock__faqs__faq__content\"><p>El peix es transporta en vehicles preparats per al repartiment de mercaderies fresques per mantenir la cadena de fred.<\/p>\n<p><img loading=\"lazy\" decoding=\"async\" class=\"alignnone size-medium wp-image-873\" src=\"https:\/\/peix-xc.whads.com\/wp-content\/uploads\/2024\/11\/unnamed-8-300x219.png\" alt=\"\" width=\"300\" height=\"219\" srcset=\"https:\/\/peix-xc.whads.com\/wp-content\/uploads\/2024\/11\/unnamed-8-300x219.png 300w, https:\/\/peix-xc.whads.com\/wp-content\/uploads\/2024\/11\/unnamed-8-1024x748.png 1024w, https:\/\/peix-xc.whads.com\/wp-content\/uploads\/2024\/11\/unnamed-8-768x561.png 768w, https:\/\/peix-xc.whads.com\/wp-content\/uploads\/2024\/11\/unnamed-8-600x438.png 600w, https:\/\/peix-xc.whads.com\/wp-content\/uploads\/2024\/11\/unnamed-8.png 1476w\" sizes=\"auto, (max-width: 300px) 100vw, 300px\" \/><\/p>\n<\/div><\/div><div class=\"whads-faqs-gblock__faqs__faq\"><div class=\"whads-faqs-gblock__faqs__faq__trigger\"><h3 class=\"whads-faqs-gblock__faqs__faq__trigger__title\">Zones, dies i horaris d&#8217;enviament<\/h3><div class=\"whads-faqs-gblock__faqs__faq__trigger__icon\"><div class=\"svg-wrapper whads-faqs-gblock__faqs__faq__trigger__icon--plus\"><svg width=\"32\" height=\"32\" viewBox=\"0 0 32 32\" fill=\"none\" xmlns=\"http:\/\/www.w3.org\/2000\/svg\"><path d=\"M16 6V26M26 16H6\" stroke=\"black\" stroke-width=\"1.5\" stroke-linecap=\"round\" stroke-linejoin=\"round\"\/><\/svg>\n<\/div><div class=\"svg-wrapper whads-faqs-gblock__faqs__faq__trigger__icon--minus\"><svg width=\"32\" height=\"32\" viewBox=\"0 0 32 32\" fill=\"none\" xmlns=\"http:\/\/www.w3.org\/2000\/svg\"><path d=\"M6.66666 16H25.3333\" stroke=\"black\" stroke-width=\"1.5\" stroke-linecap=\"round\" stroke-linejoin=\"round\"\/><\/svg>\n<\/div><\/div><\/div><div class=\"whads-faqs-gblock__faqs__faq__content\"><p>Avui per avui repartim a:<\/p>\n<p><strong>Barcelona, l&#8217;Hospitalet de Llobregat i Sant Just Desvern<\/strong><\/p>\n<ul>\n<li>Dimarts, dimecres i divendres: d&#8217;11 h a 14 h i de 16 h a 21 h<\/li>\n<li>Dijous: d&#8217;11 h a 13 h i de 14 h a 18 h<\/li>\n<li>Dissabtes: d&#8217;11 h a 15 h<\/li>\n<\/ul>\n<p><strong>Sant Cugat, Valldoreix, Bellaterra i Rub\u00ed.<\/strong><\/p>\n<ul>\n<li>Dijous de 18 h a 21 h<\/li>\n<\/ul>\n<p>Podeu fer comandes fins a les 21:00 del dia anterior a l\u2019enviament.<\/p>\n<\/div><\/div><div class=\"whads-faqs-gblock__faqs__faq\"><div class=\"whads-faqs-gblock__faqs__faq__trigger\"><h3 class=\"whads-faqs-gblock__faqs__faq__trigger__title\">Despeses d&#8217;enviament<\/h3><div class=\"whads-faqs-gblock__faqs__faq__trigger__icon\"><div class=\"svg-wrapper whads-faqs-gblock__faqs__faq__trigger__icon--plus\"><svg width=\"32\" height=\"32\" viewBox=\"0 0 32 32\" fill=\"none\" xmlns=\"http:\/\/www.w3.org\/2000\/svg\"><path d=\"M16 6V26M26 16H6\" stroke=\"black\" stroke-width=\"1.5\" stroke-linecap=\"round\" stroke-linejoin=\"round\"\/><\/svg>\n<\/div><div class=\"svg-wrapper whads-faqs-gblock__faqs__faq__trigger__icon--minus\"><svg width=\"32\" height=\"32\" viewBox=\"0 0 32 32\" fill=\"none\" xmlns=\"http:\/\/www.w3.org\/2000\/svg\"><path d=\"M6.66666 16H25.3333\" stroke=\"black\" stroke-width=\"1.5\" stroke-linecap=\"round\" stroke-linejoin=\"round\"\/><\/svg>\n<\/div><\/div><\/div><div class=\"whads-faqs-gblock__faqs__faq__content\"><p>Barcelona, L&#8217;Hospitalet i Sant Just:<\/p>\n<ul>\n<li>Comandes superiors a 50 \u20ac: enviament gratu\u00eft<\/li>\n<li>Comandes inferiors a 50 \u20ac: cost d&#8217;enviament 5 \u20ac<\/li>\n<\/ul>\n<p>Resta de zones:<\/p>\n<ul>\n<li>Comandes superiors a 70 \u20ac: enviament gratu\u00eft<\/li>\n<li>Comandes inferiors a 70 \u20ac: cost d&#8217;enviament 7 \u20ac<\/li>\n<\/ul>\n<\/div><\/div><div class=\"whads-faqs-gblock__faqs__faq\"><div class=\"whads-faqs-gblock__faqs__faq__trigger\"><h3 class=\"whads-faqs-gblock__faqs__faq__trigger__title\">Qu\u00e8 passa si no trobem ning\u00fa al domicili<\/h3><div class=\"whads-faqs-gblock__faqs__faq__trigger__icon\"><div class=\"svg-wrapper whads-faqs-gblock__faqs__faq__trigger__icon--plus\"><svg width=\"32\" height=\"32\" viewBox=\"0 0 32 32\" fill=\"none\" xmlns=\"http:\/\/www.w3.org\/2000\/svg\"><path d=\"M16 6V26M26 16H6\" stroke=\"black\" stroke-width=\"1.5\" stroke-linecap=\"round\" stroke-linejoin=\"round\"\/><\/svg>\n<\/div><div class=\"svg-wrapper whads-faqs-gblock__faqs__faq__trigger__icon--minus\"><svg width=\"32\" height=\"32\" viewBox=\"0 0 32 32\" fill=\"none\" xmlns=\"http:\/\/www.w3.org\/2000\/svg\"><path d=\"M6.66666 16H25.3333\" stroke=\"black\" stroke-width=\"1.5\" stroke-linecap=\"round\" stroke-linejoin=\"round\"\/><\/svg>\n<\/div><\/div><\/div><div class=\"whads-faqs-gblock__faqs__faq__content\"><p>Intentarem contactar amb tu en aquell moment perqu\u00e8 ens indiquis on lliurar la comanda.<\/p>\n<p>Si no podem lliurar la comanda, la retornarem i et contactarem per rebre noves instruccions o per coordinar-ne la recollida. En cas d\u2019haver de fer un nou enviament, es facturaran les despeses d&#8217;enviament addicionals.<\/p>\n<\/div><\/div><div class=\"whads-faqs-gblock__faqs__faq\"><div class=\"whads-faqs-gblock__faqs__faq__trigger\"><h3 class=\"whads-faqs-gblock__faqs__faq__trigger__title\">Adre\u00e7a d\u2019enviament<\/h3><div class=\"whads-faqs-gblock__faqs__faq__trigger__icon\"><div class=\"svg-wrapper whads-faqs-gblock__faqs__faq__trigger__icon--plus\"><svg width=\"32\" height=\"32\" viewBox=\"0 0 32 32\" fill=\"none\" xmlns=\"http:\/\/www.w3.org\/2000\/svg\"><path d=\"M16 6V26M26 16H6\" stroke=\"black\" stroke-width=\"1.5\" stroke-linecap=\"round\" stroke-linejoin=\"round\"\/><\/svg>\n<\/div><div class=\"svg-wrapper whads-faqs-gblock__faqs__faq__trigger__icon--minus\"><svg width=\"32\" height=\"32\" viewBox=\"0 0 32 32\" fill=\"none\" xmlns=\"http:\/\/www.w3.org\/2000\/svg\"><path d=\"M6.66666 16H25.3333\" stroke=\"black\" stroke-width=\"1.5\" stroke-linecap=\"round\" stroke-linejoin=\"round\"\/><\/svg>\n<\/div><\/div><\/div><div class=\"whads-faqs-gblock__faqs__faq__content\"><p>A l&#8217;\u00e0rea d&#8217;usuari pots establir una adre\u00e7a d&#8217;enviament per defecte.<\/p>\n<p>Per a cada comanda, pots modificar l&#8217;adre\u00e7a d&#8217;enviament.<\/p>\n<p>Recorda que el servei de repartiment est\u00e0 disponible nom\u00e9s en zones determinades.<\/p>\n<\/div><\/div><div class=\"whads-faqs-gblock__faqs__faq\"><div class=\"whads-faqs-gblock__faqs__faq__trigger\"><h3 class=\"whads-faqs-gblock__faqs__faq__trigger__title\">M\u00e8todes de pagament<\/h3><div class=\"whads-faqs-gblock__faqs__faq__trigger__icon\"><div class=\"svg-wrapper whads-faqs-gblock__faqs__faq__trigger__icon--plus\"><svg width=\"32\" height=\"32\" viewBox=\"0 0 32 32\" fill=\"none\" xmlns=\"http:\/\/www.w3.org\/2000\/svg\"><path d=\"M16 6V26M26 16H6\" stroke=\"black\" stroke-width=\"1.5\" stroke-linecap=\"round\" stroke-linejoin=\"round\"\/><\/svg>\n<\/div><div class=\"svg-wrapper whads-faqs-gblock__faqs__faq__trigger__icon--minus\"><svg width=\"32\" height=\"32\" viewBox=\"0 0 32 32\" fill=\"none\" xmlns=\"http:\/\/www.w3.org\/2000\/svg\"><path d=\"M6.66666 16H25.3333\" stroke=\"black\" stroke-width=\"1.5\" stroke-linecap=\"round\" stroke-linejoin=\"round\"\/><\/svg>\n<\/div><\/div><\/div><div class=\"whads-faqs-gblock__faqs__faq__content\"><p>Per defecte, les comandes es paguen amb <strong>targeta de d\u00e8bit o cr\u00e8dit, o Bizum<\/strong>. Per facilitar compres futures, a la p\u00e0gina de pagament del banc podr\u00e0s seleccionar l&#8217;opci\u00f3 de recordar la targeta. Peix.cat no t\u00e9 acc\u00e9s a les targetes desades:<\/p>\n<p><img loading=\"lazy\" decoding=\"async\" class=\"alignnone wp-image-1046 size-full\" src=\"https:\/\/peix-xc.whads.com\/wp-content\/uploads\/2024\/11\/peix-faqs-card-helper.png\" alt=\"\" width=\"528\" height=\"413\" srcset=\"https:\/\/peix-xc.whads.com\/wp-content\/uploads\/2024\/11\/peix-faqs-card-helper.png 528w, https:\/\/peix-xc.whads.com\/wp-content\/uploads\/2024\/11\/peix-faqs-card-helper-300x235.png 300w\" sizes=\"auto, (max-width: 528px) 100vw, 528px\" \/><\/p>\n<p>Tamb\u00e9 pots pagar per <strong>domiciliaci\u00f3 banc\u00e0ria<\/strong>. Quan tinguis aquesta opci\u00f3 activa, podr\u00e0s igualment triar pagar amb targeta o Bizum a cada comanda.<\/p>\n<p>Si vols activar el pagament per domiciliaci\u00f3 o necessites canviar el n\u00famero de compte, escriu-nos a info@peix.cat.<\/p>\n<p>Els clients que ja ten\u00edeu aquesta opci\u00f3 a la plataforma anterior la seguireu tenint disponible.<\/p>\n<\/div><\/div><div class=\"whads-faqs-gblock__faqs__faq\"><div class=\"whads-faqs-gblock__faqs__faq__trigger\"><h3 class=\"whads-faqs-gblock__faqs__faq__trigger__title\">Proposta de cistella intel\u00b7ligent<\/h3><div class=\"whads-faqs-gblock__faqs__faq__trigger__icon\"><div class=\"svg-wrapper whads-faqs-gblock__faqs__faq__trigger__icon--plus\"><svg width=\"32\" height=\"32\" viewBox=\"0 0 32 32\" fill=\"none\" xmlns=\"http:\/\/www.w3.org\/2000\/svg\"><path d=\"M16 6V26M26 16H6\" stroke=\"black\" stroke-width=\"1.5\" stroke-linecap=\"round\" stroke-linejoin=\"round\"\/><\/svg>\n<\/div><div class=\"svg-wrapper whads-faqs-gblock__faqs__faq__trigger__icon--minus\"><svg width=\"32\" height=\"32\" viewBox=\"0 0 32 32\" fill=\"none\" xmlns=\"http:\/\/www.w3.org\/2000\/svg\"><path d=\"M6.66666 16H25.3333\" stroke=\"black\" stroke-width=\"1.5\" stroke-linecap=\"round\" stroke-linejoin=\"round\"\/><\/svg>\n<\/div><\/div><\/div><div class=\"whads-faqs-gblock__faqs__faq__content\"><p data-start=\"70\" data-end=\"335\">Si ho vols, cada setmana t\u2019enviarem <strong>un correu electr\u00f2nic amb una proposta de cistella<\/strong> basada en l\u2019import i els productes de les teves comandes anteriors. Si no tens un m\u00ednim de 4 comandes, la proposta es generar\u00e0 a partir dels productes m\u00e9s populars.<\/p>\n<p data-start=\"337\" data-end=\"593\">Al correu hi trobar\u00e0s dos botons: un per carregar la proposta a la cistella i un altre per comen\u00e7ar amb una cistella buida. Tant l\u2019un com l\u2019altre iniciaran la sessi\u00f3 autom\u00e0ticament perqu\u00e8 no hagis d\u2019introduir les credencials.<\/p>\n<p>Pots configurar les prefer\u00e8ncies de comunicaci\u00f3 a\u00a0 <strong><a href=\"\/ca\/el-meu-compte\/\">El teu compte<\/a><\/strong><\/p>\n<\/div><\/div><\/div><\/div><\/div><\/section>","protected":false},"excerpt":{"rendered":"","protected":false},"author":1,"featured_media":0,"parent":0,"menu_order":0,"comment_status":"closed","ping_status":"closed","template":"","meta":{"_acf_changed":false,"footnotes":""},"class_list":["post-82","page","type-page","status-publish","hentry"],"acf":[],"yoast_head":"<!-- This site is optimized with the Yoast SEO plugin v26.8 - https:\/\/yoast.com\/product\/yoast-seo-wordpress\/ -->\n<title>Preguntes freq\u00fcents | Peix.cat - Peixateria online Boqueria<\/title>\n<meta name=\"description\" content=\"Compra el millor peix i marisc online del Mercat de la Boqueria de Barcelona. T\u2019ho portem gratis i\u00a0 envasat al buit en 24 o 48 hores.\" \/>\n<meta name=\"robots\" content=\"index, follow, max-snippet:-1, max-image-preview:large, max-video-preview:-1\" \/>\n<link rel=\"canonical\" href=\"https:\/\/peix-xc.whads.com\/ca\/preguntes-frequents\/\" \/>\n<meta property=\"og:locale\" content=\"ca_ES\" \/>\n<meta property=\"og:type\" content=\"article\" \/>\n<meta property=\"og:title\" content=\"Preguntes freq\u00fcents | Peix.cat - Peixateria online Boqueria\" \/>\n<meta property=\"og:description\" content=\"Compra el millor peix i marisc online del Mercat de la Boqueria de Barcelona. T\u2019ho portem gratis i\u00a0 envasat al buit en 24 o 48 hores.\" \/>\n<meta property=\"og:url\" content=\"https:\/\/peix-xc.whads.com\/ca\/preguntes-frequents\/\" \/>\n<meta property=\"og:site_name\" content=\"Peix.cat\" \/>\n<meta property=\"article:modified_time\" content=\"2025-09-15T20:11:32+00:00\" \/>\n<meta property=\"og:image\" content=\"https:\/\/peix-xc.whads.com\/wp-content\/uploads\/2025\/03\/peixcat.jpg\" \/>\n\t<meta property=\"og:image:width\" content=\"1200\" \/>\n\t<meta property=\"og:image:height\" content=\"675\" \/>\n\t<meta property=\"og:image:type\" content=\"image\/jpeg\" \/>\n<meta name=\"twitter:card\" content=\"summary_large_image\" \/>\n<script type=\"application\/ld+json\" class=\"yoast-schema-graph\">{\"@context\":\"https:\/\/schema.org\",\"@graph\":[{\"@type\":\"WebPage\",\"@id\":\"https:\/\/peix-xc.whads.com\/ca\/preguntes-frequents\/\",\"url\":\"https:\/\/peix-xc.whads.com\/ca\/preguntes-frequents\/\",\"name\":\"Preguntes freq\u00fcents | Peix.cat - Peixateria online Boqueria\",\"isPartOf\":{\"@id\":\"https:\/\/peix-xc.whads.com\/ca\/#website\"},\"datePublished\":\"2024-09-09T05:24:19+00:00\",\"dateModified\":\"2025-09-15T20:11:32+00:00\",\"description\":\"Compra el millor peix i marisc online del Mercat de la Boqueria de Barcelona. T\u2019ho portem gratis i\u00a0 envasat al buit en 24 o 48 hores.\",\"breadcrumb\":{\"@id\":\"https:\/\/peix-xc.whads.com\/ca\/preguntes-frequents\/#breadcrumb\"},\"inLanguage\":\"ca\",\"potentialAction\":[{\"@type\":\"ReadAction\",\"target\":[\"https:\/\/peix-xc.whads.com\/ca\/preguntes-frequents\/\"]}]},{\"@type\":\"BreadcrumbList\",\"@id\":\"https:\/\/peix-xc.whads.com\/ca\/preguntes-frequents\/#breadcrumb\",\"itemListElement\":[{\"@type\":\"ListItem\",\"position\":1,\"name\":\"Home\",\"item\":\"https:\/\/peix-xc.whads.com\/ca\/\"},{\"@type\":\"ListItem\",\"position\":2,\"name\":\"Preguntes freq\u00fcents\"}]},{\"@type\":\"WebSite\",\"@id\":\"https:\/\/peix-xc.whads.com\/ca\/#website\",\"url\":\"https:\/\/peix-xc.whads.com\/ca\/\",\"name\":\"Peix.cat\",\"description\":\"Peixateria online Boqueria\",\"publisher\":{\"@id\":\"https:\/\/peix-xc.whads.com\/ca\/#organization\"},\"potentialAction\":[{\"@type\":\"SearchAction\",\"target\":{\"@type\":\"EntryPoint\",\"urlTemplate\":\"https:\/\/peix-xc.whads.com\/ca\/?s={search_term_string}\"},\"query-input\":{\"@type\":\"PropertyValueSpecification\",\"valueRequired\":true,\"valueName\":\"search_term_string\"}}],\"inLanguage\":\"ca\"},{\"@type\":\"Organization\",\"@id\":\"https:\/\/peix-xc.whads.com\/ca\/#organization\",\"name\":\"Peix.cat\",\"url\":\"https:\/\/peix-xc.whads.com\/ca\/\",\"logo\":{\"@type\":\"ImageObject\",\"inLanguage\":\"ca\",\"@id\":\"https:\/\/peix-xc.whads.com\/ca\/#\/schema\/logo\/image\/\",\"url\":\"https:\/\/peix-xc.whads.com\/wp-content\/uploads\/2024\/09\/cropped-peixcat_logo_small.png\",\"contentUrl\":\"https:\/\/peix-xc.whads.com\/wp-content\/uploads\/2024\/09\/cropped-peixcat_logo_small.png\",\"width\":300,\"height\":300,\"caption\":\"Peix.cat\"},\"image\":{\"@id\":\"https:\/\/peix-xc.whads.com\/ca\/#\/schema\/logo\/image\/\"},\"sameAs\":[\"https:\/\/www.instagram.com\/peix.cat\/\"]}]}<\/script>\n<!-- \/ Yoast SEO plugin. -->","yoast_head_json":{"title":"Preguntes freq\u00fcents | Peix.cat - Peixateria online Boqueria","description":"Compra el millor peix i marisc online del Mercat de la Boqueria de Barcelona. T\u2019ho portem gratis i\u00a0 envasat al buit en 24 o 48 hores.","robots":{"index":"index","follow":"follow","max-snippet":"max-snippet:-1","max-image-preview":"max-image-preview:large","max-video-preview":"max-video-preview:-1"},"canonical":"https:\/\/peix-xc.whads.com\/ca\/preguntes-frequents\/","og_locale":"ca_ES","og_type":"article","og_title":"Preguntes freq\u00fcents | Peix.cat - Peixateria online Boqueria","og_description":"Compra el millor peix i marisc online del Mercat de la Boqueria de Barcelona. T\u2019ho portem gratis i\u00a0 envasat al buit en 24 o 48 hores.","og_url":"https:\/\/peix-xc.whads.com\/ca\/preguntes-frequents\/","og_site_name":"Peix.cat","article_modified_time":"2025-09-15T20:11:32+00:00","og_image":[{"width":1200,"height":675,"url":"https:\/\/peix-xc.whads.com\/wp-content\/uploads\/2025\/03\/peixcat.jpg","type":"image\/jpeg"}],"twitter_card":"summary_large_image","schema":{"@context":"https:\/\/schema.org","@graph":[{"@type":"WebPage","@id":"https:\/\/peix-xc.whads.com\/ca\/preguntes-frequents\/","url":"https:\/\/peix-xc.whads.com\/ca\/preguntes-frequents\/","name":"Preguntes freq\u00fcents | Peix.cat - Peixateria online Boqueria","isPartOf":{"@id":"https:\/\/peix-xc.whads.com\/ca\/#website"},"datePublished":"2024-09-09T05:24:19+00:00","dateModified":"2025-09-15T20:11:32+00:00","description":"Compra el millor peix i marisc online del Mercat de la Boqueria de Barcelona. T\u2019ho portem gratis i\u00a0 envasat al buit en 24 o 48 hores.","breadcrumb":{"@id":"https:\/\/peix-xc.whads.com\/ca\/preguntes-frequents\/#breadcrumb"},"inLanguage":"ca","potentialAction":[{"@type":"ReadAction","target":["https:\/\/peix-xc.whads.com\/ca\/preguntes-frequents\/"]}]},{"@type":"BreadcrumbList","@id":"https:\/\/peix-xc.whads.com\/ca\/preguntes-frequents\/#breadcrumb","itemListElement":[{"@type":"ListItem","position":1,"name":"Home","item":"https:\/\/peix-xc.whads.com\/ca\/"},{"@type":"ListItem","position":2,"name":"Preguntes freq\u00fcents"}]},{"@type":"WebSite","@id":"https:\/\/peix-xc.whads.com\/ca\/#website","url":"https:\/\/peix-xc.whads.com\/ca\/","name":"Peix.cat","description":"Peixateria online Boqueria","publisher":{"@id":"https:\/\/peix-xc.whads.com\/ca\/#organization"},"potentialAction":[{"@type":"SearchAction","target":{"@type":"EntryPoint","urlTemplate":"https:\/\/peix-xc.whads.com\/ca\/?s={search_term_string}"},"query-input":{"@type":"PropertyValueSpecification","valueRequired":true,"valueName":"search_term_string"}}],"inLanguage":"ca"},{"@type":"Organization","@id":"https:\/\/peix-xc.whads.com\/ca\/#organization","name":"Peix.cat","url":"https:\/\/peix-xc.whads.com\/ca\/","logo":{"@type":"ImageObject","inLanguage":"ca","@id":"https:\/\/peix-xc.whads.com\/ca\/#\/schema\/logo\/image\/","url":"https:\/\/peix-xc.whads.com\/wp-content\/uploads\/2024\/09\/cropped-peixcat_logo_small.png","contentUrl":"https:\/\/peix-xc.whads.com\/wp-content\/uploads\/2024\/09\/cropped-peixcat_logo_small.png","width":300,"height":300,"caption":"Peix.cat"},"image":{"@id":"https:\/\/peix-xc.whads.com\/ca\/#\/schema\/logo\/image\/"},"sameAs":["https:\/\/www.instagram.com\/peix.cat\/"]}]}},"_links":{"self":[{"href":"https:\/\/peix-xc.whads.com\/ca\/wp-json\/wp\/v2\/pages\/82","targetHints":{"allow":["GET"]}}],"collection":[{"href":"https:\/\/peix-xc.whads.com\/ca\/wp-json\/wp\/v2\/pages"}],"about":[{"href":"https:\/\/peix-xc.whads.com\/ca\/wp-json\/wp\/v2\/types\/page"}],"author":[{"embeddable":true,"href":"https:\/\/peix-xc.whads.com\/ca\/wp-json\/wp\/v2\/users\/1"}],"replies":[{"embeddable":true,"href":"https:\/\/peix-xc.whads.com\/ca\/wp-json\/wp\/v2\/comments?post=82"}],"version-history":[{"count":5,"href":"https:\/\/peix-xc.whads.com\/ca\/wp-json\/wp\/v2\/pages\/82\/revisions"}],"predecessor-version":[{"id":1473,"href":"https:\/\/peix-xc.whads.com\/ca\/wp-json\/wp\/v2\/pages\/82\/revisions\/1473"}],"wp:attachment":[{"href":"https:\/\/peix-xc.whads.com\/ca\/wp-json\/wp\/v2\/media?parent=82"}],"curies":[{"name":"wp","href":"https:\/\/api.w.org\/{rel}","templated":true}]}}