{"id":80,"date":"2024-09-09T07:23:50","date_gmt":"2024-09-09T05:23:50","guid":{"rendered":"https:\/\/peix-xc.whads.com\/?page_id=80"},"modified":"2025-03-14T11:35:45","modified_gmt":"2025-03-14T09:35:45","slug":"politica-de-cookies","status":"publish","type":"page","link":"https:\/\/peix-xc.whads.com\/ca\/politica-de-cookies\/","title":{"rendered":"Pol\u00edtica de cookies"},"content":{"rendered":"<section id=\"whads-textimage-gblock-block_6cdd145500984c52684dd671ad1a801d\" class=\"whads-textimage-gblock whads-gblock alignwide\" data-layout=\"text-9\"><div class=\"whads-textimage-gblock__inner whads-animation whads-animation__fade-in-up-subtle\"><div class=\"whads-textimage-gblock__text__wrapper\"><div class=\"whads-textimage-gblock__text__inner\"><div class=\"whads-textimage-gblock__text\"><p>Les cookies s\u00f3n un mecanisme de recollida d&#8217;informaci\u00f3 relativa a les prefer\u00e8ncies i configuraci\u00f3 del navegador amb la finalitat de recon\u00e8ixer als usuaris recurrents, personalitzar l&#8217;\u00fas i facilitar una navegaci\u00f3 m\u00e9s \u00fatil.<\/p>\n<p>Mitjan\u00e7ant l\u2019acc\u00e9s i \u00fas del web, l\u2019usuari accepta que Peixos Ripoll Estera pot utilitzar cookies pr\u00f2pies i de tercers, de sessi\u00f3 i permanents, amb la finalitat de permetre la navegaci\u00f3 a trav\u00e9s del web amb caracter\u00edstiques predefinides, el seguiment i an\u00e0lisi del comportament i la gesti\u00f3 d\u2019espais publicitaris.<\/p>\n<p>En cas que l\u2019usuari desitgi rebutjar la utilitzaci\u00f3 de cookies pot tenir limitades algunes de les prestacions del web. Si l\u2019usuari continua navegant pel web, implica que accepta el seu \u00fas.<\/p>\n<p>Els procediments per al bloqueig i eliminaci\u00f3 de les cookies poden diferir d&#8217;un navegador d&#8217;internet a un altre, per la qual cosa l\u2019usuari haur\u00e0 de consultar les instruccions facilitades pel navegador com les que es detallen a continuaci\u00f3:<\/p>\n<ul>\n<li><a href=\"https:\/\/support.google.com\/chrome\/answer\/95647?hl=ca\">Google Chrome<\/a><\/li>\n<li><a href=\"https:\/\/support.mozilla.org\/es\/kb\/habilitar-y-deshabilitar-cookies-sitios-web-rastrear-preferencias?redirectlocale=es&amp;redirectslug=habilitar-y-deshabilitar-cookies-que-los-sitios-we\">Mozilla Firefox<\/a><\/li>\n<li><a href=\"http:\/\/windows.microsoft.com\/ca-es\/windows-vista\/block-or-allow-cookies\">Internet Explorer<\/a><\/li>\n<li><a href=\"http:\/\/support.apple.com\/kb\/ph5042\">Safari<\/a><\/li>\n<li><a href=\"http:\/\/support.apple.com\/kb\/ht1677?viewlocale=ca_es&amp;locale=ca_es\">Safari per a IOS (iPhone i iPad)<\/a><\/li>\n<li><a href=\"https:\/\/support.google.com\/chrome\/answer\/2392971?hl=ca\">Chrome per a Android<\/a><\/li>\n<\/ul>\n<p>Als seg\u00fcents enlla\u00e7os es poden consultar les pol\u00edtiques de cookies, de les xarxes amb les que estem vinculats:<\/p>\n<ul>\n<li><a href=\"http:\/\/www.google.es\/intl\/es\/policies\/privacy\/\">Google<\/a><\/li>\n<li><a href=\"https:\/\/www.facebook.com\/about\/privacy\">Facebook<\/a><\/li>\n<li><a href=\"https:\/\/twitter.com\/privacy\">Twitter<\/a><\/li>\n<\/ul>\n<\/div><\/div><\/div><\/div><\/section>","protected":false},"excerpt":{"rendered":"","protected":false},"author":1,"featured_media":0,"parent":0,"menu_order":0,"comment_status":"closed","ping_status":"closed","template":"","meta":{"_acf_changed":false,"footnotes":""},"class_list":["post-80","page","type-page","status-publish","hentry"],"acf":[],"yoast_head":"<!-- This site is optimized with the Yoast SEO plugin v26.8 - https:\/\/yoast.com\/product\/yoast-seo-wordpress\/ -->\n<title>Pol\u00edtica de cookies | Peix.cat - Peixateria online Boqueria<\/title>\n<meta name=\"description\" content=\"Compra el millor peix i marisc online del Mercat de la Boqueria de Barcelona. T\u2019ho portem gratis i\u00a0 envasat al buit en 24 o 48 hores.\" \/>\n<meta name=\"robots\" content=\"index, follow, max-snippet:-1, max-image-preview:large, max-video-preview:-1\" \/>\n<link rel=\"canonical\" href=\"https:\/\/peix-xc.whads.com\/ca\/politica-de-cookies\/\" \/>\n<meta property=\"og:locale\" content=\"ca_ES\" \/>\n<meta property=\"og:type\" content=\"article\" \/>\n<meta property=\"og:title\" content=\"Pol\u00edtica de cookies | Peix.cat - Peixateria online Boqueria\" \/>\n<meta property=\"og:description\" content=\"Compra el millor peix i marisc online del Mercat de la Boqueria de Barcelona. T\u2019ho portem gratis i\u00a0 envasat al buit en 24 o 48 hores.\" \/>\n<meta property=\"og:url\" content=\"https:\/\/peix-xc.whads.com\/ca\/politica-de-cookies\/\" \/>\n<meta property=\"og:site_name\" content=\"Peix.cat\" \/>\n<meta property=\"article:modified_time\" content=\"2025-03-14T09:35:45+00:00\" \/>\n<meta property=\"og:image\" content=\"https:\/\/peix-xc.whads.com\/wp-content\/uploads\/2025\/03\/peixcat.jpg\" \/>\n\t<meta property=\"og:image:width\" content=\"1200\" \/>\n\t<meta property=\"og:image:height\" content=\"675\" \/>\n\t<meta property=\"og:image:type\" content=\"image\/jpeg\" \/>\n<meta name=\"twitter:card\" content=\"summary_large_image\" \/>\n<script type=\"application\/ld+json\" class=\"yoast-schema-graph\">{\"@context\":\"https:\/\/schema.org\",\"@graph\":[{\"@type\":\"WebPage\",\"@id\":\"https:\/\/peix-xc.whads.com\/ca\/politica-de-cookies\/\",\"url\":\"https:\/\/peix-xc.whads.com\/ca\/politica-de-cookies\/\",\"name\":\"Pol\u00edtica de cookies | Peix.cat - Peixateria online Boqueria\",\"isPartOf\":{\"@id\":\"https:\/\/peix-xc.whads.com\/ca\/#website\"},\"datePublished\":\"2024-09-09T05:23:50+00:00\",\"dateModified\":\"2025-03-14T09:35:45+00:00\",\"description\":\"Compra el millor peix i marisc online del Mercat de la Boqueria de Barcelona. T\u2019ho portem gratis i\u00a0 envasat al buit en 24 o 48 hores.\",\"breadcrumb\":{\"@id\":\"https:\/\/peix-xc.whads.com\/ca\/politica-de-cookies\/#breadcrumb\"},\"inLanguage\":\"ca\",\"potentialAction\":[{\"@type\":\"ReadAction\",\"target\":[\"https:\/\/peix-xc.whads.com\/ca\/politica-de-cookies\/\"]}]},{\"@type\":\"BreadcrumbList\",\"@id\":\"https:\/\/peix-xc.whads.com\/ca\/politica-de-cookies\/#breadcrumb\",\"itemListElement\":[{\"@type\":\"ListItem\",\"position\":1,\"name\":\"Home\",\"item\":\"https:\/\/peix-xc.whads.com\/ca\/\"},{\"@type\":\"ListItem\",\"position\":2,\"name\":\"Pol\u00edtica de cookies\"}]},{\"@type\":\"WebSite\",\"@id\":\"https:\/\/peix-xc.whads.com\/ca\/#website\",\"url\":\"https:\/\/peix-xc.whads.com\/ca\/\",\"name\":\"Peix.cat\",\"description\":\"Peixateria online Boqueria\",\"publisher\":{\"@id\":\"https:\/\/peix-xc.whads.com\/ca\/#organization\"},\"potentialAction\":[{\"@type\":\"SearchAction\",\"target\":{\"@type\":\"EntryPoint\",\"urlTemplate\":\"https:\/\/peix-xc.whads.com\/ca\/?s={search_term_string}\"},\"query-input\":{\"@type\":\"PropertyValueSpecification\",\"valueRequired\":true,\"valueName\":\"search_term_string\"}}],\"inLanguage\":\"ca\"},{\"@type\":\"Organization\",\"@id\":\"https:\/\/peix-xc.whads.com\/ca\/#organization\",\"name\":\"Peix.cat\",\"url\":\"https:\/\/peix-xc.whads.com\/ca\/\",\"logo\":{\"@type\":\"ImageObject\",\"inLanguage\":\"ca\",\"@id\":\"https:\/\/peix-xc.whads.com\/ca\/#\/schema\/logo\/image\/\",\"url\":\"https:\/\/peix-xc.whads.com\/wp-content\/uploads\/2024\/09\/cropped-peixcat_logo_small.png\",\"contentUrl\":\"https:\/\/peix-xc.whads.com\/wp-content\/uploads\/2024\/09\/cropped-peixcat_logo_small.png\",\"width\":300,\"height\":300,\"caption\":\"Peix.cat\"},\"image\":{\"@id\":\"https:\/\/peix-xc.whads.com\/ca\/#\/schema\/logo\/image\/\"},\"sameAs\":[\"https:\/\/www.instagram.com\/peix.cat\/\"]}]}<\/script>\n<!-- \/ Yoast SEO plugin. -->","yoast_head_json":{"title":"Pol\u00edtica de cookies | Peix.cat - Peixateria online Boqueria","description":"Compra el millor peix i marisc online del Mercat de la Boqueria de Barcelona. T\u2019ho portem gratis i\u00a0 envasat al buit en 24 o 48 hores.","robots":{"index":"index","follow":"follow","max-snippet":"max-snippet:-1","max-image-preview":"max-image-preview:large","max-video-preview":"max-video-preview:-1"},"canonical":"https:\/\/peix-xc.whads.com\/ca\/politica-de-cookies\/","og_locale":"ca_ES","og_type":"article","og_title":"Pol\u00edtica de cookies | Peix.cat - Peixateria online Boqueria","og_description":"Compra el millor peix i marisc online del Mercat de la Boqueria de Barcelona. T\u2019ho portem gratis i\u00a0 envasat al buit en 24 o 48 hores.","og_url":"https:\/\/peix-xc.whads.com\/ca\/politica-de-cookies\/","og_site_name":"Peix.cat","article_modified_time":"2025-03-14T09:35:45+00:00","og_image":[{"width":1200,"height":675,"url":"https:\/\/peix-xc.whads.com\/wp-content\/uploads\/2025\/03\/peixcat.jpg","type":"image\/jpeg"}],"twitter_card":"summary_large_image","schema":{"@context":"https:\/\/schema.org","@graph":[{"@type":"WebPage","@id":"https:\/\/peix-xc.whads.com\/ca\/politica-de-cookies\/","url":"https:\/\/peix-xc.whads.com\/ca\/politica-de-cookies\/","name":"Pol\u00edtica de cookies | Peix.cat - Peixateria online Boqueria","isPartOf":{"@id":"https:\/\/peix-xc.whads.com\/ca\/#website"},"datePublished":"2024-09-09T05:23:50+00:00","dateModified":"2025-03-14T09:35:45+00:00","description":"Compra el millor peix i marisc online del Mercat de la Boqueria de Barcelona. T\u2019ho portem gratis i\u00a0 envasat al buit en 24 o 48 hores.","breadcrumb":{"@id":"https:\/\/peix-xc.whads.com\/ca\/politica-de-cookies\/#breadcrumb"},"inLanguage":"ca","potentialAction":[{"@type":"ReadAction","target":["https:\/\/peix-xc.whads.com\/ca\/politica-de-cookies\/"]}]},{"@type":"BreadcrumbList","@id":"https:\/\/peix-xc.whads.com\/ca\/politica-de-cookies\/#breadcrumb","itemListElement":[{"@type":"ListItem","position":1,"name":"Home","item":"https:\/\/peix-xc.whads.com\/ca\/"},{"@type":"ListItem","position":2,"name":"Pol\u00edtica de cookies"}]},{"@type":"WebSite","@id":"https:\/\/peix-xc.whads.com\/ca\/#website","url":"https:\/\/peix-xc.whads.com\/ca\/","name":"Peix.cat","description":"Peixateria online Boqueria","publisher":{"@id":"https:\/\/peix-xc.whads.com\/ca\/#organization"},"potentialAction":[{"@type":"SearchAction","target":{"@type":"EntryPoint","urlTemplate":"https:\/\/peix-xc.whads.com\/ca\/?s={search_term_string}"},"query-input":{"@type":"PropertyValueSpecification","valueRequired":true,"valueName":"search_term_string"}}],"inLanguage":"ca"},{"@type":"Organization","@id":"https:\/\/peix-xc.whads.com\/ca\/#organization","name":"Peix.cat","url":"https:\/\/peix-xc.whads.com\/ca\/","logo":{"@type":"ImageObject","inLanguage":"ca","@id":"https:\/\/peix-xc.whads.com\/ca\/#\/schema\/logo\/image\/","url":"https:\/\/peix-xc.whads.com\/wp-content\/uploads\/2024\/09\/cropped-peixcat_logo_small.png","contentUrl":"https:\/\/peix-xc.whads.com\/wp-content\/uploads\/2024\/09\/cropped-peixcat_logo_small.png","width":300,"height":300,"caption":"Peix.cat"},"image":{"@id":"https:\/\/peix-xc.whads.com\/ca\/#\/schema\/logo\/image\/"},"sameAs":["https:\/\/www.instagram.com\/peix.cat\/"]}]}},"_links":{"self":[{"href":"https:\/\/peix-xc.whads.com\/ca\/wp-json\/wp\/v2\/pages\/80","targetHints":{"allow":["GET"]}}],"collection":[{"href":"https:\/\/peix-xc.whads.com\/ca\/wp-json\/wp\/v2\/pages"}],"about":[{"href":"https:\/\/peix-xc.whads.com\/ca\/wp-json\/wp\/v2\/types\/page"}],"author":[{"embeddable":true,"href":"https:\/\/peix-xc.whads.com\/ca\/wp-json\/wp\/v2\/users\/1"}],"replies":[{"embeddable":true,"href":"https:\/\/peix-xc.whads.com\/ca\/wp-json\/wp\/v2\/comments?post=80"}],"version-history":[{"count":5,"href":"https:\/\/peix-xc.whads.com\/ca\/wp-json\/wp\/v2\/pages\/80\/revisions"}],"predecessor-version":[{"id":1273,"href":"https:\/\/peix-xc.whads.com\/ca\/wp-json\/wp\/v2\/pages\/80\/revisions\/1273"}],"wp:attachment":[{"href":"https:\/\/peix-xc.whads.com\/ca\/wp-json\/wp\/v2\/media?parent=80"}],"curies":[{"name":"wp","href":"https:\/\/api.w.org\/{rel}","templated":true}]}}