{"id":76,"date":"2024-09-09T07:22:49","date_gmt":"2024-09-09T05:22:49","guid":{"rendered":"https:\/\/peix-xc.whads.com\/?page_id=76"},"modified":"2025-03-14T11:38:28","modified_gmt":"2025-03-14T09:38:28","slug":"qui-som","status":"publish","type":"page","link":"https:\/\/peix-xc.whads.com\/ca\/qui-som\/","title":{"rendered":"Qui som"},"content":{"rendered":"<header id=\"whads-header-gblock-block_a4e7a7019f0c9d3e004e5eae318e6cc9\" class=\"whads-header-gblock whads-gblock with-background-image alignwide\" data-alignement=\"center\" data-layout=\"background-image\"><div class=\"whads-header-gblock__background whads-header-gblock__background--image\" style=\"background-image: url(https:\/\/peix-xc.whads.com\/wp-content\/uploads\/2024\/11\/75f7baca883a7cc2587a66db741e300d-1-scaled-aspect-ratio-2560-743-scaled.jpeg);\"><\/div><div class=\"whads-header-gblock__inner\"><div class=\"whads-header-gblock__content\"><div class=\"whads-header-gblock__heading__wrapper\"><h1 class=\"whads-header-gblock__heading\">Qui som<\/h1><\/div><\/div><\/div><\/header>\n\n<section id=\"whads-textimage-gblock-block_4ca43fc0fb50495e16fee739b5420566\" class=\"whads-textimage-gblock whads-gblock alignwide\" data-layout=\"text-9\"><div class=\"whads-textimage-gblock__inner whads-animation whads-animation__fade-in-up-subtle\"><div class=\"whads-textimage-gblock__text__wrapper\"><div class=\"whads-textimage-gblock__text__inner\"><div class=\"whads-textimage-gblock__text\"><p>Peixateria Ripoll Estera \u00e9s una empresa familiar amb m\u00e9s de\u00a0<strong>140 anys<\/strong>\u00a0d\u2019hist\u00f2ria. Cinc generacions han donat continu\u00eftat al negoci des de 1872.<\/p>\n<p>Estem a\u00a0<strong>La Boqueria<\/strong>, el mercat m\u00e9s emblem\u00e0tic i popular de Barcelona i un dels m\u00e9s importants del m\u00f3n. Un lloc privilegiat per a la comercialitzaci\u00f3 dels nostres productes: peix fresc i marisc.<\/p>\n<p>Oferim el nostre servei tant al\u00a0detall, des de les nostres parades del mercat, com a\u00a0majoristes, des del nostre magatzem; i des de fa uns anys tamb\u00e9 a\u00a0<strong>Internet<\/strong>, essent aquesta una iniciativa pionera que ha estat premiada per l\u2019Ajuntament de Barcelona i la Generalitat de Catalunya.<\/p>\n<p>La nostra gran experi\u00e8ncia i volum de negoci ens permeten oferir productes de\u00a0<strong>primera qualitat al millor preu<\/strong>.<\/p>\n<\/div><\/div><\/div><\/div><\/section>\n\n<section id=\"whads-video-gblock-block_bd8543c1544fc3e2be63c0f218b16c89\" class=\"whads-video-gblock whads-gblock alignwide margin-bottom-default\" data-layout=\"image-left-4-8\"><div class=\"whads-video-gblock__inner whads-animation whads-animation__fade-in-up-subtle\"><div class=\"whads-video-gblock__left-image__wrapper\"><div class=\"whads-video-gblock__left-image__inner\" style=\"background-image: url(https:\/\/peix-xc.whads.com\/wp-content\/uploads\/2024\/11\/peix_manel_ripoll.jpg);\"><img loading=\"lazy\" decoding=\"async\" width=\"256\" height=\"319\" src=\"https:\/\/peix-xc.whads.com\/wp-content\/uploads\/2024\/11\/peix_manel_ripoll.jpg\" class=\"whads-video-gblock__left-image\" alt=\"Imatge de Peix.cat\" srcset=\"https:\/\/peix-xc.whads.com\/wp-content\/uploads\/2024\/11\/peix_manel_ripoll.jpg 256w, https:\/\/peix-xc.whads.com\/wp-content\/uploads\/2024\/11\/peix_manel_ripoll-241x300.jpg 241w\" sizes=\"auto, (max-width: 256px) 100vw, 256px\" \/><\/div><div class=\"whads-video-gblock__left-image\" style=\"background-image: url(https:\/\/peix-xc.whads.com\/wp-content\/uploads\/2024\/11\/peix_manel_ripoll.jpg);\"><\/div><div class=\"whads-video-gblock__left-image__text\"><p><strong>Manel Ripoll<\/strong>, pare de la Llu\u00efsa i el Jaume, va ser durant quasi una d\u00e9cada, president de l\u2019Associaci\u00f3 de comerciants de la Boqueria.<\/p>\n<\/div><\/div><div class=\"whads-video-gblock__video__wrapper\"><div class=\"whads-lazyload-video\" data-video-id=\"EfAERjvRWcc\" data-video-type=\"youtube\"><div class=\"whads-lazyload-video__cover\"><img loading=\"lazy\" decoding=\"async\" width=\"1207\" height=\"679\" src=\"https:\/\/peix-xc.whads.com\/wp-content\/uploads\/2024\/11\/peix_video_cover.jpg\" class=\"whads-lazyload-video__cover__image\" alt=\"Video\" srcset=\"https:\/\/peix-xc.whads.com\/wp-content\/uploads\/2024\/11\/peix_video_cover.jpg 1207w, https:\/\/peix-xc.whads.com\/wp-content\/uploads\/2024\/11\/peix_video_cover-300x169.jpg 300w, https:\/\/peix-xc.whads.com\/wp-content\/uploads\/2024\/11\/peix_video_cover-1024x576.jpg 1024w, https:\/\/peix-xc.whads.com\/wp-content\/uploads\/2024\/11\/peix_video_cover-768x432.jpg 768w, https:\/\/peix-xc.whads.com\/wp-content\/uploads\/2024\/11\/peix_video_cover-600x338.jpg 600w\" sizes=\"auto, (max-width: 1207px) 100vw, 1207px\" \/><div class=\"svg-wrapper whads-lazyload-video__cover__play\"><svg xmlns=\"http:\/\/www.w3.org\/2000\/svg\" width=\"120\" height=\"120\" viewBox=\"0 0 120 120\" fill=\"none\">\n    <path d=\"M105 60C105 65.9095 103.836 71.7611 101.575 77.2208C99.3131 82.6804 95.9984 87.6412 91.8198 91.8198C87.6412 95.9984 82.6804 99.3131 77.2208 101.575C71.7611 103.836 65.9095 105 60 105C54.0905 105 48.2389 103.836 42.7792 101.575C37.3196 99.3131 32.3588 95.9984 28.1802 91.8198C24.0016 87.6412 20.6869 82.6804 18.4254 77.2208C16.164 71.7611 15 65.9095 15 60C15 48.0653 19.7411 36.6193 28.1802 28.1802C36.6193 19.7411 48.0653 15 60 15C71.9347 15 83.3807 19.7411 91.8198 28.1802C100.259 36.6193 105 48.0653 105 60Z\" stroke=\"white\" stroke-width=\"2\" stroke-linecap=\"round\" stroke-linejoin=\"round\"\/>\n    <path d=\"M79.55 58.36C79.8428 58.5222 80.0868 58.7599 80.2567 59.0483C80.4265 59.3367 80.5161 59.6653 80.5161 60C80.5161 60.3347 80.4265 60.6633 80.2567 60.9517C80.0868 61.2401 79.8428 61.4777 79.55 61.64L51.535 77.205C51.2495 77.3634 50.9276 77.4446 50.6011 77.4405C50.2747 77.4363 49.9549 77.347 49.6736 77.1813C49.3922 77.0156 49.159 76.7793 48.997 76.4959C48.835 76.2124 48.7499 75.8915 48.75 75.565V44.435C48.75 43.005 50.285 42.105 51.535 42.8L79.55 58.36Z\" fill=\"white\"\/>\n<\/svg>\n<\/div><\/div><\/div><div class=\"whads-video-gblock__video__caption\"><p style=\"text-align: right;\"><span class=\"whads-small-text\">Els comerciants de la Boqueria recorden Manel Ripoll.<\/span><\/p>\n<\/div><\/div><\/div><\/section>","protected":false},"excerpt":{"rendered":"","protected":false},"author":1,"featured_media":0,"parent":0,"menu_order":0,"comment_status":"closed","ping_status":"closed","template":"","meta":{"_acf_changed":false,"footnotes":""},"class_list":["post-76","page","type-page","status-publish","hentry"],"acf":[],"yoast_head":"<!-- This site is optimized with the Yoast SEO plugin v26.8 - https:\/\/yoast.com\/product\/yoast-seo-wordpress\/ -->\n<title>Peix.cat | Peixateria online - 140 anys a la Boqueria de Barcelona<\/title>\n<meta name=\"description\" content=\"Compra el millor peix i marisc online del Mercat de la Boqueria de Barcelona. T\u2019ho portem gratis i\u00a0 envasat al buit en 24 o 48 hores.\" \/>\n<meta name=\"robots\" content=\"index, follow, max-snippet:-1, max-image-preview:large, max-video-preview:-1\" \/>\n<link rel=\"canonical\" href=\"https:\/\/peix-xc.whads.com\/ca\/qui-som\/\" \/>\n<meta property=\"og:locale\" content=\"ca_ES\" \/>\n<meta property=\"og:type\" content=\"article\" \/>\n<meta property=\"og:title\" content=\"Peix.cat | Peixateria online - 140 anys a la Boqueria de Barcelona\" \/>\n<meta property=\"og:description\" content=\"Compra el millor peix i marisc online del Mercat de la Boqueria de Barcelona. T\u2019ho portem gratis i\u00a0 envasat al buit en 24 o 48 hores.\" \/>\n<meta property=\"og:url\" content=\"https:\/\/peix-xc.whads.com\/ca\/qui-som\/\" \/>\n<meta property=\"og:site_name\" content=\"Peix.cat\" \/>\n<meta property=\"article:modified_time\" content=\"2025-03-14T09:38:28+00:00\" \/>\n<meta property=\"og:image\" content=\"https:\/\/peix-xc.whads.com\/wp-content\/uploads\/2025\/03\/peixcat.jpg\" \/>\n\t<meta property=\"og:image:width\" content=\"1200\" \/>\n\t<meta property=\"og:image:height\" content=\"675\" \/>\n\t<meta property=\"og:image:type\" content=\"image\/jpeg\" \/>\n<meta name=\"twitter:card\" content=\"summary_large_image\" \/>\n<script type=\"application\/ld+json\" class=\"yoast-schema-graph\">{\"@context\":\"https:\/\/schema.org\",\"@graph\":[{\"@type\":\"WebPage\",\"@id\":\"https:\/\/peix-xc.whads.com\/ca\/qui-som\/\",\"url\":\"https:\/\/peix-xc.whads.com\/ca\/qui-som\/\",\"name\":\"Peix.cat | Peixateria online - 140 anys a la Boqueria de Barcelona\",\"isPartOf\":{\"@id\":\"https:\/\/peix-xc.whads.com\/ca\/#website\"},\"datePublished\":\"2024-09-09T05:22:49+00:00\",\"dateModified\":\"2025-03-14T09:38:28+00:00\",\"description\":\"Compra el millor peix i marisc online del Mercat de la Boqueria de Barcelona. T\u2019ho portem gratis i\u00a0 envasat al buit en 24 o 48 hores.\",\"breadcrumb\":{\"@id\":\"https:\/\/peix-xc.whads.com\/ca\/qui-som\/#breadcrumb\"},\"inLanguage\":\"ca\",\"potentialAction\":[{\"@type\":\"ReadAction\",\"target\":[\"https:\/\/peix-xc.whads.com\/ca\/qui-som\/\"]}]},{\"@type\":\"BreadcrumbList\",\"@id\":\"https:\/\/peix-xc.whads.com\/ca\/qui-som\/#breadcrumb\",\"itemListElement\":[{\"@type\":\"ListItem\",\"position\":1,\"name\":\"Home\",\"item\":\"https:\/\/peix-xc.whads.com\/ca\/\"},{\"@type\":\"ListItem\",\"position\":2,\"name\":\"Qui som\"}]},{\"@type\":\"WebSite\",\"@id\":\"https:\/\/peix-xc.whads.com\/ca\/#website\",\"url\":\"https:\/\/peix-xc.whads.com\/ca\/\",\"name\":\"Peix.cat\",\"description\":\"Peixateria online Boqueria\",\"publisher\":{\"@id\":\"https:\/\/peix-xc.whads.com\/ca\/#organization\"},\"potentialAction\":[{\"@type\":\"SearchAction\",\"target\":{\"@type\":\"EntryPoint\",\"urlTemplate\":\"https:\/\/peix-xc.whads.com\/ca\/?s={search_term_string}\"},\"query-input\":{\"@type\":\"PropertyValueSpecification\",\"valueRequired\":true,\"valueName\":\"search_term_string\"}}],\"inLanguage\":\"ca\"},{\"@type\":\"Organization\",\"@id\":\"https:\/\/peix-xc.whads.com\/ca\/#organization\",\"name\":\"Peix.cat\",\"url\":\"https:\/\/peix-xc.whads.com\/ca\/\",\"logo\":{\"@type\":\"ImageObject\",\"inLanguage\":\"ca\",\"@id\":\"https:\/\/peix-xc.whads.com\/ca\/#\/schema\/logo\/image\/\",\"url\":\"https:\/\/peix-xc.whads.com\/wp-content\/uploads\/2024\/09\/cropped-peixcat_logo_small.png\",\"contentUrl\":\"https:\/\/peix-xc.whads.com\/wp-content\/uploads\/2024\/09\/cropped-peixcat_logo_small.png\",\"width\":300,\"height\":300,\"caption\":\"Peix.cat\"},\"image\":{\"@id\":\"https:\/\/peix-xc.whads.com\/ca\/#\/schema\/logo\/image\/\"},\"sameAs\":[\"https:\/\/www.instagram.com\/peix.cat\/\"]}]}<\/script>\n<!-- \/ Yoast SEO plugin. -->","yoast_head_json":{"title":"Peix.cat | Peixateria online - 140 anys a la Boqueria de Barcelona","description":"Compra el millor peix i marisc online del Mercat de la Boqueria de Barcelona. T\u2019ho portem gratis i\u00a0 envasat al buit en 24 o 48 hores.","robots":{"index":"index","follow":"follow","max-snippet":"max-snippet:-1","max-image-preview":"max-image-preview:large","max-video-preview":"max-video-preview:-1"},"canonical":"https:\/\/peix-xc.whads.com\/ca\/qui-som\/","og_locale":"ca_ES","og_type":"article","og_title":"Peix.cat | Peixateria online - 140 anys a la Boqueria de Barcelona","og_description":"Compra el millor peix i marisc online del Mercat de la Boqueria de Barcelona. T\u2019ho portem gratis i\u00a0 envasat al buit en 24 o 48 hores.","og_url":"https:\/\/peix-xc.whads.com\/ca\/qui-som\/","og_site_name":"Peix.cat","article_modified_time":"2025-03-14T09:38:28+00:00","og_image":[{"width":1200,"height":675,"url":"https:\/\/peix-xc.whads.com\/wp-content\/uploads\/2025\/03\/peixcat.jpg","type":"image\/jpeg"}],"twitter_card":"summary_large_image","schema":{"@context":"https:\/\/schema.org","@graph":[{"@type":"WebPage","@id":"https:\/\/peix-xc.whads.com\/ca\/qui-som\/","url":"https:\/\/peix-xc.whads.com\/ca\/qui-som\/","name":"Peix.cat | Peixateria online - 140 anys a la Boqueria de Barcelona","isPartOf":{"@id":"https:\/\/peix-xc.whads.com\/ca\/#website"},"datePublished":"2024-09-09T05:22:49+00:00","dateModified":"2025-03-14T09:38:28+00:00","description":"Compra el millor peix i marisc online del Mercat de la Boqueria de Barcelona. T\u2019ho portem gratis i\u00a0 envasat al buit en 24 o 48 hores.","breadcrumb":{"@id":"https:\/\/peix-xc.whads.com\/ca\/qui-som\/#breadcrumb"},"inLanguage":"ca","potentialAction":[{"@type":"ReadAction","target":["https:\/\/peix-xc.whads.com\/ca\/qui-som\/"]}]},{"@type":"BreadcrumbList","@id":"https:\/\/peix-xc.whads.com\/ca\/qui-som\/#breadcrumb","itemListElement":[{"@type":"ListItem","position":1,"name":"Home","item":"https:\/\/peix-xc.whads.com\/ca\/"},{"@type":"ListItem","position":2,"name":"Qui som"}]},{"@type":"WebSite","@id":"https:\/\/peix-xc.whads.com\/ca\/#website","url":"https:\/\/peix-xc.whads.com\/ca\/","name":"Peix.cat","description":"Peixateria online Boqueria","publisher":{"@id":"https:\/\/peix-xc.whads.com\/ca\/#organization"},"potentialAction":[{"@type":"SearchAction","target":{"@type":"EntryPoint","urlTemplate":"https:\/\/peix-xc.whads.com\/ca\/?s={search_term_string}"},"query-input":{"@type":"PropertyValueSpecification","valueRequired":true,"valueName":"search_term_string"}}],"inLanguage":"ca"},{"@type":"Organization","@id":"https:\/\/peix-xc.whads.com\/ca\/#organization","name":"Peix.cat","url":"https:\/\/peix-xc.whads.com\/ca\/","logo":{"@type":"ImageObject","inLanguage":"ca","@id":"https:\/\/peix-xc.whads.com\/ca\/#\/schema\/logo\/image\/","url":"https:\/\/peix-xc.whads.com\/wp-content\/uploads\/2024\/09\/cropped-peixcat_logo_small.png","contentUrl":"https:\/\/peix-xc.whads.com\/wp-content\/uploads\/2024\/09\/cropped-peixcat_logo_small.png","width":300,"height":300,"caption":"Peix.cat"},"image":{"@id":"https:\/\/peix-xc.whads.com\/ca\/#\/schema\/logo\/image\/"},"sameAs":["https:\/\/www.instagram.com\/peix.cat\/"]}]}},"_links":{"self":[{"href":"https:\/\/peix-xc.whads.com\/ca\/wp-json\/wp\/v2\/pages\/76","targetHints":{"allow":["GET"]}}],"collection":[{"href":"https:\/\/peix-xc.whads.com\/ca\/wp-json\/wp\/v2\/pages"}],"about":[{"href":"https:\/\/peix-xc.whads.com\/ca\/wp-json\/wp\/v2\/types\/page"}],"author":[{"embeddable":true,"href":"https:\/\/peix-xc.whads.com\/ca\/wp-json\/wp\/v2\/users\/1"}],"replies":[{"embeddable":true,"href":"https:\/\/peix-xc.whads.com\/ca\/wp-json\/wp\/v2\/comments?post=76"}],"version-history":[{"count":4,"href":"https:\/\/peix-xc.whads.com\/ca\/wp-json\/wp\/v2\/pages\/76\/revisions"}],"predecessor-version":[{"id":1098,"href":"https:\/\/peix-xc.whads.com\/ca\/wp-json\/wp\/v2\/pages\/76\/revisions\/1098"}],"wp:attachment":[{"href":"https:\/\/peix-xc.whads.com\/ca\/wp-json\/wp\/v2\/media?parent=76"}],"curies":[{"name":"wp","href":"https:\/\/api.w.org\/{rel}","templated":true}]}}