{"id":74,"date":"2024-09-09T07:09:00","date_gmt":"2024-09-09T05:09:00","guid":{"rendered":"https:\/\/peix-xc.whads.com\/?page_id=74"},"modified":"2026-03-23T09:41:40","modified_gmt":"2026-03-23T08:41:40","slug":"inici","status":"publish","type":"page","link":"https:\/\/peix-xc.whads.com\/ca\/","title":{"rendered":"Inici"},"content":{"rendered":"<header id=\"whads-header-gblock-block_ec625936d07e3b5cbe901106a41689a5\" class=\"whads-header-gblock whads-gblock with-background-local-video alignwide\" data-alignement=\"left\" data-layout=\"background-local-video\"><div class=\"whads-header-gblock__background whads-header-gblock__background--local-video\"><div class=\"whads-header-gblock__background__local-video-wrapper\"><video data-autoplay autoplay muted loop playsinline webkit-playsinline class=\"whads-header-gblock__background__local-video-player\" poster=\"https:\/\/peix-xc.whads.com\/wp-content\/uploads\/2025\/12\/home_image-aspect-ratio-1920-720.jpg\"><source src=\"https:\/\/peix-xc.whads.com\/wp-content\/uploads\/2024\/11\/peix_home_video_edited.mp4\"><\/video><div class=\"whads-header-gblock__background__video-overlay\"><\/div><\/div><\/div><div class=\"whads-header-gblock__inner\"><div class=\"whads-header-gblock__content\"><div class=\"whads-header-gblock__heading__wrapper\"><h1 class=\"whads-header-gblock__heading\">El millor peix, al millor preu<\/h1><\/div><div class=\"whads-header-gblock__buttons\"><a class=\"whads-header-gblock__buttons__item\" data-color=\"corporate\" href=\"https:\/\/peix-xc.whads.com\/ca\/productes\/\">Fes la teva comanda<\/a><\/div><\/div><\/div><\/header>\n\n<section id=\"whads-grid-gblock-block_56cbad83b568fd4a6ea2283a15f42879\" class=\"whads-grid-gblock whads-gblock alignwide whads-animation whads-animation__fade-in-up-subtle margin-bottom-default \" data-layout=\"title-top\" data-columns=\"three\" data-imagesize=\"square\"><div class=\"whads-grid-gblock__inner\"><ul class=\"whads-grid-gblock__items\"><li class=\"whads-grid-gblock__item\"><a class=\"whads-grid-gblock__item__link\" href=\"\/ca\/productes\/peix\/\"><div class=\"whads-grid-gblock__item__inner\"><div class=\"whads-grid-gblock__item__image__wrapper\"><div class=\"whads-grid-gblock__item__image__inner\"><img loading=\"lazy\" decoding=\"async\" width=\"360\" height=\"360\" src=\"https:\/\/peix-xc.whads.com\/wp-content\/uploads\/2024\/12\/peix_fresc-aspect-ratio-600-600.png\" class=\"whads-grid-gblock__item__image\" alt=\"Peix fresc\" srcset=\"https:\/\/peix-xc.whads.com\/wp-content\/uploads\/2024\/12\/peix_fresc-aspect-ratio-600-600.png 360w, https:\/\/peix-xc.whads.com\/wp-content\/uploads\/2024\/12\/peix_fresc-aspect-ratio-600-600-300x300.png 300w, https:\/\/peix-xc.whads.com\/wp-content\/uploads\/2024\/12\/peix_fresc-aspect-ratio-600-600-150x150.png 150w, https:\/\/peix-xc.whads.com\/wp-content\/uploads\/2024\/12\/peix_fresc-aspect-ratio-600-600-100x100.png 100w\" sizes=\"auto, (max-width: 360px) 100vw, 360px\" \/><\/div><\/div><div class=\"whads-grid-gblock__item__content\"><div class=\"whads-grid-gblock__item__heading__wrapper\"><h3 class=\"whads-grid-gblock__item__heading\">Peix fresc<\/h3><\/div><div class=\"whads-grid-gblock__item__button\">Comprar peix fresc<\/div><\/div><\/div><\/a><\/li><li class=\"whads-grid-gblock__item\"><a class=\"whads-grid-gblock__item__link\" href=\"\/ca\/productes\/marisc\/\"><div class=\"whads-grid-gblock__item__inner\"><div class=\"whads-grid-gblock__item__image__wrapper\"><div class=\"whads-grid-gblock__item__image__inner\"><img loading=\"lazy\" decoding=\"async\" width=\"360\" height=\"360\" src=\"https:\/\/peix-xc.whads.com\/wp-content\/uploads\/2024\/12\/marisc-aspect-ratio-600-600.png\" class=\"whads-grid-gblock__item__image\" alt=\"Marisc\" srcset=\"https:\/\/peix-xc.whads.com\/wp-content\/uploads\/2024\/12\/marisc-aspect-ratio-600-600.png 360w, https:\/\/peix-xc.whads.com\/wp-content\/uploads\/2024\/12\/marisc-aspect-ratio-600-600-300x300.png 300w, https:\/\/peix-xc.whads.com\/wp-content\/uploads\/2024\/12\/marisc-aspect-ratio-600-600-150x150.png 150w, https:\/\/peix-xc.whads.com\/wp-content\/uploads\/2024\/12\/marisc-aspect-ratio-600-600-100x100.png 100w\" sizes=\"auto, (max-width: 360px) 100vw, 360px\" \/><\/div><\/div><div class=\"whads-grid-gblock__item__content\"><div class=\"whads-grid-gblock__item__heading__wrapper\"><h3 class=\"whads-grid-gblock__item__heading\">Marisc<\/h3><\/div><div class=\"whads-grid-gblock__item__button\">Comprar marisc<\/div><\/div><\/div><\/a><\/li><li class=\"whads-grid-gblock__item\"><a class=\"whads-grid-gblock__item__link\" href=\"\/ca\/productes\/altres\/\"><div class=\"whads-grid-gblock__item__inner\"><div class=\"whads-grid-gblock__item__image__wrapper\"><div class=\"whads-grid-gblock__item__image__inner\"><img loading=\"lazy\" decoding=\"async\" width=\"360\" height=\"360\" src=\"https:\/\/peix-xc.whads.com\/wp-content\/uploads\/2024\/12\/altres_productes-aspect-ratio-600-600.png\" class=\"whads-grid-gblock__item__image\" alt=\"Altres productes\" srcset=\"https:\/\/peix-xc.whads.com\/wp-content\/uploads\/2024\/12\/altres_productes-aspect-ratio-600-600.png 360w, https:\/\/peix-xc.whads.com\/wp-content\/uploads\/2024\/12\/altres_productes-aspect-ratio-600-600-300x300.png 300w, https:\/\/peix-xc.whads.com\/wp-content\/uploads\/2024\/12\/altres_productes-aspect-ratio-600-600-150x150.png 150w, https:\/\/peix-xc.whads.com\/wp-content\/uploads\/2024\/12\/altres_productes-aspect-ratio-600-600-100x100.png 100w\" sizes=\"auto, (max-width: 360px) 100vw, 360px\" \/><\/div><\/div><div class=\"whads-grid-gblock__item__content\"><div class=\"whads-grid-gblock__item__heading__wrapper\"><h3 class=\"whads-grid-gblock__item__heading\">Altres productes<\/h3><\/div><div class=\"whads-grid-gblock__item__button\">Comprar altres productes<\/div><\/div><\/div><\/a><\/li><\/ul><\/div><\/section>\n\n<section id=\"codi\" class=\"whads-textimage-gblock whads-gblock alignwide\" data-layout=\"welcome-form\" data-background-type=\"grey\"><div class=\"whads-gblock__background\"><\/div><div class=\"whads-textimage-gblock__inner whads-animation whads-animation__fade-in-up-subtle\"><div class=\"whads-textimage-gblock__welcome-form__background\"><div class=\"whads-textimage-gblock__welcome-form__background__image\" style=\"background-image: url(https:\/\/peix-xc.whads.com\/wp-content\/uploads\/2024\/10\/peix_welcome_popup.jpg);\"><\/div><div class=\"whads-textimage-gblock__welcome-form__background__gradient\"><\/div><\/div><div class=\"whads-textimage-gblock__text__wrapper\"><div class=\"whads-textimage-gblock__text__inner\"><div class=\"whads-textimage-gblock__text\"><div class=\"whads-textimage-gblock__welcome-coupon__heading\">Rep promocions, descomptes i propostes de cistella<\/div><div class=\"whads-textimage-gblock__welcome-coupon__text\"><p><span class=\"whads-corporative-color\">10% de descompte<\/span><br \/>\nen la teva primera comanda<\/p>\n<\/div><div class=\"whads-welcome-coupon__form__wrapper\"><form class=\"whads-welcome-coupon__form\"><label for=\"whads-welcome-coupon__form__email\" class=\"whads-welcome-coupon__form__email__label\">Correu electr\u00f2nic&nbsp;<abbr class=\"required\" title=\"Obligatori\">*<\/abbr><\/label><input type=\"email\" id=\"whads-welcome-coupon__form__email\" name=\"whads-welcome-coupon__form__email\" class=\"whads-welcome-coupon__form__email\" placeholder=\"El teu correu electr\u00f2nic\" required><\/input><div class=\"whads-welcome-coupon__form__email__error--invalid\">El format del correu electr\u00f2nic no es v\u00e0lid<\/div><div class=\"whads-welcome-coupon__form__email__error--already-client\">Ja ets client de peix.cat i no pots obtenir el cup\u00f3 de benvinguda. Per\u00f2 et mantindrem informat de les noves promocions i propostes.<\/div><div class=\"whads-welcome-coupon__form__email__error--already-used\">Ja has utilitzat el cup\u00f3 de benvinguda. Per\u00f2 et mantindrem informat de les noves promocions i propostes.<\/div><div class=\"whads-welcome-coupon__form__consent__wrapper\"><input type=\"checkbox\" id=\"whads-welcome-coupon__form__consent\" class=\"whads-welcome-coupon__form__consent\" name=\"whads-welcome-coupon__form__consent\"><\/input><label for=\"whads-welcome-coupon__form__consent\" class=\"whads-welcome-coupon__form__consent__label\">Accepto la <a target=\"_blank\" href=\"https:\/\/peix-xc.whads.com\/ca\/politica-de-privacitat\/\">pol\u00edtica de privacitat<\/a><\/label><\/div><div class=\"whads-welcome-coupon__form__consent__error\">Has d&#039;acceptar la pol\u00edtica de privacitat<\/div><p class=\"whads-welcome-coupon__form__consent__explanation\">En introduir les teves dades acceptes rebre missatges de m\u00e0rqueting com ara codis de promoci\u00f3 i recordatoris de cistella. Pots donar-te de baixa en qualsevol moment.<\/p><div class=\"peix-turnstile-wrapper peix-turnstile-wrapper--welcomeblock\"><div id=\"peix-turnstile-welcomeblock\" class=\"peix-turnstile\" data-form=\"welcomeblock\" data-sitekey=\"0x4AAAAAACDHVtcIfJjGOXVw\"><\/div><input type=\"text\" name=\"peix_hp_field\" value=\"\" autocomplete=\"off\" tabindex=\"-1\" style=\"position:absolute;left:-9999px;opacity:0;height:1px;width:1px;\" aria-hidden=\"true\" \/><\/div><button type=\"submit\" class=\"whads-welcome-coupon__form__button\" data-text=\"Enviar\" data-loading-text=\"Enviant...\">Enviar<\/button><div class=\"whads-welcome-coupon__form__generic-error\" data-default=\"S&#039;ha produ\u00eft un error, torneu-ho a intentar m\u00e9s tard.\">S&#039;ha produ\u00eft un error, torneu-ho a intentar m\u00e9s tard.<\/div><\/form><div class=\"whads-welcome-coupon__thanks\">Gr\u00e0cies! Rebr\u00e0s el cup\u00f3 de benvinguda per correu electr\u00f2nic. Si no el trobes a la safata d&#039;entrada, revisa el correu brossa (SPAM).<\/div><\/div><\/div><\/div><\/div><\/div><\/section>\n\n<section id=\"whads-textimage-gblock-block_11be6cc0d19b71d065a1d48ecae45ccb\" class=\"whads-textimage-gblock whads-gblock alignwide margin-bottom-default with-image\" data-layout=\"image-left-6-6\"><div class=\"whads-textimage-gblock__inner whads-animation whads-animation__fade-in-up-subtle\"><div class=\"whads-textimage-gblock__image__wrapper\"><img loading=\"lazy\" decoding=\"async\" width=\"1200\" height=\"885\" src=\"https:\/\/peix-xc.whads.com\/wp-content\/uploads\/2024\/11\/ff9c242cd2d0e08910e52a459ff2c1ba.png\" class=\"whads-textimage-gblock__image\" alt=\"Imatge de Peix.cat\" srcset=\"https:\/\/peix-xc.whads.com\/wp-content\/uploads\/2024\/11\/ff9c242cd2d0e08910e52a459ff2c1ba.png 1200w, https:\/\/peix-xc.whads.com\/wp-content\/uploads\/2024\/11\/ff9c242cd2d0e08910e52a459ff2c1ba-300x221.png 300w, https:\/\/peix-xc.whads.com\/wp-content\/uploads\/2024\/11\/ff9c242cd2d0e08910e52a459ff2c1ba-1024x755.png 1024w, https:\/\/peix-xc.whads.com\/wp-content\/uploads\/2024\/11\/ff9c242cd2d0e08910e52a459ff2c1ba-768x566.png 768w, https:\/\/peix-xc.whads.com\/wp-content\/uploads\/2024\/11\/ff9c242cd2d0e08910e52a459ff2c1ba-600x443.png 600w\" sizes=\"auto, (max-width: 1200px) 100vw, 1200px\" \/><\/div><div class=\"whads-textimage-gblock__text__wrapper\"><div class=\"whads-textimage-gblock__text__inner\"><div class=\"whads-textimage-gblock__text\"><h1>Zones de repartiment<\/h1>\n<p>&nbsp;<\/p>\n<p>\u00b7 Barcelona ciutat<br \/>\n\u00b7 L\u2019Hospitalet de Llobregat<br \/>\n\u00b7 Sant Cugat del Vall\u00e8s<br \/>\n\u00b7 Valldoreix<br \/>\n\u00b7 Bellaterra<br \/>\n\u00b7 Rub\u00ed<\/p>\n<\/div><\/div><\/div><\/div><\/section>\n\n<section id=\"whads-images-gblock-block_60721247d1517aa8cd309daee264cc90\" class=\"whads-images-gblock whads-gblock alignwide\" data-layout=\"one-image-full\"><div class=\"whads-images-gblock__inner whads-animation whads-animation__fade-in-up-subtle\"><div class=\"whads-images-gblock__images__wrapper\"><div class=\"whads-images-gblock__image__full__wrapper\"><img loading=\"lazy\" decoding=\"async\" width=\"1920\" height=\"715\" src=\"https:\/\/peix-xc.whads.com\/wp-content\/uploads\/2024\/11\/home_image.jpg\" class=\"whads-images-gblock__image__full\" alt=\"Imatge de Peix.cat\" srcset=\"https:\/\/peix-xc.whads.com\/wp-content\/uploads\/2024\/11\/home_image.jpg 1920w, https:\/\/peix-xc.whads.com\/wp-content\/uploads\/2024\/11\/home_image-300x112.jpg 300w, https:\/\/peix-xc.whads.com\/wp-content\/uploads\/2024\/11\/home_image-1024x381.jpg 1024w, https:\/\/peix-xc.whads.com\/wp-content\/uploads\/2024\/11\/home_image-768x286.jpg 768w, https:\/\/peix-xc.whads.com\/wp-content\/uploads\/2024\/11\/home_image-1536x572.jpg 1536w, https:\/\/peix-xc.whads.com\/wp-content\/uploads\/2024\/11\/home_image-600x223.jpg 600w\" sizes=\"auto, (max-width: 1920px) 100vw, 1920px\" \/><\/div><\/div><\/div><\/section>\n\n<section id=\"whads-grid-gblock-block_305e244e21b7ae52890bbde433f34113\" class=\"whads-grid-gblock whads-gblock alignwide whads-animation whads-animation__fade-in-up-subtle \" data-layout=\"title-last-col\" data-columns=\"three\" data-imagesize=\"vertical\"><div class=\"whads-grid-gblock__inner\"><div class=\"whads-grid-gblock__heading__wrapper\"><div class=\"whads-grid-gblock__heading__inner\"><h2 class=\"whads-grid-gblock__heading\">M\u00e9s de 140 anys a la Boqueria<\/h2><div class=\"whads-grid-gblock__text\"><p>Peixateria Ripoll Estera \u00e9s una empresa familiar amb m\u00e9s de 140 anys d\u2019hist\u00f2ria. 5 generacions han donat continu\u00eftat al negoci des de 1872.<\/p>\n<p class=\"whads-desktop-only\"><span class=\"whads-small-text\">Llu\u00efsa i Jaume Ripoll<\/span><\/p>\n<p><a class=\"whads-button-link\" href=\"https:\/\/peix-xc.whads.com\/ca\/qui-som\/\">Qui som<\/a><\/p>\n<\/div><\/div><\/div><ul class=\"whads-grid-gblock__items\"><li class=\"whads-grid-gblock__item\"><div class=\"whads-grid-gblock__item__inner\"><div class=\"whads-grid-gblock__item__image__wrapper\"><div class=\"whads-grid-gblock__item__image__inner\"><img loading=\"lazy\" decoding=\"async\" width=\"631\" height=\"1010\" src=\"https:\/\/peix-xc.whads.com\/wp-content\/uploads\/2024\/11\/peix_lluisa_home-aspect-ratio-600-960.jpg\" class=\"whads-grid-gblock__item__image\" alt=\"Imatge de Peix.cat\" srcset=\"https:\/\/peix-xc.whads.com\/wp-content\/uploads\/2024\/11\/peix_lluisa_home-aspect-ratio-600-960.jpg 631w, https:\/\/peix-xc.whads.com\/wp-content\/uploads\/2024\/11\/peix_lluisa_home-aspect-ratio-600-960-187x300.jpg 187w, https:\/\/peix-xc.whads.com\/wp-content\/uploads\/2024\/11\/peix_lluisa_home-aspect-ratio-600-960-600x960.jpg 600w\" sizes=\"auto, (max-width: 631px) 100vw, 631px\" \/><\/div><p class=\"whads-grid-gblock__item__image__caption\">Llu\u00efsa Ripoll<\/p><\/div><div class=\"whads-grid-gblock__item__content\"><div class=\"whads-grid-gblock__item__heading__wrapper\"><h3 class=\"whads-grid-gblock__item__heading\"><\/h3><\/div><\/div><\/div><\/li><li class=\"whads-grid-gblock__item\"><div class=\"whads-grid-gblock__item__inner\"><div class=\"whads-grid-gblock__item__image__wrapper\"><div class=\"whads-grid-gblock__item__image__inner\"><img loading=\"lazy\" decoding=\"async\" width=\"631\" height=\"1010\" src=\"https:\/\/peix-xc.whads.com\/wp-content\/uploads\/2024\/11\/peix_jaume_home-aspect-ratio-600-960.jpg\" class=\"whads-grid-gblock__item__image\" alt=\"Imatge de Peix.cat\" srcset=\"https:\/\/peix-xc.whads.com\/wp-content\/uploads\/2024\/11\/peix_jaume_home-aspect-ratio-600-960.jpg 631w, https:\/\/peix-xc.whads.com\/wp-content\/uploads\/2024\/11\/peix_jaume_home-aspect-ratio-600-960-187x300.jpg 187w, https:\/\/peix-xc.whads.com\/wp-content\/uploads\/2024\/11\/peix_jaume_home-aspect-ratio-600-960-600x960.jpg 600w\" sizes=\"auto, (max-width: 631px) 100vw, 631px\" \/><\/div><p class=\"whads-grid-gblock__item__image__caption\">Jaume Ripoll<\/p><\/div><div class=\"whads-grid-gblock__item__content\"><div class=\"whads-grid-gblock__item__heading__wrapper\"><h3 class=\"whads-grid-gblock__item__heading\"><\/h3><\/div><\/div><\/div><\/li><\/ul><\/div><\/section>\n\n<section id=\"whads-grid-gblock-block_a314b13e674470b74227e0dfb1afb8e8\" class=\"whads-grid-gblock whads-gblock alignwide whads-animation whads-animation__fade-in-up-subtle \" data-layout=\"title-top\" data-columns=\"two\" data-imagesize=\"normal\"><div class=\"whads-grid-gblock__inner\"><div class=\"whads-grid-gblock__heading__wrapper\"><div class=\"whads-grid-gblock__heading__inner\"><h2 class=\"whads-grid-gblock__heading\">Envasat<\/h2><div class=\"whads-grid-gblock__text\"><p>Envasem el peix fresc al buit per garantir-ne la conservaci\u00f3 \u00f2ptima. Cada pe\u00e7a s\u2019envasa individualment i s\u2019etiqueta amb el nom del producte i la data d&#8217;envasat, facilitant aix\u00ed la seva identificaci\u00f3 i possible congelaci\u00f3.<\/p>\n<\/div><\/div><\/div><ul class=\"whads-grid-gblock__items\"><li class=\"whads-grid-gblock__item\"><div class=\"whads-grid-gblock__item__inner\"><div class=\"whads-grid-gblock__item__image__wrapper\"><div class=\"whads-grid-gblock__item__image__inner\"><img loading=\"lazy\" decoding=\"async\" width=\"1152\" height=\"1402\" src=\"https:\/\/peix-xc.whads.com\/wp-content\/uploads\/2024\/11\/peix_envasat1_home-aspect-ratio-600-730.jpg\" class=\"whads-grid-gblock__item__image\" alt=\"Imatge de Peix.cat\" srcset=\"https:\/\/peix-xc.whads.com\/wp-content\/uploads\/2024\/11\/peix_envasat1_home-aspect-ratio-600-730.jpg 1152w, https:\/\/peix-xc.whads.com\/wp-content\/uploads\/2024\/11\/peix_envasat1_home-aspect-ratio-600-730-247x300.jpg 247w, https:\/\/peix-xc.whads.com\/wp-content\/uploads\/2024\/11\/peix_envasat1_home-aspect-ratio-600-730-841x1024.jpg 841w, https:\/\/peix-xc.whads.com\/wp-content\/uploads\/2024\/11\/peix_envasat1_home-aspect-ratio-600-730-768x935.jpg 768w, https:\/\/peix-xc.whads.com\/wp-content\/uploads\/2024\/11\/peix_envasat1_home-aspect-ratio-600-730-600x730.jpg 600w\" sizes=\"auto, (max-width: 1152px) 100vw, 1152px\" \/><\/div><\/div><div class=\"whads-grid-gblock__item__content\"><div class=\"whads-grid-gblock__item__heading__wrapper\"><h3 class=\"whads-grid-gblock__item__heading\"><\/h3><\/div><\/div><\/div><\/li><li class=\"whads-grid-gblock__item\"><div class=\"whads-grid-gblock__item__inner\"><div class=\"whads-grid-gblock__item__image__wrapper\"><div class=\"whads-grid-gblock__item__image__inner\"><img loading=\"lazy\" decoding=\"async\" width=\"1152\" height=\"1402\" src=\"https:\/\/peix-xc.whads.com\/wp-content\/uploads\/2024\/11\/peix_envasat2_home-aspect-ratio-600-730.jpg\" class=\"whads-grid-gblock__item__image\" alt=\"Imatge de Peix.cat\" srcset=\"https:\/\/peix-xc.whads.com\/wp-content\/uploads\/2024\/11\/peix_envasat2_home-aspect-ratio-600-730.jpg 1152w, https:\/\/peix-xc.whads.com\/wp-content\/uploads\/2024\/11\/peix_envasat2_home-aspect-ratio-600-730-247x300.jpg 247w, https:\/\/peix-xc.whads.com\/wp-content\/uploads\/2024\/11\/peix_envasat2_home-aspect-ratio-600-730-841x1024.jpg 841w, https:\/\/peix-xc.whads.com\/wp-content\/uploads\/2024\/11\/peix_envasat2_home-aspect-ratio-600-730-768x935.jpg 768w, https:\/\/peix-xc.whads.com\/wp-content\/uploads\/2024\/11\/peix_envasat2_home-aspect-ratio-600-730-600x730.jpg 600w\" sizes=\"auto, (max-width: 1152px) 100vw, 1152px\" \/><\/div><\/div><div class=\"whads-grid-gblock__item__content\"><div class=\"whads-grid-gblock__item__heading__wrapper\"><h3 class=\"whads-grid-gblock__item__heading\"><\/h3><\/div><\/div><\/div><\/li><\/ul><\/div><\/section>","protected":false},"excerpt":{"rendered":"","protected":false},"author":1,"featured_media":0,"parent":0,"menu_order":0,"comment_status":"closed","ping_status":"closed","template":"","meta":{"_acf_changed":false,"footnotes":""},"class_list":["post-74","page","type-page","status-publish","hentry"],"acf":[],"yoast_head":"<!-- This site is optimized with the Yoast SEO plugin v26.8 - https:\/\/yoast.com\/product\/yoast-seo-wordpress\/ -->\n<title>Peix.cat | Peixateria online - El millor peix i marisc de la Boqueria<\/title>\n<meta name=\"description\" content=\"Compra el millor peix i marisc online del Mercat de la Boqueria de Barcelona. T\u2019ho portem gratis i\u00a0 envasat al buit en 24 o 48 hores.\" \/>\n<meta name=\"robots\" content=\"index, follow, max-snippet:-1, max-image-preview:large, max-video-preview:-1\" \/>\n<link rel=\"canonical\" href=\"https:\/\/peix-xc.whads.com\/ca\/\" \/>\n<meta property=\"og:locale\" content=\"ca_ES\" \/>\n<meta property=\"og:type\" content=\"article\" \/>\n<meta property=\"og:title\" content=\"Peix.cat | Peixateria online - El millor peix i marisc de la Boqueria\" \/>\n<meta property=\"og:description\" content=\"Compra el millor peix i marisc online del Mercat de la Boqueria de Barcelona. T\u2019ho portem gratis i\u00a0 envasat al buit en 24 o 48 hores.\" \/>\n<meta property=\"og:url\" content=\"https:\/\/peix-xc.whads.com\/ca\/\" \/>\n<meta property=\"og:site_name\" content=\"Peix.cat\" \/>\n<meta property=\"article:modified_time\" content=\"2026-03-23T08:41:40+00:00\" \/>\n<meta property=\"og:image\" content=\"https:\/\/peix-xc.whads.com\/wp-content\/uploads\/2025\/03\/peixcat.jpg\" \/>\n\t<meta property=\"og:image:width\" content=\"1200\" \/>\n\t<meta property=\"og:image:height\" content=\"675\" \/>\n\t<meta property=\"og:image:type\" content=\"image\/jpeg\" \/>\n<meta name=\"twitter:card\" content=\"summary_large_image\" \/>\n<script type=\"application\/ld+json\" class=\"yoast-schema-graph\">{\"@context\":\"https:\/\/schema.org\",\"@graph\":[{\"@type\":\"WebPage\",\"@id\":\"https:\/\/peix-xc.whads.com\/ca\/\",\"url\":\"https:\/\/peix-xc.whads.com\/ca\/\",\"name\":\"Peix.cat | Peixateria online - El millor peix i marisc de la Boqueria\",\"isPartOf\":{\"@id\":\"https:\/\/peix-xc.whads.com\/ca\/#website\"},\"datePublished\":\"2024-09-09T05:09:00+00:00\",\"dateModified\":\"2026-03-23T08:41:40+00:00\",\"description\":\"Compra el millor peix i marisc online del Mercat de la Boqueria de Barcelona. T\u2019ho portem gratis i\u00a0 envasat al buit en 24 o 48 hores.\",\"breadcrumb\":{\"@id\":\"https:\/\/peix-xc.whads.com\/ca\/#breadcrumb\"},\"inLanguage\":\"ca\",\"potentialAction\":[{\"@type\":\"ReadAction\",\"target\":[\"https:\/\/peix-xc.whads.com\/ca\/\"]}]},{\"@type\":\"BreadcrumbList\",\"@id\":\"https:\/\/peix-xc.whads.com\/ca\/#breadcrumb\",\"itemListElement\":[{\"@type\":\"ListItem\",\"position\":1,\"name\":\"Home\",\"item\":\"https:\/\/peix-xc.whads.com\/ca\/\"},{\"@type\":\"ListItem\",\"position\":2,\"name\":\"Inici\"}]},{\"@type\":\"WebSite\",\"@id\":\"https:\/\/peix-xc.whads.com\/ca\/#website\",\"url\":\"https:\/\/peix-xc.whads.com\/ca\/\",\"name\":\"Peix.cat\",\"description\":\"Peixateria online Boqueria\",\"publisher\":{\"@id\":\"https:\/\/peix-xc.whads.com\/ca\/#organization\"},\"potentialAction\":[{\"@type\":\"SearchAction\",\"target\":{\"@type\":\"EntryPoint\",\"urlTemplate\":\"https:\/\/peix-xc.whads.com\/ca\/?s={search_term_string}\"},\"query-input\":{\"@type\":\"PropertyValueSpecification\",\"valueRequired\":true,\"valueName\":\"search_term_string\"}}],\"inLanguage\":\"ca\"},{\"@type\":\"Organization\",\"@id\":\"https:\/\/peix-xc.whads.com\/ca\/#organization\",\"name\":\"Peix.cat\",\"url\":\"https:\/\/peix-xc.whads.com\/ca\/\",\"logo\":{\"@type\":\"ImageObject\",\"inLanguage\":\"ca\",\"@id\":\"https:\/\/peix-xc.whads.com\/ca\/#\/schema\/logo\/image\/\",\"url\":\"https:\/\/peix-xc.whads.com\/wp-content\/uploads\/2024\/09\/cropped-peixcat_logo_small.png\",\"contentUrl\":\"https:\/\/peix-xc.whads.com\/wp-content\/uploads\/2024\/09\/cropped-peixcat_logo_small.png\",\"width\":300,\"height\":300,\"caption\":\"Peix.cat\"},\"image\":{\"@id\":\"https:\/\/peix-xc.whads.com\/ca\/#\/schema\/logo\/image\/\"},\"sameAs\":[\"https:\/\/www.instagram.com\/peix.cat\/\"]}]}<\/script>\n<!-- \/ Yoast SEO plugin. -->","yoast_head_json":{"title":"Peix.cat | Peixateria online - El millor peix i marisc de la Boqueria","description":"Compra el millor peix i marisc online del Mercat de la Boqueria de Barcelona. T\u2019ho portem gratis i\u00a0 envasat al buit en 24 o 48 hores.","robots":{"index":"index","follow":"follow","max-snippet":"max-snippet:-1","max-image-preview":"max-image-preview:large","max-video-preview":"max-video-preview:-1"},"canonical":"https:\/\/peix-xc.whads.com\/ca\/","og_locale":"ca_ES","og_type":"article","og_title":"Peix.cat | Peixateria online - El millor peix i marisc de la Boqueria","og_description":"Compra el millor peix i marisc online del Mercat de la Boqueria de Barcelona. T\u2019ho portem gratis i\u00a0 envasat al buit en 24 o 48 hores.","og_url":"https:\/\/peix-xc.whads.com\/ca\/","og_site_name":"Peix.cat","article_modified_time":"2026-03-23T08:41:40+00:00","og_image":[{"width":1200,"height":675,"url":"https:\/\/peix-xc.whads.com\/wp-content\/uploads\/2025\/03\/peixcat.jpg","type":"image\/jpeg"}],"twitter_card":"summary_large_image","schema":{"@context":"https:\/\/schema.org","@graph":[{"@type":"WebPage","@id":"https:\/\/peix-xc.whads.com\/ca\/","url":"https:\/\/peix-xc.whads.com\/ca\/","name":"Peix.cat | Peixateria online - El millor peix i marisc de la Boqueria","isPartOf":{"@id":"https:\/\/peix-xc.whads.com\/ca\/#website"},"datePublished":"2024-09-09T05:09:00+00:00","dateModified":"2026-03-23T08:41:40+00:00","description":"Compra el millor peix i marisc online del Mercat de la Boqueria de Barcelona. T\u2019ho portem gratis i\u00a0 envasat al buit en 24 o 48 hores.","breadcrumb":{"@id":"https:\/\/peix-xc.whads.com\/ca\/#breadcrumb"},"inLanguage":"ca","potentialAction":[{"@type":"ReadAction","target":["https:\/\/peix-xc.whads.com\/ca\/"]}]},{"@type":"BreadcrumbList","@id":"https:\/\/peix-xc.whads.com\/ca\/#breadcrumb","itemListElement":[{"@type":"ListItem","position":1,"name":"Home","item":"https:\/\/peix-xc.whads.com\/ca\/"},{"@type":"ListItem","position":2,"name":"Inici"}]},{"@type":"WebSite","@id":"https:\/\/peix-xc.whads.com\/ca\/#website","url":"https:\/\/peix-xc.whads.com\/ca\/","name":"Peix.cat","description":"Peixateria online Boqueria","publisher":{"@id":"https:\/\/peix-xc.whads.com\/ca\/#organization"},"potentialAction":[{"@type":"SearchAction","target":{"@type":"EntryPoint","urlTemplate":"https:\/\/peix-xc.whads.com\/ca\/?s={search_term_string}"},"query-input":{"@type":"PropertyValueSpecification","valueRequired":true,"valueName":"search_term_string"}}],"inLanguage":"ca"},{"@type":"Organization","@id":"https:\/\/peix-xc.whads.com\/ca\/#organization","name":"Peix.cat","url":"https:\/\/peix-xc.whads.com\/ca\/","logo":{"@type":"ImageObject","inLanguage":"ca","@id":"https:\/\/peix-xc.whads.com\/ca\/#\/schema\/logo\/image\/","url":"https:\/\/peix-xc.whads.com\/wp-content\/uploads\/2024\/09\/cropped-peixcat_logo_small.png","contentUrl":"https:\/\/peix-xc.whads.com\/wp-content\/uploads\/2024\/09\/cropped-peixcat_logo_small.png","width":300,"height":300,"caption":"Peix.cat"},"image":{"@id":"https:\/\/peix-xc.whads.com\/ca\/#\/schema\/logo\/image\/"},"sameAs":["https:\/\/www.instagram.com\/peix.cat\/"]}]}},"_links":{"self":[{"href":"https:\/\/peix-xc.whads.com\/ca\/wp-json\/wp\/v2\/pages\/74","targetHints":{"allow":["GET"]}}],"collection":[{"href":"https:\/\/peix-xc.whads.com\/ca\/wp-json\/wp\/v2\/pages"}],"about":[{"href":"https:\/\/peix-xc.whads.com\/ca\/wp-json\/wp\/v2\/types\/page"}],"author":[{"embeddable":true,"href":"https:\/\/peix-xc.whads.com\/ca\/wp-json\/wp\/v2\/users\/1"}],"replies":[{"embeddable":true,"href":"https:\/\/peix-xc.whads.com\/ca\/wp-json\/wp\/v2\/comments?post=74"}],"version-history":[{"count":5,"href":"https:\/\/peix-xc.whads.com\/ca\/wp-json\/wp\/v2\/pages\/74\/revisions"}],"predecessor-version":[{"id":1999,"href":"https:\/\/peix-xc.whads.com\/ca\/wp-json\/wp\/v2\/pages\/74\/revisions\/1999"}],"wp:attachment":[{"href":"https:\/\/peix-xc.whads.com\/ca\/wp-json\/wp\/v2\/media?parent=74"}],"curies":[{"name":"wp","href":"https:\/\/api.w.org\/{rel}","templated":true}]}}