{"id":3,"date":"2024-09-08T21:47:11","date_gmt":"2024-09-08T19:47:11","guid":{"rendered":"https:\/\/peix-xc.whads.com\/?page_id=3"},"modified":"2025-03-14T11:36:10","modified_gmt":"2025-03-14T09:36:10","slug":"politica-de-privacitat","status":"publish","type":"page","link":"https:\/\/peix-xc.whads.com\/ca\/politica-de-privacitat\/","title":{"rendered":"Pol\u00edtica de privacitat"},"content":{"rendered":"<section id=\"whads-textimage-gblock-block_ac6a9e2d20665e429397d363134fe4da\" class=\"whads-textimage-gblock whads-gblock alignwide\" data-layout=\"text-9\"><div class=\"whads-textimage-gblock__inner whads-animation whads-animation__fade-in-up-subtle\"><div class=\"whads-textimage-gblock__text__wrapper\"><div class=\"whads-textimage-gblock__text__inner\"><div class=\"whads-textimage-gblock__text\"><h3>Responsable de tractament de dades personals<\/h3>\n<p><strong>Peixos Ripoll Estera<\/strong><br \/>\nParades 789, 790 i 791<br \/>\nMercat de la Boqueria<br \/>\n08001 Barcelona<br \/>\nT. 93 855 33 24 \/ 93 301 56 88<br \/>\n<a href=\"mailto:info@peix.cat\">info@peix.cat<\/a><br \/>\nNIF: 37334627S<\/p>\n<h3>Finalitat<\/h3>\n<p>Tractem les dades personals dels usuaris per a atendre peticions d\u2019informaci\u00f3, per a l\u2019enviament de comunicacions informatives i comercials, i per a gestionar les comandes o serveis contractats.<\/p>\n<h3>Legitimaci\u00f3<\/h3>\n<p>La base legal per al tractament de dades \u00e9s el consentiment de l\u2019interessat.<\/p>\n<h3>Conservaci\u00f3<\/h3>\n<p>Les dades personals es conservaran mentre no se\u2019n sol\u00b7liciti la supressi\u00f3. En el cas dels usuaris que hagin fet compres o hagin contractat serveis, les dades es mantindran, com a m\u00ednim, de conformitat amb la normativa vigent.<\/p>\n<h3>Comunicaci\u00f3<\/h3>\n<p>Les dades personals es podran comunicar a entitats vinculades a Peixos Ripoll Estera i, en el casos que sigui imprescindible, a les empreses responsables d\u2019executar operacions vinculades als serveis contractats, com per exemple, empreses de missatgeria.<\/p>\n<h3>Drets<\/h3>\n<p>Els usuaris poden accedir a les seves dades personals, aix\u00ed com sol\u00b7licitar-ne la rectificaci\u00f3 o, si s\u2019escau, sol\u00b7licitar-ne la cancel\u00b7laci\u00f3 o supressi\u00f3 quan ja no siguin necess\u00e0ries per a les finalitats que van ser recollides. Tamb\u00e9 poden sol\u00b7licitar-ne la limitaci\u00f3 i oposici\u00f3 al tractament.<\/p>\n<p>Igualment, podran revocar el consentiment per a l\u2019enviament de comunicacions comercials i exercir aquests drets mitjan\u00e7ant l\u2019enviament d\u2019un correu electr\u00f2nic a\u00a0<a href=\"mailto:info@peix.cat\">info@peix.cat<\/a>.<\/p>\n<\/div><\/div><\/div><\/div><\/section>","protected":false},"excerpt":{"rendered":"","protected":false},"author":1,"featured_media":0,"parent":0,"menu_order":0,"comment_status":"closed","ping_status":"open","template":"","meta":{"_acf_changed":false,"footnotes":""},"class_list":["post-3","page","type-page","status-publish","hentry"],"acf":[],"yoast_head":"<!-- This site is optimized with the Yoast SEO plugin v26.8 - https:\/\/yoast.com\/product\/yoast-seo-wordpress\/ -->\n<title>Pol\u00edtica de privacitat | Peix.cat - Peixateria online Boqueria<\/title>\n<meta name=\"description\" content=\"Compra el millor peix i marisc online del Mercat de la Boqueria de Barcelona. T\u2019ho portem gratis i\u00a0 envasat al buit en 24 o 48 hores.\" \/>\n<meta name=\"robots\" content=\"index, follow, max-snippet:-1, max-image-preview:large, max-video-preview:-1\" \/>\n<link rel=\"canonical\" href=\"https:\/\/peix-xc.whads.com\/ca\/politica-de-privacitat\/\" \/>\n<meta property=\"og:locale\" content=\"ca_ES\" \/>\n<meta property=\"og:type\" content=\"article\" \/>\n<meta property=\"og:title\" content=\"Pol\u00edtica de privacitat | Peix.cat - Peixateria online Boqueria\" \/>\n<meta property=\"og:description\" content=\"Compra el millor peix i marisc online del Mercat de la Boqueria de Barcelona. T\u2019ho portem gratis i\u00a0 envasat al buit en 24 o 48 hores.\" \/>\n<meta property=\"og:url\" content=\"https:\/\/peix-xc.whads.com\/ca\/politica-de-privacitat\/\" \/>\n<meta property=\"og:site_name\" content=\"Peix.cat\" \/>\n<meta property=\"article:modified_time\" content=\"2025-03-14T09:36:10+00:00\" \/>\n<meta property=\"og:image\" content=\"https:\/\/peix-xc.whads.com\/wp-content\/uploads\/2025\/03\/peixcat.jpg\" \/>\n\t<meta property=\"og:image:width\" content=\"1200\" \/>\n\t<meta property=\"og:image:height\" content=\"675\" \/>\n\t<meta property=\"og:image:type\" content=\"image\/jpeg\" \/>\n<meta name=\"twitter:card\" content=\"summary_large_image\" \/>\n<script type=\"application\/ld+json\" class=\"yoast-schema-graph\">{\"@context\":\"https:\/\/schema.org\",\"@graph\":[{\"@type\":\"WebPage\",\"@id\":\"https:\/\/peix-xc.whads.com\/ca\/politica-de-privacitat\/\",\"url\":\"https:\/\/peix-xc.whads.com\/ca\/politica-de-privacitat\/\",\"name\":\"Pol\u00edtica de privacitat | Peix.cat - Peixateria online Boqueria\",\"isPartOf\":{\"@id\":\"https:\/\/peix-xc.whads.com\/ca\/#website\"},\"datePublished\":\"2024-09-08T19:47:11+00:00\",\"dateModified\":\"2025-03-14T09:36:10+00:00\",\"description\":\"Compra el millor peix i marisc online del Mercat de la Boqueria de Barcelona. T\u2019ho portem gratis i\u00a0 envasat al buit en 24 o 48 hores.\",\"breadcrumb\":{\"@id\":\"https:\/\/peix-xc.whads.com\/ca\/politica-de-privacitat\/#breadcrumb\"},\"inLanguage\":\"ca\",\"potentialAction\":[{\"@type\":\"ReadAction\",\"target\":[\"https:\/\/peix-xc.whads.com\/ca\/politica-de-privacitat\/\"]}]},{\"@type\":\"BreadcrumbList\",\"@id\":\"https:\/\/peix-xc.whads.com\/ca\/politica-de-privacitat\/#breadcrumb\",\"itemListElement\":[{\"@type\":\"ListItem\",\"position\":1,\"name\":\"Home\",\"item\":\"https:\/\/peix-xc.whads.com\/ca\/\"},{\"@type\":\"ListItem\",\"position\":2,\"name\":\"Pol\u00edtica de privacitat\"}]},{\"@type\":\"WebSite\",\"@id\":\"https:\/\/peix-xc.whads.com\/ca\/#website\",\"url\":\"https:\/\/peix-xc.whads.com\/ca\/\",\"name\":\"Peix.cat\",\"description\":\"Peixateria online Boqueria\",\"publisher\":{\"@id\":\"https:\/\/peix-xc.whads.com\/ca\/#organization\"},\"potentialAction\":[{\"@type\":\"SearchAction\",\"target\":{\"@type\":\"EntryPoint\",\"urlTemplate\":\"https:\/\/peix-xc.whads.com\/ca\/?s={search_term_string}\"},\"query-input\":{\"@type\":\"PropertyValueSpecification\",\"valueRequired\":true,\"valueName\":\"search_term_string\"}}],\"inLanguage\":\"ca\"},{\"@type\":\"Organization\",\"@id\":\"https:\/\/peix-xc.whads.com\/ca\/#organization\",\"name\":\"Peix.cat\",\"url\":\"https:\/\/peix-xc.whads.com\/ca\/\",\"logo\":{\"@type\":\"ImageObject\",\"inLanguage\":\"ca\",\"@id\":\"https:\/\/peix-xc.whads.com\/ca\/#\/schema\/logo\/image\/\",\"url\":\"https:\/\/peix-xc.whads.com\/wp-content\/uploads\/2024\/09\/cropped-peixcat_logo_small.png\",\"contentUrl\":\"https:\/\/peix-xc.whads.com\/wp-content\/uploads\/2024\/09\/cropped-peixcat_logo_small.png\",\"width\":300,\"height\":300,\"caption\":\"Peix.cat\"},\"image\":{\"@id\":\"https:\/\/peix-xc.whads.com\/ca\/#\/schema\/logo\/image\/\"},\"sameAs\":[\"https:\/\/www.instagram.com\/peix.cat\/\"]}]}<\/script>\n<!-- \/ Yoast SEO plugin. -->","yoast_head_json":{"title":"Pol\u00edtica de privacitat | Peix.cat - Peixateria online Boqueria","description":"Compra el millor peix i marisc online del Mercat de la Boqueria de Barcelona. T\u2019ho portem gratis i\u00a0 envasat al buit en 24 o 48 hores.","robots":{"index":"index","follow":"follow","max-snippet":"max-snippet:-1","max-image-preview":"max-image-preview:large","max-video-preview":"max-video-preview:-1"},"canonical":"https:\/\/peix-xc.whads.com\/ca\/politica-de-privacitat\/","og_locale":"ca_ES","og_type":"article","og_title":"Pol\u00edtica de privacitat | Peix.cat - Peixateria online Boqueria","og_description":"Compra el millor peix i marisc online del Mercat de la Boqueria de Barcelona. T\u2019ho portem gratis i\u00a0 envasat al buit en 24 o 48 hores.","og_url":"https:\/\/peix-xc.whads.com\/ca\/politica-de-privacitat\/","og_site_name":"Peix.cat","article_modified_time":"2025-03-14T09:36:10+00:00","og_image":[{"width":1200,"height":675,"url":"https:\/\/peix-xc.whads.com\/wp-content\/uploads\/2025\/03\/peixcat.jpg","type":"image\/jpeg"}],"twitter_card":"summary_large_image","schema":{"@context":"https:\/\/schema.org","@graph":[{"@type":"WebPage","@id":"https:\/\/peix-xc.whads.com\/ca\/politica-de-privacitat\/","url":"https:\/\/peix-xc.whads.com\/ca\/politica-de-privacitat\/","name":"Pol\u00edtica de privacitat | Peix.cat - Peixateria online Boqueria","isPartOf":{"@id":"https:\/\/peix-xc.whads.com\/ca\/#website"},"datePublished":"2024-09-08T19:47:11+00:00","dateModified":"2025-03-14T09:36:10+00:00","description":"Compra el millor peix i marisc online del Mercat de la Boqueria de Barcelona. T\u2019ho portem gratis i\u00a0 envasat al buit en 24 o 48 hores.","breadcrumb":{"@id":"https:\/\/peix-xc.whads.com\/ca\/politica-de-privacitat\/#breadcrumb"},"inLanguage":"ca","potentialAction":[{"@type":"ReadAction","target":["https:\/\/peix-xc.whads.com\/ca\/politica-de-privacitat\/"]}]},{"@type":"BreadcrumbList","@id":"https:\/\/peix-xc.whads.com\/ca\/politica-de-privacitat\/#breadcrumb","itemListElement":[{"@type":"ListItem","position":1,"name":"Home","item":"https:\/\/peix-xc.whads.com\/ca\/"},{"@type":"ListItem","position":2,"name":"Pol\u00edtica de privacitat"}]},{"@type":"WebSite","@id":"https:\/\/peix-xc.whads.com\/ca\/#website","url":"https:\/\/peix-xc.whads.com\/ca\/","name":"Peix.cat","description":"Peixateria online Boqueria","publisher":{"@id":"https:\/\/peix-xc.whads.com\/ca\/#organization"},"potentialAction":[{"@type":"SearchAction","target":{"@type":"EntryPoint","urlTemplate":"https:\/\/peix-xc.whads.com\/ca\/?s={search_term_string}"},"query-input":{"@type":"PropertyValueSpecification","valueRequired":true,"valueName":"search_term_string"}}],"inLanguage":"ca"},{"@type":"Organization","@id":"https:\/\/peix-xc.whads.com\/ca\/#organization","name":"Peix.cat","url":"https:\/\/peix-xc.whads.com\/ca\/","logo":{"@type":"ImageObject","inLanguage":"ca","@id":"https:\/\/peix-xc.whads.com\/ca\/#\/schema\/logo\/image\/","url":"https:\/\/peix-xc.whads.com\/wp-content\/uploads\/2024\/09\/cropped-peixcat_logo_small.png","contentUrl":"https:\/\/peix-xc.whads.com\/wp-content\/uploads\/2024\/09\/cropped-peixcat_logo_small.png","width":300,"height":300,"caption":"Peix.cat"},"image":{"@id":"https:\/\/peix-xc.whads.com\/ca\/#\/schema\/logo\/image\/"},"sameAs":["https:\/\/www.instagram.com\/peix.cat\/"]}]}},"_links":{"self":[{"href":"https:\/\/peix-xc.whads.com\/ca\/wp-json\/wp\/v2\/pages\/3","targetHints":{"allow":["GET"]}}],"collection":[{"href":"https:\/\/peix-xc.whads.com\/ca\/wp-json\/wp\/v2\/pages"}],"about":[{"href":"https:\/\/peix-xc.whads.com\/ca\/wp-json\/wp\/v2\/types\/page"}],"author":[{"embeddable":true,"href":"https:\/\/peix-xc.whads.com\/ca\/wp-json\/wp\/v2\/users\/1"}],"replies":[{"embeddable":true,"href":"https:\/\/peix-xc.whads.com\/ca\/wp-json\/wp\/v2\/comments?post=3"}],"version-history":[{"count":2,"href":"https:\/\/peix-xc.whads.com\/ca\/wp-json\/wp\/v2\/pages\/3\/revisions"}],"predecessor-version":[{"id":1119,"href":"https:\/\/peix-xc.whads.com\/ca\/wp-json\/wp\/v2\/pages\/3\/revisions\/1119"}],"wp:attachment":[{"href":"https:\/\/peix-xc.whads.com\/ca\/wp-json\/wp\/v2\/media?parent=3"}],"curies":[{"name":"wp","href":"https:\/\/api.w.org\/{rel}","templated":true}]}}