{"id":1124,"date":"2024-11-22T13:08:06","date_gmt":"2024-11-22T11:08:06","guid":{"rendered":"https:\/\/peix-xc.whads.com\/?page_id=1124"},"modified":"2025-03-14T11:33:11","modified_gmt":"2025-03-14T09:33:11","slug":"avis-legal","status":"publish","type":"page","link":"https:\/\/peix-xc.whads.com\/ca\/avis-legal\/","title":{"rendered":"Av\u00eds legal"},"content":{"rendered":"<section id=\"whads-textimage-gblock-block_1fa4f06ea356798614ee88595d82876d\" class=\"whads-textimage-gblock whads-gblock alignwide\" data-layout=\"text-9\"><div class=\"whads-textimage-gblock__inner whads-animation whads-animation__fade-in-up-subtle\"><div class=\"whads-textimage-gblock__text__wrapper\"><div class=\"whads-textimage-gblock__text__inner\"><div class=\"whads-textimage-gblock__text\"><p>El titular d&#8217;aquest lloc web \u00e9s:<\/p>\n<p><strong>Peixos Ripoll Estera<\/strong><br \/>\nParades 789, 790 i 791<br \/>\nMercat de la Boqueria<br \/>\n08001 Barcelona<br \/>\nT. 93 855 33 24 \/ 93 301 56 88<br \/>\ninfo@peix.cat<br \/>\nNIF: 37334627S<\/p>\n<h3>Utilitzaci\u00f3 i funcionament del web<\/h3>\n<p>L\u2019usuari es compromet a fer un \u00fas diligent del web, aix\u00ed com de la informaci\u00f3 que s\u2019hi inclou, amb total subjecci\u00f3 a la normativa aplicable, a l\u2019Av\u00eds Legal i a la resta de termes i condicions que s\u2019incloguin al web.<\/p>\n<p>Igualment, l\u2019usuari es compromet a no realitzar cap acte amb objecte de danyar, inutilitzar o sobrecarregar el web, o que impedeixi, de qualsevol forma, la normal utilitzaci\u00f3 i funcionament del mateix.<\/p>\n<p>En el sup\u00f2sit que s\u2019incompleixi l\u2019Av\u00eds Legal o la resta de termes i condicions del web, el titular es reserva el dret de limitar, suspendre i terminar l\u2019acc\u00e9s al web, adoptant qualsevol mesura t\u00e8cnica que sigui necess\u00e0ria.<\/p>\n<p>El titular fa els millors esfor\u00e7os per mantenir el web en bon funcionament, evitant errors o, en el seu cas, reparant-los i mantenint els continguts del web degudament actualitzats. No obstant aix\u00f2, el titular no garanteix la disponibilitat i continu\u00eftat en l\u2019acc\u00e9s al web ni la inexist\u00e8ncia d\u2019errors en els seus continguts, aix\u00ed com tampoc que aquests darrers siguin oportunament actualitzats.<\/p>\n<h3>Responsabilitat<\/h3>\n<p>Tant l\u2019acc\u00e9s al web com l\u2019\u00fas que pugui fer-se de qualsevol informaci\u00f3 que contingui es realitzen sota la responsabilitat exclusiva de l\u2019usuari.<\/p>\n<p>En el sup\u00f2sit que es facin donacions o compres, l\u2019usuari tamb\u00e9 ser\u00e0 responsable de con\u00e8ixer les caracter\u00edstiques, costos i \u00fas del m\u00e8tode de pagament, aix\u00ed com de tenir suficient saldo per poder realitzar l\u2019operaci\u00f3.<\/p>\n<p>El titular no es responsabilitza de cap dany o perjudici que es pugui derivar, directament o indirecta, de l\u2019acc\u00e9s o \u00fas de la informaci\u00f3 continguda al web, incloent els produ\u00efts en els sistemes inform\u00e0tics o els provocats per la introducci\u00f3 de virus o atacs inform\u00e0tics. Tampoc ser\u00e0 responsable dels danys que puguin patir els usuaris per un \u00fas inadequat del web ni de les caigudes, interrupcions, abs\u00e8ncia o defecte en les comunicacions i\/o Internet.<\/p>\n<p>Addicionalment, el titular no es fa responsable de cap dany o perjudici en el software o hardware de l\u2019usuari que es derivi de l\u2019acc\u00e9s o \u00fas del web.<\/p>\n<p>L\u2019usuari respondr\u00e0 dels danys i perjudicis que el titular pugui patir com a conseq\u00fc\u00e8ncia de l\u2019incompliment de qualsevol de les obligacions a qu\u00e8 quedi sotm\u00e8s en virtut de l\u2019Av\u00eds Legal, de la legislaci\u00f3 aplicable i\/o de la resta de pol\u00edtiques del web.<\/p>\n<h3>Propietat Industrial i Intel\u00b7lectual<\/h3>\n<p>Tots els drets de propietat intel\u00b7lectual sobre els dissenys, bases de dades, programaci\u00f3, els elements que integren el web (textos, gr\u00e0fics, fotografies, v\u00eddeos, gravacions sonores, combinacions de colors, continguts, etc), aix\u00ed com l\u2019estructura, selecci\u00f3 i ordre, s\u00f3n propietat del titular o dels seus leg\u00edtims llicenciants.<\/p>\n<p>L\u2019\u00fas del web no suposa la cessi\u00f3 de cap dret de propietat intel\u00b7lectual i\/o industrial sobre el web i els seus continguts.<\/p>\n<p>Queda expressament prohibida la reproducci\u00f3, transformaci\u00f3, distribuci\u00f3, comunicaci\u00f3 p\u00fablica, posada a disposici\u00f3, extracci\u00f3 o qualsevol altra forma de difusi\u00f3 no autoritzades expressament del web, els seus continguts o els signes distintius del titular.<\/p>\n<p>La utilitzaci\u00f3 no autoritzada dels continguts, aix\u00ed com els perjudicis ocasionats en els drets de propietat intel\u00b7lectual i industrial del titular, podran donar lloc a l\u2019exercici de les accions que legalment li corresponguin, i a les responsabilitats que, en el seu cas, se&#8217;n derivin.<\/p>\n<\/div><\/div><\/div><\/div><\/section>","protected":false},"excerpt":{"rendered":"","protected":false},"author":1,"featured_media":0,"parent":0,"menu_order":0,"comment_status":"closed","ping_status":"closed","template":"","meta":{"_acf_changed":false,"footnotes":""},"class_list":["post-1124","page","type-page","status-publish","hentry"],"acf":[],"yoast_head":"<!-- This site is optimized with the Yoast SEO plugin v26.8 - https:\/\/yoast.com\/product\/yoast-seo-wordpress\/ -->\n<title>Av\u00eds legal | Peix.cat - Peixateria online Boqueria<\/title>\n<meta name=\"description\" content=\"Compra el millor peix i marisc online del Mercat de la Boqueria de Barcelona. T\u2019ho portem gratis i\u00a0 envasat al buit en 24 o 48 hores.\" \/>\n<meta name=\"robots\" content=\"index, follow, max-snippet:-1, max-image-preview:large, max-video-preview:-1\" \/>\n<link rel=\"canonical\" href=\"https:\/\/peix-xc.whads.com\/ca\/avis-legal\/\" \/>\n<meta property=\"og:locale\" content=\"ca_ES\" \/>\n<meta property=\"og:type\" content=\"article\" \/>\n<meta property=\"og:title\" content=\"Av\u00eds legal | Peix.cat - Peixateria online Boqueria\" \/>\n<meta property=\"og:description\" content=\"Compra el millor peix i marisc online del Mercat de la Boqueria de Barcelona. T\u2019ho portem gratis i\u00a0 envasat al buit en 24 o 48 hores.\" \/>\n<meta property=\"og:url\" content=\"https:\/\/peix-xc.whads.com\/ca\/avis-legal\/\" \/>\n<meta property=\"og:site_name\" content=\"Peix.cat\" \/>\n<meta property=\"article:modified_time\" content=\"2025-03-14T09:33:11+00:00\" \/>\n<meta property=\"og:image\" content=\"https:\/\/peix-xc.whads.com\/wp-content\/uploads\/2025\/03\/peixcat.jpg\" \/>\n\t<meta property=\"og:image:width\" content=\"1200\" \/>\n\t<meta property=\"og:image:height\" content=\"675\" \/>\n\t<meta property=\"og:image:type\" content=\"image\/jpeg\" \/>\n<meta name=\"twitter:card\" content=\"summary_large_image\" \/>\n<script type=\"application\/ld+json\" class=\"yoast-schema-graph\">{\"@context\":\"https:\/\/schema.org\",\"@graph\":[{\"@type\":\"WebPage\",\"@id\":\"https:\/\/peix-xc.whads.com\/ca\/avis-legal\/\",\"url\":\"https:\/\/peix-xc.whads.com\/ca\/avis-legal\/\",\"name\":\"Av\u00eds legal | Peix.cat - Peixateria online Boqueria\",\"isPartOf\":{\"@id\":\"https:\/\/peix-xc.whads.com\/ca\/#website\"},\"datePublished\":\"2024-11-22T11:08:06+00:00\",\"dateModified\":\"2025-03-14T09:33:11+00:00\",\"description\":\"Compra el millor peix i marisc online del Mercat de la Boqueria de Barcelona. T\u2019ho portem gratis i\u00a0 envasat al buit en 24 o 48 hores.\",\"breadcrumb\":{\"@id\":\"https:\/\/peix-xc.whads.com\/ca\/avis-legal\/#breadcrumb\"},\"inLanguage\":\"ca\",\"potentialAction\":[{\"@type\":\"ReadAction\",\"target\":[\"https:\/\/peix-xc.whads.com\/ca\/avis-legal\/\"]}]},{\"@type\":\"BreadcrumbList\",\"@id\":\"https:\/\/peix-xc.whads.com\/ca\/avis-legal\/#breadcrumb\",\"itemListElement\":[{\"@type\":\"ListItem\",\"position\":1,\"name\":\"Home\",\"item\":\"https:\/\/peix-xc.whads.com\/ca\/\"},{\"@type\":\"ListItem\",\"position\":2,\"name\":\"Av\u00eds legal\"}]},{\"@type\":\"WebSite\",\"@id\":\"https:\/\/peix-xc.whads.com\/ca\/#website\",\"url\":\"https:\/\/peix-xc.whads.com\/ca\/\",\"name\":\"Peix.cat\",\"description\":\"Peixateria online Boqueria\",\"publisher\":{\"@id\":\"https:\/\/peix-xc.whads.com\/ca\/#organization\"},\"potentialAction\":[{\"@type\":\"SearchAction\",\"target\":{\"@type\":\"EntryPoint\",\"urlTemplate\":\"https:\/\/peix-xc.whads.com\/ca\/?s={search_term_string}\"},\"query-input\":{\"@type\":\"PropertyValueSpecification\",\"valueRequired\":true,\"valueName\":\"search_term_string\"}}],\"inLanguage\":\"ca\"},{\"@type\":\"Organization\",\"@id\":\"https:\/\/peix-xc.whads.com\/ca\/#organization\",\"name\":\"Peix.cat\",\"url\":\"https:\/\/peix-xc.whads.com\/ca\/\",\"logo\":{\"@type\":\"ImageObject\",\"inLanguage\":\"ca\",\"@id\":\"https:\/\/peix-xc.whads.com\/ca\/#\/schema\/logo\/image\/\",\"url\":\"https:\/\/peix-xc.whads.com\/wp-content\/uploads\/2024\/09\/cropped-peixcat_logo_small.png\",\"contentUrl\":\"https:\/\/peix-xc.whads.com\/wp-content\/uploads\/2024\/09\/cropped-peixcat_logo_small.png\",\"width\":300,\"height\":300,\"caption\":\"Peix.cat\"},\"image\":{\"@id\":\"https:\/\/peix-xc.whads.com\/ca\/#\/schema\/logo\/image\/\"},\"sameAs\":[\"https:\/\/www.instagram.com\/peix.cat\/\"]}]}<\/script>\n<!-- \/ Yoast SEO plugin. -->","yoast_head_json":{"title":"Av\u00eds legal | Peix.cat - Peixateria online Boqueria","description":"Compra el millor peix i marisc online del Mercat de la Boqueria de Barcelona. T\u2019ho portem gratis i\u00a0 envasat al buit en 24 o 48 hores.","robots":{"index":"index","follow":"follow","max-snippet":"max-snippet:-1","max-image-preview":"max-image-preview:large","max-video-preview":"max-video-preview:-1"},"canonical":"https:\/\/peix-xc.whads.com\/ca\/avis-legal\/","og_locale":"ca_ES","og_type":"article","og_title":"Av\u00eds legal | Peix.cat - Peixateria online Boqueria","og_description":"Compra el millor peix i marisc online del Mercat de la Boqueria de Barcelona. T\u2019ho portem gratis i\u00a0 envasat al buit en 24 o 48 hores.","og_url":"https:\/\/peix-xc.whads.com\/ca\/avis-legal\/","og_site_name":"Peix.cat","article_modified_time":"2025-03-14T09:33:11+00:00","og_image":[{"width":1200,"height":675,"url":"https:\/\/peix-xc.whads.com\/wp-content\/uploads\/2025\/03\/peixcat.jpg","type":"image\/jpeg"}],"twitter_card":"summary_large_image","schema":{"@context":"https:\/\/schema.org","@graph":[{"@type":"WebPage","@id":"https:\/\/peix-xc.whads.com\/ca\/avis-legal\/","url":"https:\/\/peix-xc.whads.com\/ca\/avis-legal\/","name":"Av\u00eds legal | Peix.cat - Peixateria online Boqueria","isPartOf":{"@id":"https:\/\/peix-xc.whads.com\/ca\/#website"},"datePublished":"2024-11-22T11:08:06+00:00","dateModified":"2025-03-14T09:33:11+00:00","description":"Compra el millor peix i marisc online del Mercat de la Boqueria de Barcelona. T\u2019ho portem gratis i\u00a0 envasat al buit en 24 o 48 hores.","breadcrumb":{"@id":"https:\/\/peix-xc.whads.com\/ca\/avis-legal\/#breadcrumb"},"inLanguage":"ca","potentialAction":[{"@type":"ReadAction","target":["https:\/\/peix-xc.whads.com\/ca\/avis-legal\/"]}]},{"@type":"BreadcrumbList","@id":"https:\/\/peix-xc.whads.com\/ca\/avis-legal\/#breadcrumb","itemListElement":[{"@type":"ListItem","position":1,"name":"Home","item":"https:\/\/peix-xc.whads.com\/ca\/"},{"@type":"ListItem","position":2,"name":"Av\u00eds legal"}]},{"@type":"WebSite","@id":"https:\/\/peix-xc.whads.com\/ca\/#website","url":"https:\/\/peix-xc.whads.com\/ca\/","name":"Peix.cat","description":"Peixateria online Boqueria","publisher":{"@id":"https:\/\/peix-xc.whads.com\/ca\/#organization"},"potentialAction":[{"@type":"SearchAction","target":{"@type":"EntryPoint","urlTemplate":"https:\/\/peix-xc.whads.com\/ca\/?s={search_term_string}"},"query-input":{"@type":"PropertyValueSpecification","valueRequired":true,"valueName":"search_term_string"}}],"inLanguage":"ca"},{"@type":"Organization","@id":"https:\/\/peix-xc.whads.com\/ca\/#organization","name":"Peix.cat","url":"https:\/\/peix-xc.whads.com\/ca\/","logo":{"@type":"ImageObject","inLanguage":"ca","@id":"https:\/\/peix-xc.whads.com\/ca\/#\/schema\/logo\/image\/","url":"https:\/\/peix-xc.whads.com\/wp-content\/uploads\/2024\/09\/cropped-peixcat_logo_small.png","contentUrl":"https:\/\/peix-xc.whads.com\/wp-content\/uploads\/2024\/09\/cropped-peixcat_logo_small.png","width":300,"height":300,"caption":"Peix.cat"},"image":{"@id":"https:\/\/peix-xc.whads.com\/ca\/#\/schema\/logo\/image\/"},"sameAs":["https:\/\/www.instagram.com\/peix.cat\/"]}]}},"_links":{"self":[{"href":"https:\/\/peix-xc.whads.com\/ca\/wp-json\/wp\/v2\/pages\/1124","targetHints":{"allow":["GET"]}}],"collection":[{"href":"https:\/\/peix-xc.whads.com\/ca\/wp-json\/wp\/v2\/pages"}],"about":[{"href":"https:\/\/peix-xc.whads.com\/ca\/wp-json\/wp\/v2\/types\/page"}],"author":[{"embeddable":true,"href":"https:\/\/peix-xc.whads.com\/ca\/wp-json\/wp\/v2\/users\/1"}],"replies":[{"embeddable":true,"href":"https:\/\/peix-xc.whads.com\/ca\/wp-json\/wp\/v2\/comments?post=1124"}],"version-history":[{"count":2,"href":"https:\/\/peix-xc.whads.com\/ca\/wp-json\/wp\/v2\/pages\/1124\/revisions"}],"predecessor-version":[{"id":1126,"href":"https:\/\/peix-xc.whads.com\/ca\/wp-json\/wp\/v2\/pages\/1124\/revisions\/1126"}],"wp:attachment":[{"href":"https:\/\/peix-xc.whads.com\/ca\/wp-json\/wp\/v2\/media?parent=1124"}],"curies":[{"name":"wp","href":"https:\/\/api.w.org\/{rel}","templated":true}]}}